{"id":20223,"date":"2019-01-23T10:30:00","date_gmt":"2019-01-23T09:30:00","guid":{"rendered":"http:\/\/lesaffresweden.kinsta.cloud\/?page_id=20223"},"modified":"2020-01-30T21:13:45","modified_gmt":"2020-01-30T20:13:45","slug":"vetenskap","status":"publish","type":"page","link":"https:\/\/lesaffre.se\/sv\/teknisk-radgivning\/vetenskap\/","title":{"rendered":"Vetenskap"},"content":{"rendered":"<div class=\"wpb-content-wrapper\"><p>[vc_row css_animation=&#8221;&#8221; row_type=&#8221;row&#8221; use_row_as_full_screen_section=&#8221;no&#8221; type=&#8221;full_width&#8221; angled_section=&#8221;no&#8221; text_align=&#8221;left&#8221; background_image=&#8221;18979&#8243; background_image_as_pattern=&#8221;without_pattern&#8221; el_class=&#8221;mobile_height&#8221; z_index=&#8221;&#8221;][vc_column][vc_separator type=&#8221;transparent&#8221; up=&#8221;150&#8243; down=&#8221;150&#8243;][\/vc_column][\/vc_row][vc_row css_animation=&#8221;element_from_bottom&#8221; row_type=&#8221;row&#8221; use_row_as_full_screen_section=&#8221;no&#8221; type=&#8221;grid&#8221; angled_section=&#8221;no&#8221; text_align=&#8221;left&#8221; background_image_as_pattern=&#8221;without_pattern&#8221; el_class=&#8221;paddingOn&#8221; z_index=&#8221;&#8221;][vc_column][vc_column_text]<\/p>\n<h2>F\u00e5 maximal garanti f\u00f6r kvalitet<\/h2>\n<p>[\/vc_column_text][vc_separator type=&#8221;transparent&#8221;][vc_column_text]V\u00e5r l\u00e5nga erfarenhet av bakningsprocesser med j\u00e4st och surdeg har givit oss insikten vad som kr\u00e4vs f\u00f6r att uppn\u00e5 maximal kvalitetsgaranti i en produkt. Vi genomf\u00f6r specifika tekniska l\u00f6sningar till varje kunds individuella produktionsprocess.<\/p>\n<p>Lesaffre kan \u00e4ven erbjuda anl\u00e4ggningar till j\u00e4st och deg som motsvarar ett nytt koncept av modernt bageri d\u00e4r teknik och bakverkstradition g\u00e5r hand i hand. I och med att vi v\u00e4rderar kvaliteten p\u00e5 v\u00e5ra produkter med livsmedelshygien och s\u00e4kerhet, erbjuder vi p\u00e5 Lesaffre en tj\u00e4nst som innefattar utformningen av installationen av system f\u00f6r dosering av j\u00e4st och \/ eller flytande deg i sitt eget arbetsrum, samt en kundservice.[\/vc_column_text][\/vc_column][\/vc_row][vc_row css_animation=&#8221;element_from_left&#8221; row_type=&#8221;row&#8221; use_row_as_full_screen_section=&#8221;no&#8221; type=&#8221;grid&#8221; angled_section=&#8221;no&#8221; text_align=&#8221;left&#8221; background_image_as_pattern=&#8221;without_pattern&#8221; background_color=&#8221;#a69576&#8243; padding_top=&#8221;100&#8243; padding_bottom=&#8221;100&#8243; z_index=&#8221;&#8221;][vc_column width=&#8221;1\/3&#8243;][vc_column_text]<span data-type=\"circle\"   class=\"qode_icon_shortcode fa-stack q_font_awsome_icon_stack fa-5x pull-center q_icon_animation\" style=\" \"><i class=\"fa fa-circle fa-stack-base fa-stack-2x\" style=\"\"><\/i><i class=\"qode_icon_font_awesome fa fa-check-square qode_icon_element fa-stack-1x\" style=\"color: #ffffff;\" ><\/i><\/span>[\/vc_column_text][\/vc_column][vc_column width=&#8221;2\/3&#8243;][vc_column_text css=&#8221;.vc_custom_1548235736540{margin-top: 15px !important;}&#8221;]<\/p>\n<h2 style=\"color: #ffffff;\">F\u00f6rdelar<\/h2>\n<p>&nbsp;<\/p>\n<p style=\"color: #ffffff;\"><strong>Konsekvent kvalitet \u2013 Tidsbesparing \u2013 Kostnadskontroll \u2013 Anv\u00e4ndarv\u00e4nlighet, \u00e4ttre inf\u00f6rlivande av produkten i degen \u2013 Noggrannhet i dosering \u2013 Hygien \u2013 Sp\u00e5rbarhet<\/strong><\/p>\n<p>[\/vc_column_text][\/vc_column][\/vc_row][vc_row css_animation=&#8221;element_from_right&#8221; row_type=&#8221;row&#8221; use_row_as_full_screen_section=&#8221;no&#8221; type=&#8221;grid&#8221; angled_section=&#8221;no&#8221; text_align=&#8221;left&#8221; background_image_as_pattern=&#8221;without_pattern&#8221; padding_top=&#8221;100&#8243; padding_bottom=&#8221;100&#8243; z_index=&#8221;&#8221;][vc_column width=&#8221;1\/3&#8243;][vc_column_text]<span data-type=\"circle\"   class=\"qode_icon_shortcode fa-stack q_font_awsome_icon_stack fa-5x pull-center q_icon_animation\" style=\" \"><i class=\"fa fa-circle fa-stack-base fa-stack-2x\" style=\"\"><\/i><i class=\"qode_icon_font_awesome fa fa-handshake-o qode_icon_element fa-stack-1x\" style=\"\" ><\/i><\/span>[\/vc_column_text][\/vc_column][vc_column width=&#8221;2\/3&#8243;][vc_column_text css=&#8221;.vc_custom_1548235763680{margin-top: 15px !important;}&#8221;]<\/p>\n<h2>Total \u00f6versikt<\/h2>\n<p>&nbsp;<\/p>\n<p>F\u00f6rhandsanalys av kundens behov &#8211; Studie med m\u00f6jliga leverant\u00f6rer enligt krav &#8211; Analys av nuvarande situation f\u00f6r att definiera detaljer om produktion, kvalitet, logistik, ekonomi etc. &#8211; Presentation av projektet och planering av arbetsstart &#8211; Kundens acceptans &#8211; Uppf\u00f6ljning och hantering av installationsprocessen f\u00f6r att uppfylla planeringsbriefen &#8211; Utbildning och slutleverans &#8211; Operativ \u00f6vervakning av den p\u00e5g\u00e5ende installationen[\/vc_column_text][\/vc_column][\/vc_row][vc_row css_animation=&#8221;element_from_left&#8221; row_type=&#8221;row&#8221; use_row_as_full_screen_section=&#8221;no&#8221; type=&#8221;grid&#8221; angled_section=&#8221;no&#8221; text_align=&#8221;left&#8221; background_image_as_pattern=&#8221;without_pattern&#8221; background_color=&#8221;#8f2746&#8243; padding_top=&#8221;100&#8243; padding_bottom=&#8221;100&#8243; z_index=&#8221;&#8221;][vc_column width=&#8221;1\/3&#8243;][vc_column_text]<span data-type=\"circle\"   class=\"qode_icon_shortcode fa-stack q_font_awsome_icon_stack fa-5x pull-center q_icon_animation\" style=\" \"><i class=\"fa fa-circle fa-stack-base fa-stack-2x\" style=\"\"><\/i><i class=\"qode_icon_font_awesome fa fa-wrench qode_icon_element fa-stack-1x\" style=\"\" ><\/i><\/span>[\/vc_column_text][\/vc_column][vc_column width=&#8221;2\/3&#8243;][vc_column_text css=&#8221;.vc_custom_1548235787120{margin-top: 15px !important;}&#8221;]<\/p>\n<h2 style=\"color: #ffffff;\">Tj\u00e4nster efter f\u00f6rs\u00e4ljning<\/h2>\n<p>&nbsp;<\/p>\n<p style=\"color: #ffffff;\"><strong>R\u00e5d om underh\u00e5ll- Kontinuerlig och specific utbildning f\u00f6r varje avdelning \u2013Revisioner (studier av anl\u00e4ggningar i drift, f\u00f6rslag p\u00e5 utveckling av m\u00f6jliga f\u00f6rb\u00e4ttringar eller nya krav<\/strong><\/p>\n<p>[\/vc_column_text][\/vc_column][\/vc_row][vc_row css_animation=&#8221;element_from_bottom&#8221; row_type=&#8221;row&#8221; use_row_as_full_screen_section=&#8221;no&#8221; type=&#8221;full_width&#8221; angled_section=&#8221;no&#8221; text_align=&#8221;center&#8221; background_image_as_pattern=&#8221;without_pattern&#8221; background_color=&#8221;#e0e0e0&#8243; z_index=&#8221;&#8221;][vc_column][vc_column_text]<\/p>\n<h2>Kontakt<\/h2>\n<p>&nbsp;<\/p>\n<p>Fr\u00e5ga p\u00e5 v\u00e5ra produkter och servicetj\u00e4nster? Kontakta g\u00e4rna oss!<\/p>\n<p>[\/vc_column_text]<a  itemprop=\"url\" href=\"\/sv\/kontakt\/\" target=\"_self\"  class=\"qbutton  default\" style=\"\">Kontakta oss<\/a>[\/vc_column][\/vc_row]<\/p>\n<\/div>","protected":false},"excerpt":{"rendered":"<p>[vc_row css_animation=&#8221;&#8221; row_type=&#8221;row&#8221; use_row_as_full_screen_section=&#8221;no&#8221; type=&#8221;full_width&#8221; angled_section=&#8221;no&#8221; text_align=&#8221;left&#8221; background_image=&#8221;18979&#8243; background_image_as_pattern=&#8221;without_pattern&#8221; el_class=&#8221;mobile_height&#8221; z_index=&#8221;&#8221;][vc_column][vc_separator type=&#8221;transparent&#8221; up=&#8221;150&#8243; down=&#8221;150&#8243;][\/vc_column][\/vc_row][vc_row css_animation=&#8221;element_from_bottom&#8221; row_type=&#8221;row&#8221; use_row_as_full_screen_section=&#8221;no&#8221; type=&#8221;grid&#8221; angled_section=&#8221;no&#8221; text_align=&#8221;left&#8221; background_image_as_pattern=&#8221;without_pattern&#8221; el_class=&#8221;paddingOn&#8221; z_index=&#8221;&#8221;][vc_column][vc_column_text] F\u00e5 maximal garanti f\u00f6r kvalitet [\/vc_column_text][vc_separator type=&#8221;transparent&#8221;][vc_column_text]V\u00e5r l\u00e5nga erfarenhet av bakningsprocesser med j\u00e4st och surdeg har givit oss insikten vad som kr\u00e4vs&#8230;<\/p>\n","protected":false},"author":3,"featured_media":0,"parent":19218,"menu_order":1,"comment_status":"closed","ping_status":"closed","template":"full_width.php","meta":{"footnotes":""},"class_list":["post-20223","page","type-page","status-publish","hentry"],"yoast_head":"<!-- This site is optimized with the Yoast SEO Premium plugin v22.3 (Yoast SEO v27.4) - https:\/\/yoast.com\/product\/yoast-seo-premium-wordpress\/ -->\n<title>Vetenskap &#8226; Lesaffre Nordic<\/title>\n<meta name=\"robots\" content=\"index, follow, max-snippet:-1, max-image-preview:large, max-video-preview:-1\" \/>\n<link rel=\"canonical\" href=\"https:\/\/lesaffre.se\/sv\/teknisk-radgivning\/vetenskap\/\" \/>\n<meta property=\"og:locale\" content=\"sv_SE\" \/>\n<meta property=\"og:type\" content=\"article\" \/>\n<meta property=\"og:title\" content=\"Vetenskap\" \/>\n<meta property=\"og:description\" content=\"[vc_row css_animation=&#8221;&#8221; row_type=&#8221;row&#8221; use_row_as_full_screen_section=&#8221;no&#8221; type=&#8221;full_width&#8221; angled_section=&#8221;no&#8221; text_align=&#8221;left&#8221; background_image=&#8221;18979&#8243; background_image_as_pattern=&#8221;without_pattern&#8221; el_class=&#8221;mobile_height&#8221; z_index=&#8221;&#8221;][vc_column][vc_separator type=&#8221;transparent&#8221; up=&#8221;150&#8243; down=&#8221;150&#8243;][\/vc_column][\/vc_row][vc_row css_animation=&#8221;element_from_bottom&#8221; row_type=&#8221;row&#8221; use_row_as_full_screen_section=&#8221;no&#8221; type=&#8221;grid&#8221; angled_section=&#8221;no&#8221; text_align=&#8221;left&#8221; background_image_as_pattern=&#8221;without_pattern&#8221; el_class=&#8221;paddingOn&#8221; z_index=&#8221;&#8221;][vc_column][vc_column_text] F\u00e5 maximal garanti f\u00f6r kvalitet [\/vc_column_text][vc_separator type=&#8221;transparent&#8221;][vc_column_text]V\u00e5r l\u00e5nga erfarenhet av bakningsprocesser med j\u00e4st och surdeg har givit oss insikten vad som kr\u00e4vs...\" \/>\n<meta property=\"og:url\" content=\"https:\/\/lesaffre.se\/sv\/teknisk-radgivning\/vetenskap\/\" \/>\n<meta property=\"og:site_name\" content=\"Lesaffre Nordic\" \/>\n<meta property=\"article:publisher\" content=\"https:\/\/www.facebook.com\/Lesaffre-Nordic-AB-308037732561952\/\" \/>\n<meta property=\"article:modified_time\" content=\"2020-01-30T20:13:45+00:00\" \/>\n<meta name=\"twitter:card\" content=\"summary_large_image\" \/>\n<meta name=\"twitter:label1\" content=\"Ber\u00e4knad l\u00e4stid\" \/>\n\t<meta name=\"twitter:data1\" content=\"4 minuter\" \/>\n<script type=\"application\/ld+json\" class=\"yoast-schema-graph\">{\"@context\":\"https:\\\/\\\/schema.org\",\"@graph\":[{\"@type\":\"WebPage\",\"@id\":\"https:\\\/\\\/lesaffre.se\\\/sv\\\/teknisk-radgivning\\\/vetenskap\\\/\",\"url\":\"https:\\\/\\\/lesaffre.se\\\/sv\\\/teknisk-radgivning\\\/vetenskap\\\/\",\"name\":\"Vetenskap &#8226; Lesaffre Nordic\",\"isPartOf\":{\"@id\":\"https:\\\/\\\/lesaffre.se\\\/sv\\\/#website\"},\"datePublished\":\"2019-01-23T09:30:00+00:00\",\"dateModified\":\"2020-01-30T20:13:45+00:00\",\"breadcrumb\":{\"@id\":\"https:\\\/\\\/lesaffre.se\\\/sv\\\/teknisk-radgivning\\\/vetenskap\\\/#breadcrumb\"},\"inLanguage\":\"sv-SE\",\"potentialAction\":[{\"@type\":\"ReadAction\",\"target\":[\"https:\\\/\\\/lesaffre.se\\\/sv\\\/teknisk-radgivning\\\/vetenskap\\\/\"]}]},{\"@type\":\"BreadcrumbList\",\"@id\":\"https:\\\/\\\/lesaffre.se\\\/sv\\\/teknisk-radgivning\\\/vetenskap\\\/#breadcrumb\",\"itemListElement\":[{\"@type\":\"ListItem\",\"position\":1,\"name\":\"Home\",\"item\":\"https:\\\/\\\/lesaffre.se\\\/sv\\\/\"},{\"@type\":\"ListItem\",\"position\":2,\"name\":\"Teknisk r\u00e5dgivning\",\"item\":\"https:\\\/\\\/lesaffre.se\\\/sv\\\/teknisk-radgivning\\\/\"},{\"@type\":\"ListItem\",\"position\":3,\"name\":\"Vetenskap\"}]},{\"@type\":\"WebSite\",\"@id\":\"https:\\\/\\\/lesaffre.se\\\/sv\\\/#website\",\"url\":\"https:\\\/\\\/lesaffre.se\\\/sv\\\/\",\"name\":\"Lesaffre Nordic AB\",\"description\":\"Innovative Solutions For The Baking Industry\",\"publisher\":{\"@id\":\"https:\\\/\\\/lesaffre.se\\\/sv\\\/#organization\"},\"potentialAction\":[{\"@type\":\"SearchAction\",\"target\":{\"@type\":\"EntryPoint\",\"urlTemplate\":\"https:\\\/\\\/lesaffre.se\\\/sv\\\/?s={search_term_string}\"},\"query-input\":{\"@type\":\"PropertyValueSpecification\",\"valueRequired\":true,\"valueName\":\"search_term_string\"}}],\"inLanguage\":\"sv-SE\"},{\"@type\":\"Organization\",\"@id\":\"https:\\\/\\\/lesaffre.se\\\/sv\\\/#organization\",\"name\":\"Lesaffre Nordic AB\",\"url\":\"https:\\\/\\\/lesaffre.se\\\/sv\\\/\",\"logo\":{\"@type\":\"ImageObject\",\"inLanguage\":\"sv-SE\",\"@id\":\"https:\\\/\\\/lesaffre.se\\\/sv\\\/#\\\/schema\\\/logo\\\/image\\\/\",\"url\":\"https:\\\/\\\/lesaffre.se\\\/wp-content\\\/uploads\\\/2016\\\/04\\\/logo.png\",\"contentUrl\":\"https:\\\/\\\/lesaffre.se\\\/wp-content\\\/uploads\\\/2016\\\/04\\\/logo.png\",\"width\":112,\"height\":69,\"caption\":\"Lesaffre Nordic AB\"},\"image\":{\"@id\":\"https:\\\/\\\/lesaffre.se\\\/sv\\\/#\\\/schema\\\/logo\\\/image\\\/\"},\"sameAs\":[\"https:\\\/\\\/www.facebook.com\\\/Lesaffre-Nordic-AB-308037732561952\\\/\"]}]}<\/script>\n<!-- \/ Yoast SEO Premium plugin. -->","yoast_head_json":{"title":"Vetenskap &#8226; Lesaffre Nordic","robots":{"index":"index","follow":"follow","max-snippet":"max-snippet:-1","max-image-preview":"max-image-preview:large","max-video-preview":"max-video-preview:-1"},"canonical":"https:\/\/lesaffre.se\/sv\/teknisk-radgivning\/vetenskap\/","og_locale":"sv_SE","og_type":"article","og_title":"Vetenskap","og_description":"[vc_row css_animation=&#8221;&#8221; row_type=&#8221;row&#8221; use_row_as_full_screen_section=&#8221;no&#8221; type=&#8221;full_width&#8221; angled_section=&#8221;no&#8221; text_align=&#8221;left&#8221; background_image=&#8221;18979&#8243; background_image_as_pattern=&#8221;without_pattern&#8221; el_class=&#8221;mobile_height&#8221; z_index=&#8221;&#8221;][vc_column][vc_separator type=&#8221;transparent&#8221; up=&#8221;150&#8243; down=&#8221;150&#8243;][\/vc_column][\/vc_row][vc_row css_animation=&#8221;element_from_bottom&#8221; row_type=&#8221;row&#8221; use_row_as_full_screen_section=&#8221;no&#8221; type=&#8221;grid&#8221; angled_section=&#8221;no&#8221; text_align=&#8221;left&#8221; background_image_as_pattern=&#8221;without_pattern&#8221; el_class=&#8221;paddingOn&#8221; z_index=&#8221;&#8221;][vc_column][vc_column_text] F\u00e5 maximal garanti f\u00f6r kvalitet [\/vc_column_text][vc_separator type=&#8221;transparent&#8221;][vc_column_text]V\u00e5r l\u00e5nga erfarenhet av bakningsprocesser med j\u00e4st och surdeg har givit oss insikten vad som kr\u00e4vs...","og_url":"https:\/\/lesaffre.se\/sv\/teknisk-radgivning\/vetenskap\/","og_site_name":"Lesaffre Nordic","article_publisher":"https:\/\/www.facebook.com\/Lesaffre-Nordic-AB-308037732561952\/","article_modified_time":"2020-01-30T20:13:45+00:00","twitter_card":"summary_large_image","twitter_misc":{"Ber\u00e4knad l\u00e4stid":"4 minuter"},"schema":{"@context":"https:\/\/schema.org","@graph":[{"@type":"WebPage","@id":"https:\/\/lesaffre.se\/sv\/teknisk-radgivning\/vetenskap\/","url":"https:\/\/lesaffre.se\/sv\/teknisk-radgivning\/vetenskap\/","name":"Vetenskap &#8226; Lesaffre Nordic","isPartOf":{"@id":"https:\/\/lesaffre.se\/sv\/#website"},"datePublished":"2019-01-23T09:30:00+00:00","dateModified":"2020-01-30T20:13:45+00:00","breadcrumb":{"@id":"https:\/\/lesaffre.se\/sv\/teknisk-radgivning\/vetenskap\/#breadcrumb"},"inLanguage":"sv-SE","potentialAction":[{"@type":"ReadAction","target":["https:\/\/lesaffre.se\/sv\/teknisk-radgivning\/vetenskap\/"]}]},{"@type":"BreadcrumbList","@id":"https:\/\/lesaffre.se\/sv\/teknisk-radgivning\/vetenskap\/#breadcrumb","itemListElement":[{"@type":"ListItem","position":1,"name":"Home","item":"https:\/\/lesaffre.se\/sv\/"},{"@type":"ListItem","position":2,"name":"Teknisk r\u00e5dgivning","item":"https:\/\/lesaffre.se\/sv\/teknisk-radgivning\/"},{"@type":"ListItem","position":3,"name":"Vetenskap"}]},{"@type":"WebSite","@id":"https:\/\/lesaffre.se\/sv\/#website","url":"https:\/\/lesaffre.se\/sv\/","name":"Lesaffre Nordic AB","description":"Innovative Solutions For The Baking Industry","publisher":{"@id":"https:\/\/lesaffre.se\/sv\/#organization"},"potentialAction":[{"@type":"SearchAction","target":{"@type":"EntryPoint","urlTemplate":"https:\/\/lesaffre.se\/sv\/?s={search_term_string}"},"query-input":{"@type":"PropertyValueSpecification","valueRequired":true,"valueName":"search_term_string"}}],"inLanguage":"sv-SE"},{"@type":"Organization","@id":"https:\/\/lesaffre.se\/sv\/#organization","name":"Lesaffre Nordic AB","url":"https:\/\/lesaffre.se\/sv\/","logo":{"@type":"ImageObject","inLanguage":"sv-SE","@id":"https:\/\/lesaffre.se\/sv\/#\/schema\/logo\/image\/","url":"https:\/\/lesaffre.se\/wp-content\/uploads\/2016\/04\/logo.png","contentUrl":"https:\/\/lesaffre.se\/wp-content\/uploads\/2016\/04\/logo.png","width":112,"height":69,"caption":"Lesaffre Nordic AB"},"image":{"@id":"https:\/\/lesaffre.se\/sv\/#\/schema\/logo\/image\/"},"sameAs":["https:\/\/www.facebook.com\/Lesaffre-Nordic-AB-308037732561952\/"]}]}},"_links":{"self":[{"href":"https:\/\/lesaffre.se\/sv\/wp-json\/wp\/v2\/pages\/20223","targetHints":{"allow":["GET"]}}],"collection":[{"href":"https:\/\/lesaffre.se\/sv\/wp-json\/wp\/v2\/pages"}],"about":[{"href":"https:\/\/lesaffre.se\/sv\/wp-json\/wp\/v2\/types\/page"}],"author":[{"embeddable":true,"href":"https:\/\/lesaffre.se\/sv\/wp-json\/wp\/v2\/users\/3"}],"replies":[{"embeddable":true,"href":"https:\/\/lesaffre.se\/sv\/wp-json\/wp\/v2\/comments?post=20223"}],"version-history":[{"count":0,"href":"https:\/\/lesaffre.se\/sv\/wp-json\/wp\/v2\/pages\/20223\/revisions"}],"up":[{"embeddable":true,"href":"https:\/\/lesaffre.se\/sv\/wp-json\/wp\/v2\/pages\/19218"}],"wp:attachment":[{"href":"https:\/\/lesaffre.se\/sv\/wp-json\/wp\/v2\/media?parent=20223"}],"curies":[{"name":"wp","href":"https:\/\/api.w.org\/{rel}","templated":true}]}}