{"id":19830,"date":"2016-05-18T09:00:43","date_gmt":"2016-05-18T08:00:43","guid":{"rendered":"http:\/\/lesaffresweden.kinsta.cloud\/?page_id=19830"},"modified":"2019-04-11T09:57:44","modified_gmt":"2019-04-11T08:57:44","slug":"nyheter","status":"publish","type":"page","link":"https:\/\/lesaffre.se\/sv\/nyheter\/","title":{"rendered":"Nyheter"},"content":{"rendered":"<div class=\"wpb-content-wrapper\">\n<p>\n\n[vc_row css_animation=&#8221;&#8221; row_type=&#8221;row&#8221; use_row_as_full_screen_section=&#8221;yes&#8221; type=&#8221;grid&#8221; angled_section=&#8221;no&#8221; text_align=&#8221;left&#8221; background_image_as_pattern=&#8221;without_pattern&#8221; z_index=&#8221;&#8221;][vc_column]\n<div class='latest_post_holder boxes three_columns four_rows' >\n    <ul>\n    \n        <li class=\"clearfix\">\n            <div class=\"boxes_image\">\n                <a itemprop=\"url\" href=\"https:\/\/lesaffre.se\/sv\/recyclable_packaging\/\"><img fetchpriority=\"high\" decoding=\"async\" width=\"539\" height=\"303\" src=\"https:\/\/lesaffre.se\/wp-content\/uploads\/2025\/07\/LANDING-PAGE-e1753345375433-539x303.png\" class=\"attachment-latest_post_boxes size-latest_post_boxes wp-post-image\" alt=\"\" \/><\/a>\n            <\/div>\n            <div class=\"latest_post\"  >\n                <div class=\"latest_post_text\">\n                    <div class=\"latest_post_inner\">\n                        <div class=\"latest_post_text_inner\">\n                            <h2 itemprop=\"name\" class=\"latest_post_title entry_title\"><a itemprop=\"url\" href=\"https:\/\/lesaffre.se\/sv\/recyclable_packaging\/\">Lesaffre lanserar nya \u00e5tervinningsbara f\u00f6rpackningar p\u00e5 den nordiska marknaden<\/a><\/h2>\n                            <p itemprop=\"description\" class=\"excerpt\">Lesaffre introducerar \u00e5tervinningsbara f\u00f6rpackningar f\u00f6r sina bakf\u00f6rb\u00e4ttringsmedel, mixer, premix oc...<\/p>\n                            <span class=\"post_infos\">\n                                                                                                \n                                \n                                                            <\/span>\n                        <\/div>\n                    <\/div>\n                <\/div>\n            <\/div>\n        <\/li>\n    \n        <li class=\"clearfix\">\n            <div class=\"boxes_image\">\n                <a itemprop=\"url\" href=\"https:\/\/lesaffre.se\/sv\/tradizy\/\"><img decoding=\"async\" width=\"539\" height=\"303\" src=\"https:\/\/lesaffre.se\/wp-content\/uploads\/2025\/03\/Tradizy_Webpage-539x303.jpg\" class=\"attachment-latest_post_boxes size-latest_post_boxes wp-post-image\" alt=\"Tradizy Surdeg\" \/><\/a>\n            <\/div>\n            <div class=\"latest_post\"  >\n                <div class=\"latest_post_text\">\n                    <div class=\"latest_post_inner\">\n                        <div class=\"latest_post_text_inner\">\n                            <h2 itemprop=\"name\" class=\"latest_post_title entry_title\"><a itemprop=\"url\" href=\"https:\/\/lesaffre.se\/sv\/tradizy\/\">TRADIZY\u00ae: ALL-IN-ONE SURDEG<\/a><\/h2>\n                            <p itemprop=\"description\" class=\"excerpt\">BAKA SURDEGSBR\u00d6D ENKELT &amp; SMIDIGT F\u00f6r dig som \u00e4nnu inte \u00e4r bekant med surdeg, men vill komma ig\u00e5...<\/p>\n                            <span class=\"post_infos\">\n                                                                                                \n                                \n                                                            <\/span>\n                        <\/div>\n                    <\/div>\n                <\/div>\n            <\/div>\n        <\/li>\n    \n        <li class=\"clearfix\">\n            <div class=\"boxes_image\">\n                <a itemprop=\"url\" href=\"https:\/\/lesaffre.se\/sv\/vilken-roll-har-salt-i-brodbakningen\/\"><img decoding=\"async\" width=\"539\" height=\"303\" src=\"https:\/\/lesaffre.se\/wp-content\/uploads\/2023\/01\/37-Lesaffre2628-539x303.jpg\" class=\"attachment-latest_post_boxes size-latest_post_boxes wp-post-image\" alt=\"\" \/><\/a>\n            <\/div>\n            <div class=\"latest_post\"  >\n                <div class=\"latest_post_text\">\n                    <div class=\"latest_post_inner\">\n                        <div class=\"latest_post_text_inner\">\n                            <h2 itemprop=\"name\" class=\"latest_post_title entry_title\"><a itemprop=\"url\" href=\"https:\/\/lesaffre.se\/sv\/vilken-roll-har-salt-i-brodbakningen\/\">Vilken roll har salt i br\u00f6dbakningen?<\/a><\/h2>\n                            <p itemprop=\"description\" class=\"excerpt\">Vid br\u00f6dtillverkning \u00e4r salt en smakf\u00f6rst\u00e4rkare och en funktionell ingrediens, som p\u00e5verkar br\u00f6ddege...<\/p>\n                            <span class=\"post_infos\">\n                                                                                                \n                                \n                                                            <\/span>\n                        <\/div>\n                    <\/div>\n                <\/div>\n            <\/div>\n        <\/li>\n    \n        <li class=\"clearfix\">\n            <div class=\"boxes_image\">\n                <a itemprop=\"url\" href=\"https:\/\/lesaffre.se\/sv\/hur-uppfor-farsk-jast-i-olika-temperaturer\/\"><img loading=\"lazy\" decoding=\"async\" width=\"404\" height=\"303\" src=\"https:\/\/lesaffre.se\/wp-content\/uploads\/2022\/07\/Lesaffre_How_Is_Yeast_Made.jpg\" class=\"attachment-latest_post_boxes size-latest_post_boxes wp-post-image\" alt=\"\" \/><\/a>\n            <\/div>\n            <div class=\"latest_post\"  >\n                <div class=\"latest_post_text\">\n                    <div class=\"latest_post_inner\">\n                        <div class=\"latest_post_text_inner\">\n                            <h2 itemprop=\"name\" class=\"latest_post_title entry_title\"><a itemprop=\"url\" href=\"https:\/\/lesaffre.se\/sv\/hur-uppfor-farsk-jast-i-olika-temperaturer\/\">Hur uppf\u00f6r f\u00e4rsk j\u00e4st i olika temperaturer?<\/a><\/h2>\n                            <p itemprop=\"description\" class=\"excerpt\">J\u00e4stceller \u00e4r naturligt sk. kryo-resistenta och kan d\u00e4rf\u00f6r motst\u00e5 kalla temperaturer. De besitter en...<\/p>\n                            <span class=\"post_infos\">\n                                                                                                \n                                \n                                                            <\/span>\n                        <\/div>\n                    <\/div>\n                <\/div>\n            <\/div>\n        <\/li>\n    \n        <li class=\"clearfix\">\n            <div class=\"boxes_image\">\n                <a itemprop=\"url\" href=\"https:\/\/lesaffre.se\/sv\/21384\/\"><img loading=\"lazy\" decoding=\"async\" width=\"539\" height=\"303\" src=\"https:\/\/lesaffre.se\/wp-content\/uploads\/2021\/11\/toast-539x303.jpg\" class=\"attachment-latest_post_boxes size-latest_post_boxes wp-post-image\" alt=\"\" \/><\/a>\n            <\/div>\n            <div class=\"latest_post\"  >\n                <div class=\"latest_post_text\">\n                    <div class=\"latest_post_inner\">\n                        <div class=\"latest_post_text_inner\">\n                            <h2 itemprop=\"name\" class=\"latest_post_title entry_title\"><a itemprop=\"url\" href=\"https:\/\/lesaffre.se\/sv\/21384\/\">Vad inneb\u00e4r j\u00e4st med reducerad kraft?<\/a><\/h2>\n                            <p itemprop=\"description\" class=\"excerpt\">Vetekvaliteten \u00e4r varierande och s\u00e5 \u00e4ven f\u00f6rh\u00e5llandena f\u00f6r mj\u00f6l. Korrektorer har d\u00e4rf\u00f6r visat sig n\u00f6...<\/p>\n                            <span class=\"post_infos\">\n                                                                                                \n                                \n                                                            <\/span>\n                        <\/div>\n                    <\/div>\n                <\/div>\n            <\/div>\n        <\/li>\n    \n        <li class=\"clearfix\">\n            <div class=\"boxes_image\">\n                <a itemprop=\"url\" href=\"https:\/\/lesaffre.se\/sv\/forsta-enzymer-vid-brodbakning\/\"><img loading=\"lazy\" decoding=\"async\" width=\"539\" height=\"303\" src=\"https:\/\/lesaffre.se\/wp-content\/uploads\/2021\/07\/Frukt-notbrod2-539x303.jpg\" class=\"attachment-latest_post_boxes size-latest_post_boxes wp-post-image\" alt=\"\" \/><\/a>\n            <\/div>\n            <div class=\"latest_post\"  >\n                <div class=\"latest_post_text\">\n                    <div class=\"latest_post_inner\">\n                        <div class=\"latest_post_text_inner\">\n                            <h2 itemprop=\"name\" class=\"latest_post_title entry_title\"><a itemprop=\"url\" href=\"https:\/\/lesaffre.se\/sv\/forsta-enzymer-vid-brodbakning\/\">F\u00f6rst\u00e5 enzymer vid br\u00f6dbakning<\/a><\/h2>\n                            <p itemprop=\"description\" class=\"excerpt\">Amylaser, proteaser, lipaser, xylanaser f\u00f6r att bara n\u00e4mna de mest k\u00e4nda &#8230; enzymerna g\u00f6r det m...<\/p>\n                            <span class=\"post_infos\">\n                                                                                                \n                                \n                                                            <\/span>\n                        <\/div>\n                    <\/div>\n                <\/div>\n            <\/div>\n        <\/li>\n    \n        <li class=\"clearfix\">\n            <div class=\"boxes_image\">\n                <a itemprop=\"url\" href=\"https:\/\/lesaffre.se\/sv\/varfor-tappar-brodet-sin-mjukhet\/\"><img loading=\"lazy\" decoding=\"async\" width=\"539\" height=\"303\" src=\"https:\/\/lesaffre.se\/wp-content\/uploads\/2021\/02\/bread-softness-539x303.jpg\" class=\"attachment-latest_post_boxes size-latest_post_boxes wp-post-image\" alt=\"\" \/><\/a>\n            <\/div>\n            <div class=\"latest_post\"  >\n                <div class=\"latest_post_text\">\n                    <div class=\"latest_post_inner\">\n                        <div class=\"latest_post_text_inner\">\n                            <h2 itemprop=\"name\" class=\"latest_post_title entry_title\"><a itemprop=\"url\" href=\"https:\/\/lesaffre.se\/sv\/varfor-tappar-brodet-sin-mjukhet\/\">Varf\u00f6r tappar br\u00f6det sin mjukhet?<\/a><\/h2>\n                            <p itemprop=\"description\" class=\"excerpt\">&nbsp; De naturliga mekanismerna\u00a0 Under stalningsprocessen (retrogradering) blir smulan fastare och ...<\/p>\n                            <span class=\"post_infos\">\n                                                                                                \n                                \n                                                            <\/span>\n                        <\/div>\n                    <\/div>\n                <\/div>\n            <\/div>\n        <\/li>\n    \n        <li class=\"clearfix\">\n            <div class=\"boxes_image\">\n                <a itemprop=\"url\" href=\"https:\/\/lesaffre.se\/sv\/hur-skapar-man-smak-i-brod\/\"><img loading=\"lazy\" decoding=\"async\" width=\"539\" height=\"303\" src=\"https:\/\/lesaffre.se\/wp-content\/uploads\/2020\/11\/taste-in-sourdough-539x303.jpg\" class=\"attachment-latest_post_boxes size-latest_post_boxes wp-post-image\" alt=\"\" \/><\/a>\n            <\/div>\n            <div class=\"latest_post\"  >\n                <div class=\"latest_post_text\">\n                    <div class=\"latest_post_inner\">\n                        <div class=\"latest_post_text_inner\">\n                            <h2 itemprop=\"name\" class=\"latest_post_title entry_title\"><a itemprop=\"url\" href=\"https:\/\/lesaffre.se\/sv\/hur-skapar-man-smak-i-brod\/\">Hur skapar man smak i br\u00f6d?<\/a><\/h2>\n                            <p itemprop=\"description\" class=\"excerpt\">Surdeg \u00e4r stoltheten hos m\u00e5nga bagare, vilket \u00e4r lite av en &#8221;hemlig st\u00e4mpel&#8221;: Surdeg: Ba...<\/p>\n                            <span class=\"post_infos\">\n                                                                                                \n                                \n                                                            <\/span>\n                        <\/div>\n                    <\/div>\n                <\/div>\n            <\/div>\n        <\/li>\n    \n        <li class=\"clearfix\">\n            <div class=\"boxes_image\">\n                <a itemprop=\"url\" href=\"https:\/\/lesaffre.se\/sv\/information-covid-19\/\"><img loading=\"lazy\" decoding=\"async\" width=\"539\" height=\"303\" src=\"https:\/\/lesaffre.se\/wp-content\/uploads\/2020\/04\/hj\u00e4rtedeg-539x303.jpg\" class=\"attachment-latest_post_boxes size-latest_post_boxes wp-post-image\" alt=\"\" \/><\/a>\n            <\/div>\n            <div class=\"latest_post\"  >\n                <div class=\"latest_post_text\">\n                    <div class=\"latest_post_inner\">\n                        <div class=\"latest_post_text_inner\">\n                            <h2 itemprop=\"name\" class=\"latest_post_title entry_title\"><a itemprop=\"url\" href=\"https:\/\/lesaffre.se\/sv\/information-covid-19\/\">Information Covid-19<\/a><\/h2>\n                            <p itemprop=\"description\" class=\"excerpt\">&nbsp; K\u00e4ra kunder, partners och v\u00e4nner, Ett virus som skapar oro &amp; enorma konsekvenser f\u00f6r hela...<\/p>\n                            <span class=\"post_infos\">\n                                                                                                \n                                \n                                                            <\/span>\n                        <\/div>\n                    <\/div>\n                <\/div>\n            <\/div>\n        <\/li>\n    \n        <li class=\"clearfix\">\n            <div class=\"boxes_image\">\n                <a itemprop=\"url\" href=\"https:\/\/lesaffre.se\/sv\/vilka-mekanismer-paverkar-volymen\/\"><img loading=\"lazy\" decoding=\"async\" width=\"539\" height=\"303\" src=\"https:\/\/lesaffre.se\/wp-content\/uploads\/2019\/12\/Volumebild3av4-539x303.jpg\" class=\"attachment-latest_post_boxes size-latest_post_boxes wp-post-image\" alt=\"\" \/><\/a>\n            <\/div>\n            <div class=\"latest_post\"  >\n                <div class=\"latest_post_text\">\n                    <div class=\"latest_post_inner\">\n                        <div class=\"latest_post_text_inner\">\n                            <h2 itemprop=\"name\" class=\"latest_post_title entry_title\"><a itemprop=\"url\" href=\"https:\/\/lesaffre.se\/sv\/vilka-mekanismer-paverkar-volymen\/\">Vilka mekanismer p\u00e5verkar volymen? Del 3 av 3<\/a><\/h2>\n                            <p itemprop=\"description\" class=\"excerpt\">Volym \u00e4r avg\u00f6rande kvalitetskriterie i m\u00e5nga bageriprodukter. Det finns framf\u00f6rallt tv\u00e5 faktorer som...<\/p>\n                            <span class=\"post_infos\">\n                                                                                                \n                                \n                                                            <\/span>\n                        <\/div>\n                    <\/div>\n                <\/div>\n            <\/div>\n        <\/li>\n    \n        <li class=\"clearfix\">\n            <div class=\"boxes_image\">\n                <a itemprop=\"url\" href=\"https:\/\/lesaffre.se\/sv\/hur-kontrolleras-volymen-vid-bakning-del-2-av-4\/\"><img loading=\"lazy\" decoding=\"async\" width=\"539\" height=\"303\" src=\"https:\/\/lesaffre.se\/wp-content\/uploads\/2019\/09\/volume-in-bread-2-4-539x303.jpg\" class=\"attachment-latest_post_boxes size-latest_post_boxes wp-post-image\" alt=\"volume-in-bread-2-4\" \/><\/a>\n            <\/div>\n            <div class=\"latest_post\"  >\n                <div class=\"latest_post_text\">\n                    <div class=\"latest_post_inner\">\n                        <div class=\"latest_post_text_inner\">\n                            <h2 itemprop=\"name\" class=\"latest_post_title entry_title\"><a itemprop=\"url\" href=\"https:\/\/lesaffre.se\/sv\/hur-kontrolleras-volymen-vid-bakning-del-2-av-4\/\">Hur kontrolleras volymen vid bakning? Del 2 av 3<\/a><\/h2>\n                            <p itemprop=\"description\" class=\"excerpt\">Volym \u00e4r en utseendefaktor som \u00e4r avg\u00f6rande f\u00f6r konsumenten genom att den bed\u00f6ms vid f\u00f6rsta anblicke...<\/p>\n                            <span class=\"post_infos\">\n                                                                                                \n                                \n                                                            <\/span>\n                        <\/div>\n                    <\/div>\n                <\/div>\n            <\/div>\n        <\/li>\n    \n        <li class=\"clearfix\">\n            <div class=\"boxes_image\">\n                <a itemprop=\"url\" href=\"https:\/\/lesaffre.se\/sv\/hur-forbattras-volymen-vid-bakning-del-1-av-4-degtolerans\/\"><img loading=\"lazy\" decoding=\"async\" width=\"539\" height=\"303\" src=\"https:\/\/lesaffre.se\/wp-content\/uploads\/2019\/06\/tolerance-in-bread-539x303.jpg\" class=\"attachment-latest_post_boxes size-latest_post_boxes wp-post-image\" alt=\"\" \/><\/a>\n            <\/div>\n            <div class=\"latest_post\"  >\n                <div class=\"latest_post_text\">\n                    <div class=\"latest_post_inner\">\n                        <div class=\"latest_post_text_inner\">\n                            <h2 itemprop=\"name\" class=\"latest_post_title entry_title\"><a itemprop=\"url\" href=\"https:\/\/lesaffre.se\/sv\/hur-forbattras-volymen-vid-bakning-del-1-av-4-degtolerans\/\">Hur f\u00f6rb\u00e4ttras volymen vid bakning? Del 1 av 3 Degtolerans<\/a><\/h2>\n                            <p itemprop=\"description\" class=\"excerpt\">Tillsammans med formen och f\u00e4rgen p\u00e5 ett br\u00f6d \u00e4r volymen en viktig faktor som \u00e4r avg\u00f6rande f\u00f6r konsu...<\/p>\n                            <span class=\"post_infos\">\n                                                                                                \n                                \n                                                            <\/span>\n                        <\/div>\n                    <\/div>\n                <\/div>\n            <\/div>\n        <\/li>\n        <\/ul>\n<\/div>[\/vc_column][\/vc_row]\n\n<\/p>\n<\/div>","protected":false},"excerpt":{"rendered":"<p>[vc_row css_animation=&#8221;&#8221; row_type=&#8221;row&#8221; use_row_as_full_screen_section=&#8221;yes&#8221; type=&#8221;grid&#8221; angled_section=&#8221;no&#8221; text_align=&#8221;left&#8221; background_image_as_pattern=&#8221;without_pattern&#8221; z_index=&#8221;&#8221;][vc_column][\/vc_column][\/vc_row]<\/p>\n","protected":false},"author":9,"featured_media":0,"parent":0,"menu_order":0,"comment_status":"closed","ping_status":"closed","template":"","meta":{"footnotes":""},"class_list":["post-19830","page","type-page","status-publish","hentry"],"yoast_head":"<!-- This site is optimized with the Yoast SEO Premium plugin v22.3 (Yoast SEO v27.4) - https:\/\/yoast.com\/product\/yoast-seo-premium-wordpress\/ -->\n<title>Nyheter &#8226; Lesaffre Nordic<\/title>\n<meta name=\"robots\" content=\"index, follow, max-snippet:-1, max-image-preview:large, max-video-preview:-1\" \/>\n<link rel=\"canonical\" href=\"https:\/\/lesaffre.se\/sv\/nyheter\/\" \/>\n<meta property=\"og:locale\" content=\"sv_SE\" \/>\n<meta property=\"og:type\" content=\"article\" \/>\n<meta property=\"og:title\" content=\"Nyheter\" \/>\n<meta property=\"og:description\" content=\"[vc_row css_animation=&#8221;&#8221; row_type=&#8221;row&#8221; use_row_as_full_screen_section=&#8221;yes&#8221; type=&#8221;grid&#8221; angled_section=&#8221;no&#8221; text_align=&#8221;left&#8221; background_image_as_pattern=&#8221;without_pattern&#8221; z_index=&#8221;&#8221;][vc_column][\/vc_column][\/vc_row]\" \/>\n<meta property=\"og:url\" content=\"https:\/\/lesaffre.se\/sv\/nyheter\/\" \/>\n<meta property=\"og:site_name\" content=\"Lesaffre Nordic\" \/>\n<meta property=\"article:publisher\" content=\"https:\/\/www.facebook.com\/Lesaffre-Nordic-AB-308037732561952\/\" \/>\n<meta property=\"article:modified_time\" content=\"2019-04-11T08:57:44+00:00\" \/>\n<meta name=\"twitter:card\" content=\"summary_large_image\" \/>\n<script type=\"application\/ld+json\" class=\"yoast-schema-graph\">{\"@context\":\"https:\\\/\\\/schema.org\",\"@graph\":[{\"@type\":\"WebPage\",\"@id\":\"https:\\\/\\\/lesaffre.se\\\/sv\\\/nyheter\\\/\",\"url\":\"https:\\\/\\\/lesaffre.se\\\/sv\\\/nyheter\\\/\",\"name\":\"Nyheter &#8226; Lesaffre Nordic\",\"isPartOf\":{\"@id\":\"https:\\\/\\\/lesaffre.se\\\/sv\\\/#website\"},\"datePublished\":\"2016-05-18T08:00:43+00:00\",\"dateModified\":\"2019-04-11T08:57:44+00:00\",\"breadcrumb\":{\"@id\":\"https:\\\/\\\/lesaffre.se\\\/sv\\\/nyheter\\\/#breadcrumb\"},\"inLanguage\":\"sv-SE\",\"potentialAction\":[{\"@type\":\"ReadAction\",\"target\":[\"https:\\\/\\\/lesaffre.se\\\/sv\\\/nyheter\\\/\"]}]},{\"@type\":\"BreadcrumbList\",\"@id\":\"https:\\\/\\\/lesaffre.se\\\/sv\\\/nyheter\\\/#breadcrumb\",\"itemListElement\":[{\"@type\":\"ListItem\",\"position\":1,\"name\":\"Home\",\"item\":\"https:\\\/\\\/lesaffre.se\\\/sv\\\/\"},{\"@type\":\"ListItem\",\"position\":2,\"name\":\"Nyheter\"}]},{\"@type\":\"WebSite\",\"@id\":\"https:\\\/\\\/lesaffre.se\\\/sv\\\/#website\",\"url\":\"https:\\\/\\\/lesaffre.se\\\/sv\\\/\",\"name\":\"Lesaffre Nordic AB\",\"description\":\"Innovative Solutions For The Baking Industry\",\"publisher\":{\"@id\":\"https:\\\/\\\/lesaffre.se\\\/sv\\\/#organization\"},\"potentialAction\":[{\"@type\":\"SearchAction\",\"target\":{\"@type\":\"EntryPoint\",\"urlTemplate\":\"https:\\\/\\\/lesaffre.se\\\/sv\\\/?s={search_term_string}\"},\"query-input\":{\"@type\":\"PropertyValueSpecification\",\"valueRequired\":true,\"valueName\":\"search_term_string\"}}],\"inLanguage\":\"sv-SE\"},{\"@type\":\"Organization\",\"@id\":\"https:\\\/\\\/lesaffre.se\\\/sv\\\/#organization\",\"name\":\"Lesaffre Nordic AB\",\"url\":\"https:\\\/\\\/lesaffre.se\\\/sv\\\/\",\"logo\":{\"@type\":\"ImageObject\",\"inLanguage\":\"sv-SE\",\"@id\":\"https:\\\/\\\/lesaffre.se\\\/sv\\\/#\\\/schema\\\/logo\\\/image\\\/\",\"url\":\"https:\\\/\\\/lesaffre.se\\\/wp-content\\\/uploads\\\/2016\\\/04\\\/logo.png\",\"contentUrl\":\"https:\\\/\\\/lesaffre.se\\\/wp-content\\\/uploads\\\/2016\\\/04\\\/logo.png\",\"width\":112,\"height\":69,\"caption\":\"Lesaffre Nordic AB\"},\"image\":{\"@id\":\"https:\\\/\\\/lesaffre.se\\\/sv\\\/#\\\/schema\\\/logo\\\/image\\\/\"},\"sameAs\":[\"https:\\\/\\\/www.facebook.com\\\/Lesaffre-Nordic-AB-308037732561952\\\/\"]}]}<\/script>\n<!-- \/ Yoast SEO Premium plugin. -->","yoast_head_json":{"title":"Nyheter &#8226; Lesaffre Nordic","robots":{"index":"index","follow":"follow","max-snippet":"max-snippet:-1","max-image-preview":"max-image-preview:large","max-video-preview":"max-video-preview:-1"},"canonical":"https:\/\/lesaffre.se\/sv\/nyheter\/","og_locale":"sv_SE","og_type":"article","og_title":"Nyheter","og_description":"[vc_row css_animation=&#8221;&#8221; row_type=&#8221;row&#8221; use_row_as_full_screen_section=&#8221;yes&#8221; type=&#8221;grid&#8221; angled_section=&#8221;no&#8221; text_align=&#8221;left&#8221; background_image_as_pattern=&#8221;without_pattern&#8221; z_index=&#8221;&#8221;][vc_column][\/vc_column][\/vc_row]","og_url":"https:\/\/lesaffre.se\/sv\/nyheter\/","og_site_name":"Lesaffre Nordic","article_publisher":"https:\/\/www.facebook.com\/Lesaffre-Nordic-AB-308037732561952\/","article_modified_time":"2019-04-11T08:57:44+00:00","twitter_card":"summary_large_image","schema":{"@context":"https:\/\/schema.org","@graph":[{"@type":"WebPage","@id":"https:\/\/lesaffre.se\/sv\/nyheter\/","url":"https:\/\/lesaffre.se\/sv\/nyheter\/","name":"Nyheter &#8226; Lesaffre Nordic","isPartOf":{"@id":"https:\/\/lesaffre.se\/sv\/#website"},"datePublished":"2016-05-18T08:00:43+00:00","dateModified":"2019-04-11T08:57:44+00:00","breadcrumb":{"@id":"https:\/\/lesaffre.se\/sv\/nyheter\/#breadcrumb"},"inLanguage":"sv-SE","potentialAction":[{"@type":"ReadAction","target":["https:\/\/lesaffre.se\/sv\/nyheter\/"]}]},{"@type":"BreadcrumbList","@id":"https:\/\/lesaffre.se\/sv\/nyheter\/#breadcrumb","itemListElement":[{"@type":"ListItem","position":1,"name":"Home","item":"https:\/\/lesaffre.se\/sv\/"},{"@type":"ListItem","position":2,"name":"Nyheter"}]},{"@type":"WebSite","@id":"https:\/\/lesaffre.se\/sv\/#website","url":"https:\/\/lesaffre.se\/sv\/","name":"Lesaffre Nordic AB","description":"Innovative Solutions For The Baking Industry","publisher":{"@id":"https:\/\/lesaffre.se\/sv\/#organization"},"potentialAction":[{"@type":"SearchAction","target":{"@type":"EntryPoint","urlTemplate":"https:\/\/lesaffre.se\/sv\/?s={search_term_string}"},"query-input":{"@type":"PropertyValueSpecification","valueRequired":true,"valueName":"search_term_string"}}],"inLanguage":"sv-SE"},{"@type":"Organization","@id":"https:\/\/lesaffre.se\/sv\/#organization","name":"Lesaffre Nordic AB","url":"https:\/\/lesaffre.se\/sv\/","logo":{"@type":"ImageObject","inLanguage":"sv-SE","@id":"https:\/\/lesaffre.se\/sv\/#\/schema\/logo\/image\/","url":"https:\/\/lesaffre.se\/wp-content\/uploads\/2016\/04\/logo.png","contentUrl":"https:\/\/lesaffre.se\/wp-content\/uploads\/2016\/04\/logo.png","width":112,"height":69,"caption":"Lesaffre Nordic AB"},"image":{"@id":"https:\/\/lesaffre.se\/sv\/#\/schema\/logo\/image\/"},"sameAs":["https:\/\/www.facebook.com\/Lesaffre-Nordic-AB-308037732561952\/"]}]}},"_links":{"self":[{"href":"https:\/\/lesaffre.se\/sv\/wp-json\/wp\/v2\/pages\/19830","targetHints":{"allow":["GET"]}}],"collection":[{"href":"https:\/\/lesaffre.se\/sv\/wp-json\/wp\/v2\/pages"}],"about":[{"href":"https:\/\/lesaffre.se\/sv\/wp-json\/wp\/v2\/types\/page"}],"author":[{"embeddable":true,"href":"https:\/\/lesaffre.se\/sv\/wp-json\/wp\/v2\/users\/9"}],"replies":[{"embeddable":true,"href":"https:\/\/lesaffre.se\/sv\/wp-json\/wp\/v2\/comments?post=19830"}],"version-history":[{"count":0,"href":"https:\/\/lesaffre.se\/sv\/wp-json\/wp\/v2\/pages\/19830\/revisions"}],"wp:attachment":[{"href":"https:\/\/lesaffre.se\/sv\/wp-json\/wp\/v2\/media?parent=19830"}],"curies":[{"name":"wp","href":"https:\/\/api.w.org\/{rel}","templated":true}]}}