{"id":19760,"date":"2019-01-09T12:15:11","date_gmt":"2019-01-09T11:15:11","guid":{"rendered":"http:\/\/lesaffresweden.kinsta.cloud\/?page_id=19760"},"modified":"2020-01-30T21:08:28","modified_gmt":"2020-01-30T20:08:28","slug":"var-losning-pa-frysta-degar","status":"publish","type":"page","link":"https:\/\/lesaffre.se\/sv\/produkt\/bakhjalpmedel\/var-losning-pa-frysta-degar\/","title":{"rendered":"V\u00e5r l\u00f6sning p\u00e5 frysta degar"},"content":{"rendered":"<div class=\"wpb-content-wrapper\"><p>[vc_row css_animation=&#8221;&#8221; row_type=&#8221;row&#8221; use_row_as_full_screen_section=&#8221;no&#8221; type=&#8221;full_width&#8221; angled_section=&#8221;no&#8221; text_align=&#8221;left&#8221; background_image=&#8221;19723&#8243; background_image_as_pattern=&#8221;without_pattern&#8221; el_class=&#8221;mobile_height&#8221; z_index=&#8221;&#8221;][vc_column css=&#8221;.vc_custom_1505403928202{padding-top: 80px !important;padding-bottom: 80px !important;}&#8221;][vc_separator type=&#8221;transparent&#8221;][\/vc_column][\/vc_row][vc_row css_animation=&#8221;&#8221; row_type=&#8221;row&#8221; use_row_as_full_screen_section=&#8221;no&#8221; type=&#8221;grid&#8221; angled_section=&#8221;no&#8221; text_align=&#8221;center&#8221; background_image_as_pattern=&#8221;without_pattern&#8221; el_class=&#8221;paddingOn&#8221; css=&#8221;.vc_custom_1547541933191{padding-top: 0px !important;padding-bottom: 0px !important;background-color: #ffffff !important;}&#8221; z_index=&#8221;&#8221;][vc_column el_class=&#8221;lesaffre_product_description&#8221;][vc_separator type=&#8221;transparent&#8221; thickness=&#8221;20&#8243;][vc_row_inner row_type=&#8221;row&#8221; type=&#8221;grid&#8221; text_align=&#8221;left&#8221; row_negative_margin=&#8221;disable_negative_margin&#8221; css_animation=&#8221;element_from_bottom&#8221; css=&#8221;.vc_custom_1547047608884{margin-bottom: -15px !important;border-bottom-width: -15px !important;padding-bottom: -200px !important;}&#8221;][vc_column_inner width=&#8221;1\/4&#8243; css=&#8221;.vc_custom_1545403046766{padding-bottom: 0px !important;}&#8221;][vc_single_image image=&#8221;20017&#8243; img_size=&#8221;200&#215;200&#8243; alignment=&#8221;center&#8221; qode_css_animation=&#8221;&#8221; qode_hover_animation=&#8221;zoom_in&#8221;][\/vc_column_inner][vc_column_inner width=&#8221;3\/4&#8243; css=&#8221;.vc_custom_1545403040181{padding-bottom: 0px !important;}&#8221;][vc_column_text]<\/p>\n<h2 lang=\"en\" style=\"color: #4d4d4c;\">Pulso\u00ae Frigidum<\/h2>\n<p>[\/vc_column_text][vc_separator type=&#8221;small&#8221; position=&#8221;left&#8221; color=&#8221;#c90a1b&#8221; thickness=&#8221;3&#8243;][vc_column_text css=&#8221;.vc_custom_1547032403215{margin-bottom: 0px !important;border-bottom-width: 0px !important;padding-bottom: 0px !important;}&#8221;]Enzymbaserat &#8217;clean-label&#8217; bakhj\u00e4lpmedel till frysta deg\u00e4mnen och f\u00f6rj\u00e4sta\/frysta produkter.[\/vc_column_text][\/vc_column_inner][\/vc_row_inner][vc_row_inner row_type=&#8221;row&#8221; type=&#8221;full_width&#8221; text_align=&#8221;left&#8221; row_negative_margin=&#8221;disable_negative_margin&#8221; css_animation=&#8221;element_from_bottom&#8221; css=&#8221;.vc_custom_1547047613219{margin-top: -15px !important;border-top-width: -15px !important;padding-top: -15px !important;}&#8221;][vc_column_inner width=&#8221;1\/3&#8243; css=&#8221;.vc_custom_1545403034884{padding-top: 0px !important;}&#8221;]<span data-type=\"normal\"  class=\"qode_icon_shortcode  q_font_awsome_icon fa-4x pull-center \" style=\" \"><i class=\"qode_icon_font_awesome fa fa-thumbs-up qode_icon_element\" style=\"color: #b7d631;\" ><\/i><\/span>[vc_separator type=&#8221;transparent&#8221;][vc_accordion active_tab=&#8221;false&#8221; style=&#8221;boxed_accordion&#8221;][vc_accordion_tab title=&#8221;KARAKT\u00c4RISTISKT&#8221; title_color=&#8221;#b7d631&#8243; title_tag=&#8221;h3&#8243;][vc_column_text]<strong>Form<\/strong>: Beige pulver<\/p>\n<p><strong>F\u00f6rpackning<\/strong>: 25kg[\/vc_column_text][\/vc_accordion_tab][\/vc_accordion][\/vc_column_inner][vc_column_inner width=&#8221;1\/3&#8243; css=&#8221;.vc_custom_1545403029398{padding-top: 0px !important;}&#8221;]<span data-type=\"normal\"  class=\"qode_icon_shortcode  q_font_awsome_icon fa-4x pull-center \" style=\" \"><i class=\"qode_icon_font_awesome fa fa-star qode_icon_element\" style=\"color: #edc110;\" ><\/i><\/span>[vc_separator type=&#8221;transparent&#8221;][vc_accordion active_tab=&#8221;false&#8221; style=&#8221;boxed_accordion&#8221;][vc_accordion_tab title=&#8221;F\u00d6RDELAR&#8221; title_color=&#8221;#edc110&#8243;][vc_column_text]<\/p>\n<ul>\n<li>&#8217;Clean-label&#8217;<\/li>\n<li>F\u00f6rhindrar frysskador<\/li>\n<li>L\u00e5g dosering<\/li>\n<\/ul>\n<p>[\/vc_column_text][\/vc_accordion_tab][\/vc_accordion][\/vc_column_inner][vc_column_inner width=&#8221;1\/3&#8243; css=&#8221;.vc_custom_1545403024911{padding-top: 0px !important;}&#8221;]<span data-type=\"normal\"  class=\"qode_icon_shortcode  q_font_awsome_icon fa-4x pull-center \" style=\" \"><i class=\"qode_icon_font_awesome fa fa-archive qode_icon_element\" style=\"color: #20a7ea;\" ><\/i><\/span>[vc_separator type=&#8221;transparent&#8221;][vc_accordion active_tab=&#8221;false&#8221; style=&#8221;boxed_accordion&#8221;][vc_accordion_tab title=&#8221;H\u00c5LLBARHET&#8221; title_color=&#8221;#20a7ea&#8221;][vc_column_text css=&#8221;.vc_custom_1547032441111{margin-top: 15px !important;}&#8221;]<\/p>\n<ul>\n<li>1 \u00e5r<\/li>\n<li>Rekommenderad f\u00f6rvaring torr &amp; sval milj\u00f6 &lt;24 \u00b0C.<\/li>\n<\/ul>\n<p>[\/vc_column_text][\/vc_accordion_tab][\/vc_accordion][\/vc_column_inner][\/vc_row_inner][\/vc_column][\/vc_row][vc_row row_type=&#8221;parallax&#8221; parallax_content_width=&#8221;full_width&#8221; text_align=&#8221;left&#8221; background_image=&#8221;19723&#8243; full_screen_section_height=&#8221;no&#8221;][vc_column css=&#8221;.vc_custom_1505403928202{padding-top: 80px !important;padding-bottom: 80px !important;}&#8221;][vc_separator type=&#8221;transparent&#8221;][\/vc_column][\/vc_row][vc_row css_animation=&#8221;&#8221; row_type=&#8221;row&#8221; use_row_as_full_screen_section=&#8221;no&#8221; type=&#8221;grid&#8221; angled_section=&#8221;no&#8221; text_align=&#8221;center&#8221; background_image_as_pattern=&#8221;without_pattern&#8221; el_class=&#8221;paddingOn&#8221; css=&#8221;.vc_custom_1547541946887{padding-top: 0px !important;padding-bottom: 0px !important;}&#8221; z_index=&#8221;&#8221;][vc_column el_class=&#8221;lesaffre_product_description&#8221;][vc_separator type=&#8221;transparent&#8221; thickness=&#8221;20&#8243;][vc_row_inner row_type=&#8221;row&#8221; type=&#8221;grid&#8221; text_align=&#8221;left&#8221; row_negative_margin=&#8221;disable_negative_margin&#8221; css_animation=&#8221;element_from_bottom&#8221; css=&#8221;.vc_custom_1547047619658{margin-bottom: -15px !important;border-bottom-width: -15px !important;padding-bottom: -200px !important;}&#8221;][vc_column_inner width=&#8221;1\/4&#8243; css=&#8221;.vc_custom_1545403046766{padding-bottom: 0px !important;}&#8221;][vc_single_image image=&#8221;20012&#8243; img_size=&#8221;200&#215;200&#8243; alignment=&#8221;center&#8221; qode_css_animation=&#8221;&#8221; qode_hover_animation=&#8221;zoom_in&#8221;][\/vc_column_inner][vc_column_inner width=&#8221;3\/4&#8243; css=&#8221;.vc_custom_1545403040181{padding-bottom: 0px !important;}&#8221;][vc_column_text]<\/p>\n<h2 lang=\"en\" style=\"color: #4d4d4c;\">Pulso\u00ae Minute bread\u00ae<\/h2>\n<p>[\/vc_column_text][vc_separator type=&#8221;small&#8221; position=&#8221;left&#8221; color=&#8221;#c90a1b&#8221; thickness=&#8221;3&#8243;][vc_column_text css=&#8221;.vc_custom_1547032449239{margin-bottom: 0px !important;border-bottom-width: 0px !important;padding-bottom: 0px !important;}&#8221;]Unikt enzymbaserat &#8217;clean-label&#8217; bakhj\u00e4lpmedel till f\u00f6rbakade produkter f\u00f6r fryslagring. M\u00f6jligg\u00f6r hantering direkt fr\u00e5n frys till ogn och ger krispig skorpa.[\/vc_column_text][\/vc_column_inner][\/vc_row_inner][vc_row_inner row_type=&#8221;row&#8221; type=&#8221;full_width&#8221; text_align=&#8221;left&#8221; row_negative_margin=&#8221;disable_negative_margin&#8221; css_animation=&#8221;element_from_bottom&#8221; css=&#8221;.vc_custom_1547047627333{margin-top: -15px !important;border-top-width: -15px !important;padding-top: -15px !important;}&#8221;][vc_column_inner width=&#8221;1\/3&#8243; css=&#8221;.vc_custom_1545403034884{padding-top: 0px !important;}&#8221;]<span data-type=\"normal\"  class=\"qode_icon_shortcode  q_font_awsome_icon fa-4x pull-center \" style=\" \"><i class=\"qode_icon_font_awesome fa fa-thumbs-up qode_icon_element\" style=\"color: #b7d631;\" ><\/i><\/span>[vc_separator type=&#8221;transparent&#8221;][vc_accordion active_tab=&#8221;false&#8221; style=&#8221;boxed_accordion&#8221;][vc_accordion_tab title=&#8221;KARAKT\u00c4RISTISKT&#8221; title_color=&#8221;#b7d631&#8243; title_tag=&#8221;h3&#8243;][vc_column_text]<strong>Form<\/strong>: Beige pulver<\/p>\n<p><strong>F\u00f6rpackning<\/strong>: 25kg[\/vc_column_text][\/vc_accordion_tab][\/vc_accordion][\/vc_column_inner][vc_column_inner width=&#8221;1\/3&#8243; css=&#8221;.vc_custom_1545403029398{padding-top: 0px !important;}&#8221;]<span data-type=\"normal\"  class=\"qode_icon_shortcode  q_font_awsome_icon fa-4x pull-center \" style=\" \"><i class=\"qode_icon_font_awesome fa fa-star qode_icon_element\" style=\"color: #edc110;\" ><\/i><\/span>[vc_separator type=&#8221;transparent&#8221;][vc_accordion active_tab=&#8221;false&#8221; style=&#8221;boxed_accordion&#8221;][vc_accordion_tab title=&#8221;F\u00d6RDELAR&#8221; title_color=&#8221;#edc110&#8243;][vc_column_text]<\/p>\n<ul>\n<li>Speciellt framtagen till f\u00f6rbakade produkter f\u00f6r fryslagring.<\/li>\n<li>Motverkar separationen mellan inkr\u00e5m och skorpa<\/li>\n<li>Skapar krispig skorpa trots frysf\u00f6rvaring<\/li>\n<\/ul>\n<p>[\/vc_column_text][\/vc_accordion_tab][\/vc_accordion][\/vc_column_inner][vc_column_inner width=&#8221;1\/3&#8243; css=&#8221;.vc_custom_1545403024911{padding-top: 0px !important;}&#8221;]<span data-type=\"normal\"  class=\"qode_icon_shortcode  q_font_awsome_icon fa-4x pull-center \" style=\" \"><i class=\"qode_icon_font_awesome fa fa-archive qode_icon_element\" style=\"color: #20a7ea;\" ><\/i><\/span>[vc_separator type=&#8221;transparent&#8221;][vc_accordion active_tab=&#8221;false&#8221; style=&#8221;boxed_accordion&#8221;][vc_accordion_tab title=&#8221;H\u00c5LLBARHET&#8221; title_color=&#8221;#20a7ea&#8221;][vc_column_text css=&#8221;.vc_custom_1547032469920{margin-top: 15px !important;}&#8221;]<\/p>\n<ul>\n<li>2 \u00e5r<\/li>\n<li>Rekommenderad f\u00f6rvaring torr &amp; sval milj\u00f6 &lt;24 \u00b0C.<\/li>\n<\/ul>\n<p>[\/vc_column_text][\/vc_accordion_tab][\/vc_accordion][\/vc_column_inner][\/vc_row_inner][\/vc_column][\/vc_row]<\/p>\n<\/div>","protected":false},"excerpt":{"rendered":"<p>[vc_row css_animation=&#8221;&#8221; row_type=&#8221;row&#8221; use_row_as_full_screen_section=&#8221;no&#8221; type=&#8221;full_width&#8221; angled_section=&#8221;no&#8221; text_align=&#8221;left&#8221; background_image=&#8221;19723&#8243; background_image_as_pattern=&#8221;without_pattern&#8221; el_class=&#8221;mobile_height&#8221; z_index=&#8221;&#8221;][vc_column css=&#8221;.vc_custom_1505403928202{padding-top: 80px !important;padding-bottom: 80px !important;}&#8221;][vc_separator type=&#8221;transparent&#8221;][\/vc_column][\/vc_row][vc_row css_animation=&#8221;&#8221; row_type=&#8221;row&#8221; use_row_as_full_screen_section=&#8221;no&#8221; type=&#8221;grid&#8221; angled_section=&#8221;no&#8221; text_align=&#8221;center&#8221; background_image_as_pattern=&#8221;without_pattern&#8221; el_class=&#8221;paddingOn&#8221; css=&#8221;.vc_custom_1547541933191{padding-top: 0px !important;padding-bottom: 0px !important;background-color: #ffffff !important;}&#8221; z_index=&#8221;&#8221;][vc_column el_class=&#8221;lesaffre_product_description&#8221;][vc_separator type=&#8221;transparent&#8221; thickness=&#8221;20&#8243;][vc_row_inner row_type=&#8221;row&#8221; type=&#8221;grid&#8221; text_align=&#8221;left&#8221; row_negative_margin=&#8221;disable_negative_margin&#8221; css_animation=&#8221;element_from_bottom&#8221; css=&#8221;.vc_custom_1547047608884{margin-bottom: -15px !important;border-bottom-width: -15px&#8230;<\/p>\n","protected":false},"author":3,"featured_media":0,"parent":19749,"menu_order":1,"comment_status":"closed","ping_status":"closed","template":"full_width.php","meta":{"footnotes":""},"class_list":["post-19760","page","type-page","status-publish","hentry"],"yoast_head":"<!-- This site is optimized with the Yoast SEO Premium plugin v22.3 (Yoast SEO v27.4) - https:\/\/yoast.com\/product\/yoast-seo-premium-wordpress\/ -->\n<title>V\u00e5r l\u00f6sning p\u00e5 frysta degar &#8226; Lesaffre Nordic<\/title>\n<meta name=\"robots\" content=\"index, follow, max-snippet:-1, max-image-preview:large, max-video-preview:-1\" \/>\n<link rel=\"canonical\" href=\"https:\/\/lesaffre.se\/sv\/produkt\/bakhjalpmedel\/var-losning-pa-frysta-degar\/\" \/>\n<meta property=\"og:locale\" content=\"sv_SE\" \/>\n<meta property=\"og:type\" content=\"article\" \/>\n<meta property=\"og:title\" content=\"V\u00e5r l\u00f6sning p\u00e5 frysta degar\" \/>\n<meta property=\"og:description\" content=\"[vc_row css_animation=&#8221;&#8221; row_type=&#8221;row&#8221; use_row_as_full_screen_section=&#8221;no&#8221; type=&#8221;full_width&#8221; angled_section=&#8221;no&#8221; text_align=&#8221;left&#8221; background_image=&#8221;19723&#8243; background_image_as_pattern=&#8221;without_pattern&#8221; el_class=&#8221;mobile_height&#8221; z_index=&#8221;&#8221;][vc_column css=&#8221;.vc_custom_1505403928202{padding-top: 80px !important;padding-bottom: 80px !important;}&#8221;][vc_separator type=&#8221;transparent&#8221;][\/vc_column][\/vc_row][vc_row css_animation=&#8221;&#8221; row_type=&#8221;row&#8221; use_row_as_full_screen_section=&#8221;no&#8221; type=&#8221;grid&#8221; angled_section=&#8221;no&#8221; text_align=&#8221;center&#8221; background_image_as_pattern=&#8221;without_pattern&#8221; el_class=&#8221;paddingOn&#8221; css=&#8221;.vc_custom_1547541933191{padding-top: 0px !important;padding-bottom: 0px !important;background-color: #ffffff !important;}&#8221; z_index=&#8221;&#8221;][vc_column el_class=&#8221;lesaffre_product_description&#8221;][vc_separator type=&#8221;transparent&#8221; thickness=&#8221;20&#8243;][vc_row_inner row_type=&#8221;row&#8221; type=&#8221;grid&#8221; text_align=&#8221;left&#8221; row_negative_margin=&#8221;disable_negative_margin&#8221; css_animation=&#8221;element_from_bottom&#8221; css=&#8221;.vc_custom_1547047608884{margin-bottom: -15px !important;border-bottom-width: -15px...\" \/>\n<meta property=\"og:url\" content=\"https:\/\/lesaffre.se\/sv\/produkt\/bakhjalpmedel\/var-losning-pa-frysta-degar\/\" \/>\n<meta property=\"og:site_name\" content=\"Lesaffre Nordic\" \/>\n<meta property=\"article:publisher\" content=\"https:\/\/www.facebook.com\/Lesaffre-Nordic-AB-308037732561952\/\" \/>\n<meta property=\"article:modified_time\" content=\"2020-01-30T20:08:28+00:00\" \/>\n<meta name=\"twitter:card\" content=\"summary_large_image\" \/>\n<meta name=\"twitter:label1\" content=\"Ber\u00e4knad l\u00e4stid\" \/>\n\t<meta name=\"twitter:data1\" content=\"5 minuter\" \/>\n<script type=\"application\/ld+json\" class=\"yoast-schema-graph\">{\"@context\":\"https:\\\/\\\/schema.org\",\"@graph\":[{\"@type\":\"WebPage\",\"@id\":\"https:\\\/\\\/lesaffre.se\\\/sv\\\/produkt\\\/bakhjalpmedel\\\/var-losning-pa-frysta-degar\\\/\",\"url\":\"https:\\\/\\\/lesaffre.se\\\/sv\\\/produkt\\\/bakhjalpmedel\\\/var-losning-pa-frysta-degar\\\/\",\"name\":\"V\u00e5r l\u00f6sning p\u00e5 frysta degar &#8226; Lesaffre Nordic\",\"isPartOf\":{\"@id\":\"https:\\\/\\\/lesaffre.se\\\/sv\\\/#website\"},\"datePublished\":\"2019-01-09T11:15:11+00:00\",\"dateModified\":\"2020-01-30T20:08:28+00:00\",\"breadcrumb\":{\"@id\":\"https:\\\/\\\/lesaffre.se\\\/sv\\\/produkt\\\/bakhjalpmedel\\\/var-losning-pa-frysta-degar\\\/#breadcrumb\"},\"inLanguage\":\"sv-SE\",\"potentialAction\":[{\"@type\":\"ReadAction\",\"target\":[\"https:\\\/\\\/lesaffre.se\\\/sv\\\/produkt\\\/bakhjalpmedel\\\/var-losning-pa-frysta-degar\\\/\"]}]},{\"@type\":\"BreadcrumbList\",\"@id\":\"https:\\\/\\\/lesaffre.se\\\/sv\\\/produkt\\\/bakhjalpmedel\\\/var-losning-pa-frysta-degar\\\/#breadcrumb\",\"itemListElement\":[{\"@type\":\"ListItem\",\"position\":1,\"name\":\"Home\",\"item\":\"https:\\\/\\\/lesaffre.se\\\/sv\\\/\"},{\"@type\":\"ListItem\",\"position\":2,\"name\":\"Produkt\",\"item\":\"https:\\\/\\\/lesaffre.se\\\/sv\\\/produkt\\\/\"},{\"@type\":\"ListItem\",\"position\":3,\"name\":\"Bakhj\u00e4lpmedel\",\"item\":\"https:\\\/\\\/lesaffre.se\\\/sv\\\/produkt\\\/bakhjalpmedel\\\/\"},{\"@type\":\"ListItem\",\"position\":4,\"name\":\"V\u00e5r l\u00f6sning p\u00e5 frysta degar\"}]},{\"@type\":\"WebSite\",\"@id\":\"https:\\\/\\\/lesaffre.se\\\/sv\\\/#website\",\"url\":\"https:\\\/\\\/lesaffre.se\\\/sv\\\/\",\"name\":\"Lesaffre Nordic AB\",\"description\":\"Innovative Solutions For The Baking Industry\",\"publisher\":{\"@id\":\"https:\\\/\\\/lesaffre.se\\\/sv\\\/#organization\"},\"potentialAction\":[{\"@type\":\"SearchAction\",\"target\":{\"@type\":\"EntryPoint\",\"urlTemplate\":\"https:\\\/\\\/lesaffre.se\\\/sv\\\/?s={search_term_string}\"},\"query-input\":{\"@type\":\"PropertyValueSpecification\",\"valueRequired\":true,\"valueName\":\"search_term_string\"}}],\"inLanguage\":\"sv-SE\"},{\"@type\":\"Organization\",\"@id\":\"https:\\\/\\\/lesaffre.se\\\/sv\\\/#organization\",\"name\":\"Lesaffre Nordic AB\",\"url\":\"https:\\\/\\\/lesaffre.se\\\/sv\\\/\",\"logo\":{\"@type\":\"ImageObject\",\"inLanguage\":\"sv-SE\",\"@id\":\"https:\\\/\\\/lesaffre.se\\\/sv\\\/#\\\/schema\\\/logo\\\/image\\\/\",\"url\":\"https:\\\/\\\/lesaffre.se\\\/wp-content\\\/uploads\\\/2016\\\/04\\\/logo.png\",\"contentUrl\":\"https:\\\/\\\/lesaffre.se\\\/wp-content\\\/uploads\\\/2016\\\/04\\\/logo.png\",\"width\":112,\"height\":69,\"caption\":\"Lesaffre Nordic AB\"},\"image\":{\"@id\":\"https:\\\/\\\/lesaffre.se\\\/sv\\\/#\\\/schema\\\/logo\\\/image\\\/\"},\"sameAs\":[\"https:\\\/\\\/www.facebook.com\\\/Lesaffre-Nordic-AB-308037732561952\\\/\"]}]}<\/script>\n<!-- \/ Yoast SEO Premium plugin. -->","yoast_head_json":{"title":"V\u00e5r l\u00f6sning p\u00e5 frysta degar &#8226; Lesaffre Nordic","robots":{"index":"index","follow":"follow","max-snippet":"max-snippet:-1","max-image-preview":"max-image-preview:large","max-video-preview":"max-video-preview:-1"},"canonical":"https:\/\/lesaffre.se\/sv\/produkt\/bakhjalpmedel\/var-losning-pa-frysta-degar\/","og_locale":"sv_SE","og_type":"article","og_title":"V\u00e5r l\u00f6sning p\u00e5 frysta degar","og_description":"[vc_row css_animation=&#8221;&#8221; row_type=&#8221;row&#8221; use_row_as_full_screen_section=&#8221;no&#8221; type=&#8221;full_width&#8221; angled_section=&#8221;no&#8221; text_align=&#8221;left&#8221; background_image=&#8221;19723&#8243; background_image_as_pattern=&#8221;without_pattern&#8221; el_class=&#8221;mobile_height&#8221; z_index=&#8221;&#8221;][vc_column css=&#8221;.vc_custom_1505403928202{padding-top: 80px !important;padding-bottom: 80px !important;}&#8221;][vc_separator type=&#8221;transparent&#8221;][\/vc_column][\/vc_row][vc_row css_animation=&#8221;&#8221; row_type=&#8221;row&#8221; use_row_as_full_screen_section=&#8221;no&#8221; type=&#8221;grid&#8221; angled_section=&#8221;no&#8221; text_align=&#8221;center&#8221; background_image_as_pattern=&#8221;without_pattern&#8221; el_class=&#8221;paddingOn&#8221; css=&#8221;.vc_custom_1547541933191{padding-top: 0px !important;padding-bottom: 0px !important;background-color: #ffffff !important;}&#8221; z_index=&#8221;&#8221;][vc_column el_class=&#8221;lesaffre_product_description&#8221;][vc_separator type=&#8221;transparent&#8221; thickness=&#8221;20&#8243;][vc_row_inner row_type=&#8221;row&#8221; type=&#8221;grid&#8221; text_align=&#8221;left&#8221; row_negative_margin=&#8221;disable_negative_margin&#8221; css_animation=&#8221;element_from_bottom&#8221; css=&#8221;.vc_custom_1547047608884{margin-bottom: -15px !important;border-bottom-width: -15px...","og_url":"https:\/\/lesaffre.se\/sv\/produkt\/bakhjalpmedel\/var-losning-pa-frysta-degar\/","og_site_name":"Lesaffre Nordic","article_publisher":"https:\/\/www.facebook.com\/Lesaffre-Nordic-AB-308037732561952\/","article_modified_time":"2020-01-30T20:08:28+00:00","twitter_card":"summary_large_image","twitter_misc":{"Ber\u00e4knad l\u00e4stid":"5 minuter"},"schema":{"@context":"https:\/\/schema.org","@graph":[{"@type":"WebPage","@id":"https:\/\/lesaffre.se\/sv\/produkt\/bakhjalpmedel\/var-losning-pa-frysta-degar\/","url":"https:\/\/lesaffre.se\/sv\/produkt\/bakhjalpmedel\/var-losning-pa-frysta-degar\/","name":"V\u00e5r l\u00f6sning p\u00e5 frysta degar &#8226; Lesaffre Nordic","isPartOf":{"@id":"https:\/\/lesaffre.se\/sv\/#website"},"datePublished":"2019-01-09T11:15:11+00:00","dateModified":"2020-01-30T20:08:28+00:00","breadcrumb":{"@id":"https:\/\/lesaffre.se\/sv\/produkt\/bakhjalpmedel\/var-losning-pa-frysta-degar\/#breadcrumb"},"inLanguage":"sv-SE","potentialAction":[{"@type":"ReadAction","target":["https:\/\/lesaffre.se\/sv\/produkt\/bakhjalpmedel\/var-losning-pa-frysta-degar\/"]}]},{"@type":"BreadcrumbList","@id":"https:\/\/lesaffre.se\/sv\/produkt\/bakhjalpmedel\/var-losning-pa-frysta-degar\/#breadcrumb","itemListElement":[{"@type":"ListItem","position":1,"name":"Home","item":"https:\/\/lesaffre.se\/sv\/"},{"@type":"ListItem","position":2,"name":"Produkt","item":"https:\/\/lesaffre.se\/sv\/produkt\/"},{"@type":"ListItem","position":3,"name":"Bakhj\u00e4lpmedel","item":"https:\/\/lesaffre.se\/sv\/produkt\/bakhjalpmedel\/"},{"@type":"ListItem","position":4,"name":"V\u00e5r l\u00f6sning p\u00e5 frysta degar"}]},{"@type":"WebSite","@id":"https:\/\/lesaffre.se\/sv\/#website","url":"https:\/\/lesaffre.se\/sv\/","name":"Lesaffre Nordic AB","description":"Innovative Solutions For The Baking Industry","publisher":{"@id":"https:\/\/lesaffre.se\/sv\/#organization"},"potentialAction":[{"@type":"SearchAction","target":{"@type":"EntryPoint","urlTemplate":"https:\/\/lesaffre.se\/sv\/?s={search_term_string}"},"query-input":{"@type":"PropertyValueSpecification","valueRequired":true,"valueName":"search_term_string"}}],"inLanguage":"sv-SE"},{"@type":"Organization","@id":"https:\/\/lesaffre.se\/sv\/#organization","name":"Lesaffre Nordic AB","url":"https:\/\/lesaffre.se\/sv\/","logo":{"@type":"ImageObject","inLanguage":"sv-SE","@id":"https:\/\/lesaffre.se\/sv\/#\/schema\/logo\/image\/","url":"https:\/\/lesaffre.se\/wp-content\/uploads\/2016\/04\/logo.png","contentUrl":"https:\/\/lesaffre.se\/wp-content\/uploads\/2016\/04\/logo.png","width":112,"height":69,"caption":"Lesaffre Nordic AB"},"image":{"@id":"https:\/\/lesaffre.se\/sv\/#\/schema\/logo\/image\/"},"sameAs":["https:\/\/www.facebook.com\/Lesaffre-Nordic-AB-308037732561952\/"]}]}},"_links":{"self":[{"href":"https:\/\/lesaffre.se\/sv\/wp-json\/wp\/v2\/pages\/19760","targetHints":{"allow":["GET"]}}],"collection":[{"href":"https:\/\/lesaffre.se\/sv\/wp-json\/wp\/v2\/pages"}],"about":[{"href":"https:\/\/lesaffre.se\/sv\/wp-json\/wp\/v2\/types\/page"}],"author":[{"embeddable":true,"href":"https:\/\/lesaffre.se\/sv\/wp-json\/wp\/v2\/users\/3"}],"replies":[{"embeddable":true,"href":"https:\/\/lesaffre.se\/sv\/wp-json\/wp\/v2\/comments?post=19760"}],"version-history":[{"count":0,"href":"https:\/\/lesaffre.se\/sv\/wp-json\/wp\/v2\/pages\/19760\/revisions"}],"up":[{"embeddable":true,"href":"https:\/\/lesaffre.se\/sv\/wp-json\/wp\/v2\/pages\/19749"}],"wp:attachment":[{"href":"https:\/\/lesaffre.se\/sv\/wp-json\/wp\/v2\/media?parent=19760"}],"curies":[{"name":"wp","href":"https:\/\/api.w.org\/{rel}","templated":true}]}}