{"id":19749,"date":"2019-01-09T11:56:24","date_gmt":"2019-01-09T10:56:24","guid":{"rendered":"http:\/\/lesaffresweden.kinsta.cloud\/?page_id=19749"},"modified":"2025-06-27T17:58:46","modified_gmt":"2025-06-27T16:58:46","slug":"bakhjalpmedel","status":"publish","type":"page","link":"https:\/\/lesaffre.se\/sv\/produkt\/bakhjalpmedel\/","title":{"rendered":"Bakhj\u00e4lpmedel"},"content":{"rendered":"<div class=\"wpb-content-wrapper\"><p>[vc_row css_animation=&#8221;&#8221; row_type=&#8221;row&#8221; use_row_as_full_screen_section=&#8221;no&#8221; type=&#8221;full_width&#8221; angled_section=&#8221;no&#8221; text_align=&#8221;left&#8221; background_image=&#8221;22418&#8243; background_image_as_pattern=&#8221;without_pattern&#8221; el_class=&#8221;mobile_height&#8221; z_index=&#8221;&#8221;][vc_column][vc_separator type=&#8221;transparent&#8221; up=&#8221;150&#8243; down=&#8221;150&#8243;][\/vc_column][\/vc_row][vc_row css_animation=&#8221;&#8221; row_type=&#8221;row&#8221; use_row_as_full_screen_section=&#8221;no&#8221; type=&#8221;grid&#8221; angled_section=&#8221;no&#8221; text_align=&#8221;left&#8221; background_image_as_pattern=&#8221;without_pattern&#8221; el_class=&#8221;paddingOn&#8221; css=&#8221;.vc_custom_1548243790796{margin-top: -15px !important;background-color: #ffffff !important;}&#8221; z_index=&#8221;&#8221; el_id=&#8221;pulso&#8221;][vc_column css=&#8221;.vc_custom_1547471652386{margin-top: -15px !important;}&#8221;][vc_row_inner row_type=&#8221;row&#8221; type=&#8221;grid&#8221; text_align=&#8221;left&#8221; css_animation=&#8221;element_from_bottom&#8221;][vc_column_inner width=&#8221;1\/4&#8243;][vc_separator type=&#8221;transparent&#8221;][vc_single_image image=&#8221;19769&#8243; img_size=&#8221;200&#215;150&#8243; alignment=&#8221;center&#8221; qode_css_animation=&#8221;&#8221; qode_hover_animation=&#8221;zoom_in&#8221;][vc_separator type=&#8221;transparent&#8221;][\/vc_column_inner][vc_column_inner width=&#8221;3\/4&#8243;][vc_column_text]<\/p>\n<h1 style=\"color: #4d4d4c;\"><strong>Pulso<\/strong><\/h1>\n<p>[\/vc_column_text][vc_separator type=&#8221;transparent&#8221;][vc_column_text]Sedan 165 \u00e5r tillbaka har Lesaffre samlat gediget med kompetens f\u00f6r alla olika processer och r\u00e5varor inom bakning.<\/p>\n<p>Detta \u00e4r grunden f\u00f6r att utveckla dagens moderna och h\u00f6gteknologiska serie av bakhj\u00e4lpmedel unikt till varje funktion.<\/p>\n<p>Pulso erbjuder ett brett utbud av nyutvecklade bakhj\u00e4lpmedel med naturliga ingredienser och l\u00e5g dosering.<\/p>\n<p>Ut\u00f6ver v\u00e5rt sortiment finns det \u00e4ven m\u00f6jlighet att skapa kundunika bakhj\u00e4lpmedel tillsammans med v\u00e5ra tekniska experter inom koncernen utformad utifr\u00e5n kundens f\u00f6ruts\u00e4ttningar och f\u00f6rv\u00e4ntningar.<\/p>\n<p style=\"text-align: left;\"><span style=\"color: #ff9900;\">Ett Lesaffre varum\u00e4rke med omfattande utbud av bakhj\u00e4lpmedel.<br \/>\n<\/span><span style=\"color: #ff9900;\">Funktionella l\u00f6sningar anpassade till bagarens behov.<\/span><\/p>\n<p>&nbsp;<\/p>\n<h3 style=\"text-align: left;\"><span style=\"color: #ff9900;\">Boost your success!<\/span><\/h3>\n<p>[\/vc_column_text][\/vc_column_inner][\/vc_row_inner][vc_row_inner row_type=&#8221;row&#8221; type=&#8221;grid&#8221; text_align=&#8221;left&#8221; css_animation=&#8221;element_from_bottom&#8221;][vc_column_inner width=&#8221;1\/3&#8243;][vc_single_image image=&#8221;19984&#8243; img_size=&#8221;250&#215;250&#8243; alignment=&#8221;center&#8221; style=&#8221;vc_box_border_circle_2&#8243; onclick=&#8221;custom_link&#8221; qode_css_animation=&#8221;&#8221; qode_hover_animation=&#8221;zoom_in&#8221; link=&#8221;\/sv\/produkt\/bakhjalpmedel\/pulso-bakhjalpmedel-serie\/#volym&#8221;][vc_separator type=&#8221;transparent&#8221;][vc_column_text]<\/p>\n<h3 style=\"color: #4d4d4c; text-align: center;\"><strong>V\u00e5rt erbjudande f\u00f6r<\/strong><strong>\u00a0volym &amp; stabilitet tolerans<\/strong><\/h3>\n<p>[\/vc_column_text][\/vc_column_inner][vc_column_inner width=&#8221;1\/3&#8243;][vc_single_image image=&#8221;20010&#8243; img_size=&#8221;250&#215;250&#8243; alignment=&#8221;center&#8221; style=&#8221;vc_box_border_circle_2&#8243; onclick=&#8221;custom_link&#8221; qode_css_animation=&#8221;&#8221; qode_hover_animation=&#8221;zoom_in&#8221; link=&#8221;\/sv\/produkt\/bakhjalpmedel\/pulso-bakhjalpmedel-serie\/#mjukhet&#8221;][vc_separator type=&#8221;transparent&#8221;][vc_column_text]<\/p>\n<h3 style=\"color: #4d4d4c; text-align: center;\"><strong>V\u00e5rt erbjudande inom mjukhet &amp; f\u00e4rskh\u00e5llning<\/strong><\/h3>\n<p>[\/vc_column_text][\/vc_column_inner][vc_column_inner width=&#8221;1\/3&#8243;][vc_single_image image=&#8221;20012&#8243; img_size=&#8221;250&#215;250&#8243; alignment=&#8221;center&#8221; style=&#8221;vc_box_border_circle_2&#8243; onclick=&#8221;custom_link&#8221; qode_css_animation=&#8221;&#8221; qode_hover_animation=&#8221;zoom_in&#8221; link=&#8221;\/sv\/produkt\/bakhjalpmedel\/pulso-bakhjalpmedel-serie\/#frysta&#8221;][vc_separator type=&#8221;transparent&#8221;][vc_column_text]<\/p>\n<h3 style=\"color: #4d4d4c; text-align: center;\"><strong>V\u00e5rt erbjudande f\u00f6r\u00a0<\/strong><strong>frysta degar<\/strong><\/h3>\n<p>[\/vc_column_text][\/vc_column_inner][\/vc_row_inner][vc_separator type=&#8221;transparent&#8221;][vc_column_text]<\/p>\n<p style=\"text-align: center;\"><strong><a href=\"https:\/\/pulso-lesaffre.com\/en\/\" target=\"_blank\" rel=\"noopener noreferrer\">&gt; Visit Pulso website<\/a><\/strong><\/p>\n<p>[\/vc_column_text][vc_separator type=&#8221;transparent&#8221;][\/vc_column][vc_column][vc_separator type=&#8221;transparent&#8221;][vc_row_inner row_type=&#8221;row&#8221; type=&#8221;grid&#8221; text_align=&#8221;left&#8221; css_animation=&#8221;element_from_bottom&#8221; el_id=&#8221;ibis&#8221;][vc_column_inner width=&#8221;1\/4&#8243;][vc_separator type=&#8221;transparent&#8221;][vc_single_image image=&#8221;20218&#8243; img_size=&#8221;200&#215;150&#8243; alignment=&#8221;center&#8221; qode_css_animation=&#8221;&#8221; qode_hover_animation=&#8221;zoom_in&#8221;][vc_separator type=&#8221;transparent&#8221;][\/vc_column_inner][vc_column_inner width=&#8221;3\/4&#8243;][vc_column_text]<\/p>\n<h1 style=\"color: #4d4d4c;\"><strong>Ibis<\/strong><\/h1>\n<p>[\/vc_column_text][vc_separator type=&#8221;transparent&#8221;][vc_column_text]<\/p>\n<p style=\"text-align: left;\"><span style=\"color: #99cc00;\">Ett Lesaffre varum\u00e4rke f\u00f6r ekologiska bageri produkter f\u00f6r att hj\u00e4lpa bagare producera f\u00f6rstklassigt ekologiskt br\u00f6d i linje med europeiska regelverket.<\/span><\/p>\n<p>&nbsp;<\/p>\n<h3 style=\"text-align: left;\"><span style=\"color: #99cc00;\">Simply organic!<\/span><\/h3>\n<p>[\/vc_column_text][\/vc_column_inner][\/vc_row_inner][\/vc_column][\/vc_row][vc_row css_animation=&#8221;&#8221; row_type=&#8221;row&#8221; use_row_as_full_screen_section=&#8221;no&#8221; type=&#8221;grid&#8221; angled_section=&#8221;no&#8221; text_align=&#8221;center&#8221; background_image_as_pattern=&#8221;without_pattern&#8221; el_class=&#8221;paddingOn&#8221; el_id=&#8221;lesaffrevalues&#8221; css=&#8221;.vc_custom_1546877434966{background-color: #4d4d4c !important;}&#8221; z_index=&#8221;&#8221;][vc_column][vc_column_text]<\/p>\n<h2 style=\"text-align: center; color: #fff;\"><span style=\"color: #ffffff;\">Lesaffre bakhj\u00e4lpmedel serie<\/span><\/h2>\n<p>[\/vc_column_text][\/vc_column][\/vc_row][vc_row css_animation=&#8221;&#8221; row_type=&#8221;row&#8221; use_row_as_full_screen_section=&#8221;no&#8221; type=&#8221;full_width&#8221; angled_section=&#8221;no&#8221; text_align=&#8221;left&#8221; background_image_as_pattern=&#8221;without_pattern&#8221; el_class=&#8221;push_menu&#8221;][vc_column width=&#8221;1\/3&#8243; css=&#8221;.vc_custom_1460996466116{margin-top: 0px !important;margin-right: 0px !important;margin-bottom: 0px !important;margin-left: 0px !important;padding-top: 0px !important;padding-right: 0px !important;padding-bottom: 0px !important;padding-left: 0px !important;}&#8221;][vc_single_image image=&#8221;19007&#8243; img_size=&#8221;full&#8221; add_caption=&#8221;yes&#8221; alignment=&#8221;center&#8221; onclick=&#8221;custom_link&#8221; qode_css_animation=&#8221;&#8221; qode_hover_animation=&#8221;zoom_in&#8221; title=&#8221;Volym tolerans&#8221; el_class=&#8221;vertical bluegreen&#8221; link=&#8221;\/sv\/produkt\/bakhjalpmedel\/var-losning-pa-volym-tolerans\/&#8221;][\/vc_column][vc_column width=&#8221;1\/3&#8243;][vc_single_image image=&#8221;19001&#8243; img_size=&#8221;full&#8221; add_caption=&#8221;yes&#8221; alignment=&#8221;center&#8221; onclick=&#8221;custom_link&#8221; qode_css_animation=&#8221;&#8221; title=&#8221;Dough relaxing&#8221; link=&#8221;\/sv\/produkt\/bakhjalpmedel\/maskinbearbetning\/&#8221; el_class=&#8221;horizontal turquoise&#8221;][vc_single_image image=&#8221;18999&#8243; img_size=&#8221;full&#8221; add_caption=&#8221;yes&#8221; alignment=&#8221;right&#8221; onclick=&#8221;custom_link&#8221; qode_css_animation=&#8221;&#8221; link=&#8221;\/sv\/produkt\/bakhjalpmedel\/var-losning-pa-frysta-degar\/&#8221; el_class=&#8221;horizontal green&#8221; title=&#8221;Frys&#8221;][\/vc_column][vc_column width=&#8221;1\/3&#8243;][vc_single_image image=&#8221;19765&#8243; img_size=&#8221;full&#8221; add_caption=&#8221;yes&#8221; alignment=&#8221;right&#8221; onclick=&#8221;custom_link&#8221; qode_css_animation=&#8221;&#8221; qode_hover_animation=&#8221;zoom_in&#8221; link=&#8221;\/sv\/produkt\/bakhjalpmedel\/var-losning-inom-mjukhet\/&#8221; el_class=&#8221;vertical orange&#8221; title=&#8221;Mjukhet&#8221;][\/vc_column][\/vc_row]<\/p>\n<\/div>","protected":false},"excerpt":{"rendered":"<p>[vc_row css_animation=&#8221;&#8221; row_type=&#8221;row&#8221; use_row_as_full_screen_section=&#8221;no&#8221; type=&#8221;full_width&#8221; angled_section=&#8221;no&#8221; text_align=&#8221;left&#8221; background_image=&#8221;22418&#8243; background_image_as_pattern=&#8221;without_pattern&#8221; el_class=&#8221;mobile_height&#8221; z_index=&#8221;&#8221;][vc_column][vc_separator type=&#8221;transparent&#8221; up=&#8221;150&#8243; down=&#8221;150&#8243;][\/vc_column][\/vc_row][vc_row css_animation=&#8221;&#8221; row_type=&#8221;row&#8221; use_row_as_full_screen_section=&#8221;no&#8221; type=&#8221;grid&#8221; angled_section=&#8221;no&#8221; text_align=&#8221;left&#8221; background_image_as_pattern=&#8221;without_pattern&#8221; el_class=&#8221;paddingOn&#8221; css=&#8221;.vc_custom_1548243790796{margin-top: -15px !important;background-color: #ffffff !important;}&#8221; z_index=&#8221;&#8221; el_id=&#8221;pulso&#8221;][vc_column css=&#8221;.vc_custom_1547471652386{margin-top: -15px !important;}&#8221;][vc_row_inner row_type=&#8221;row&#8221; type=&#8221;grid&#8221; text_align=&#8221;left&#8221; css_animation=&#8221;element_from_bottom&#8221;][vc_column_inner width=&#8221;1\/4&#8243;][vc_separator type=&#8221;transparent&#8221;][vc_single_image image=&#8221;19769&#8243; img_size=&#8221;200&#215;150&#8243; alignment=&#8221;center&#8221; qode_css_animation=&#8221;&#8221; qode_hover_animation=&#8221;zoom_in&#8221;][vc_separator type=&#8221;transparent&#8221;][\/vc_column_inner][vc_column_inner width=&#8221;3\/4&#8243;][vc_column_text]&#8230;<\/p>\n","protected":false},"author":3,"featured_media":0,"parent":19317,"menu_order":1,"comment_status":"closed","ping_status":"closed","template":"full_width.php","meta":{"footnotes":""},"class_list":["post-19749","page","type-page","status-publish","hentry"],"yoast_head":"<!-- This site is optimized with the Yoast SEO Premium plugin v22.3 (Yoast SEO v27.4) - https:\/\/yoast.com\/product\/yoast-seo-premium-wordpress\/ -->\n<title>Bakhj\u00e4lpmedel &#8226; Lesaffre Nordic<\/title>\n<meta name=\"robots\" content=\"index, follow, max-snippet:-1, max-image-preview:large, max-video-preview:-1\" \/>\n<link rel=\"canonical\" href=\"https:\/\/lesaffre.se\/sv\/produkt\/bakhjalpmedel\/\" \/>\n<meta property=\"og:locale\" content=\"sv_SE\" \/>\n<meta property=\"og:type\" content=\"article\" \/>\n<meta property=\"og:title\" content=\"Bakhj\u00e4lpmedel\" \/>\n<meta property=\"og:description\" content=\"[vc_row css_animation=&#8221;&#8221; row_type=&#8221;row&#8221; use_row_as_full_screen_section=&#8221;no&#8221; type=&#8221;full_width&#8221; angled_section=&#8221;no&#8221; text_align=&#8221;left&#8221; background_image=&#8221;22418&#8243; background_image_as_pattern=&#8221;without_pattern&#8221; el_class=&#8221;mobile_height&#8221; z_index=&#8221;&#8221;][vc_column][vc_separator type=&#8221;transparent&#8221; up=&#8221;150&#8243; down=&#8221;150&#8243;][\/vc_column][\/vc_row][vc_row css_animation=&#8221;&#8221; row_type=&#8221;row&#8221; use_row_as_full_screen_section=&#8221;no&#8221; type=&#8221;grid&#8221; angled_section=&#8221;no&#8221; text_align=&#8221;left&#8221; background_image_as_pattern=&#8221;without_pattern&#8221; el_class=&#8221;paddingOn&#8221; css=&#8221;.vc_custom_1548243790796{margin-top: -15px !important;background-color: #ffffff !important;}&#8221; z_index=&#8221;&#8221; el_id=&#8221;pulso&#8221;][vc_column css=&#8221;.vc_custom_1547471652386{margin-top: -15px !important;}&#8221;][vc_row_inner row_type=&#8221;row&#8221; type=&#8221;grid&#8221; text_align=&#8221;left&#8221; css_animation=&#8221;element_from_bottom&#8221;][vc_column_inner width=&#8221;1\/4&#8243;][vc_separator type=&#8221;transparent&#8221;][vc_single_image image=&#8221;19769&#8243; img_size=&#8221;200&#215;150&#8243; alignment=&#8221;center&#8221; qode_css_animation=&#8221;&#8221; qode_hover_animation=&#8221;zoom_in&#8221;][vc_separator type=&#8221;transparent&#8221;][\/vc_column_inner][vc_column_inner width=&#8221;3\/4&#8243;][vc_column_text]...\" \/>\n<meta property=\"og:url\" content=\"https:\/\/lesaffre.se\/sv\/produkt\/bakhjalpmedel\/\" \/>\n<meta property=\"og:site_name\" content=\"Lesaffre Nordic\" \/>\n<meta property=\"article:publisher\" content=\"https:\/\/www.facebook.com\/Lesaffre-Nordic-AB-308037732561952\/\" \/>\n<meta property=\"article:modified_time\" content=\"2025-06-27T16:58:46+00:00\" \/>\n<meta name=\"twitter:card\" content=\"summary_large_image\" \/>\n<meta name=\"twitter:label1\" content=\"Ber\u00e4knad l\u00e4stid\" \/>\n\t<meta name=\"twitter:data1\" content=\"4 minuter\" \/>\n<script type=\"application\/ld+json\" class=\"yoast-schema-graph\">{\"@context\":\"https:\\\/\\\/schema.org\",\"@graph\":[{\"@type\":\"WebPage\",\"@id\":\"https:\\\/\\\/lesaffre.se\\\/sv\\\/produkt\\\/bakhjalpmedel\\\/\",\"url\":\"https:\\\/\\\/lesaffre.se\\\/sv\\\/produkt\\\/bakhjalpmedel\\\/\",\"name\":\"Bakhj\u00e4lpmedel &#8226; Lesaffre Nordic\",\"isPartOf\":{\"@id\":\"https:\\\/\\\/lesaffre.se\\\/sv\\\/#website\"},\"datePublished\":\"2019-01-09T10:56:24+00:00\",\"dateModified\":\"2025-06-27T16:58:46+00:00\",\"breadcrumb\":{\"@id\":\"https:\\\/\\\/lesaffre.se\\\/sv\\\/produkt\\\/bakhjalpmedel\\\/#breadcrumb\"},\"inLanguage\":\"sv-SE\",\"potentialAction\":[{\"@type\":\"ReadAction\",\"target\":[\"https:\\\/\\\/lesaffre.se\\\/sv\\\/produkt\\\/bakhjalpmedel\\\/\"]}]},{\"@type\":\"BreadcrumbList\",\"@id\":\"https:\\\/\\\/lesaffre.se\\\/sv\\\/produkt\\\/bakhjalpmedel\\\/#breadcrumb\",\"itemListElement\":[{\"@type\":\"ListItem\",\"position\":1,\"name\":\"Home\",\"item\":\"https:\\\/\\\/lesaffre.se\\\/sv\\\/\"},{\"@type\":\"ListItem\",\"position\":2,\"name\":\"Produkt\",\"item\":\"https:\\\/\\\/lesaffre.se\\\/sv\\\/produkt\\\/\"},{\"@type\":\"ListItem\",\"position\":3,\"name\":\"Bakhj\u00e4lpmedel\"}]},{\"@type\":\"WebSite\",\"@id\":\"https:\\\/\\\/lesaffre.se\\\/sv\\\/#website\",\"url\":\"https:\\\/\\\/lesaffre.se\\\/sv\\\/\",\"name\":\"Lesaffre Nordic AB\",\"description\":\"Innovative Solutions For The Baking Industry\",\"publisher\":{\"@id\":\"https:\\\/\\\/lesaffre.se\\\/sv\\\/#organization\"},\"potentialAction\":[{\"@type\":\"SearchAction\",\"target\":{\"@type\":\"EntryPoint\",\"urlTemplate\":\"https:\\\/\\\/lesaffre.se\\\/sv\\\/?s={search_term_string}\"},\"query-input\":{\"@type\":\"PropertyValueSpecification\",\"valueRequired\":true,\"valueName\":\"search_term_string\"}}],\"inLanguage\":\"sv-SE\"},{\"@type\":\"Organization\",\"@id\":\"https:\\\/\\\/lesaffre.se\\\/sv\\\/#organization\",\"name\":\"Lesaffre Nordic AB\",\"url\":\"https:\\\/\\\/lesaffre.se\\\/sv\\\/\",\"logo\":{\"@type\":\"ImageObject\",\"inLanguage\":\"sv-SE\",\"@id\":\"https:\\\/\\\/lesaffre.se\\\/sv\\\/#\\\/schema\\\/logo\\\/image\\\/\",\"url\":\"https:\\\/\\\/lesaffre.se\\\/wp-content\\\/uploads\\\/2016\\\/04\\\/logo.png\",\"contentUrl\":\"https:\\\/\\\/lesaffre.se\\\/wp-content\\\/uploads\\\/2016\\\/04\\\/logo.png\",\"width\":112,\"height\":69,\"caption\":\"Lesaffre Nordic AB\"},\"image\":{\"@id\":\"https:\\\/\\\/lesaffre.se\\\/sv\\\/#\\\/schema\\\/logo\\\/image\\\/\"},\"sameAs\":[\"https:\\\/\\\/www.facebook.com\\\/Lesaffre-Nordic-AB-308037732561952\\\/\"]}]}<\/script>\n<!-- \/ Yoast SEO Premium plugin. -->","yoast_head_json":{"title":"Bakhj\u00e4lpmedel &#8226; Lesaffre Nordic","robots":{"index":"index","follow":"follow","max-snippet":"max-snippet:-1","max-image-preview":"max-image-preview:large","max-video-preview":"max-video-preview:-1"},"canonical":"https:\/\/lesaffre.se\/sv\/produkt\/bakhjalpmedel\/","og_locale":"sv_SE","og_type":"article","og_title":"Bakhj\u00e4lpmedel","og_description":"[vc_row css_animation=&#8221;&#8221; row_type=&#8221;row&#8221; use_row_as_full_screen_section=&#8221;no&#8221; type=&#8221;full_width&#8221; angled_section=&#8221;no&#8221; text_align=&#8221;left&#8221; background_image=&#8221;22418&#8243; background_image_as_pattern=&#8221;without_pattern&#8221; el_class=&#8221;mobile_height&#8221; z_index=&#8221;&#8221;][vc_column][vc_separator type=&#8221;transparent&#8221; up=&#8221;150&#8243; down=&#8221;150&#8243;][\/vc_column][\/vc_row][vc_row css_animation=&#8221;&#8221; row_type=&#8221;row&#8221; use_row_as_full_screen_section=&#8221;no&#8221; type=&#8221;grid&#8221; angled_section=&#8221;no&#8221; text_align=&#8221;left&#8221; background_image_as_pattern=&#8221;without_pattern&#8221; el_class=&#8221;paddingOn&#8221; css=&#8221;.vc_custom_1548243790796{margin-top: -15px !important;background-color: #ffffff !important;}&#8221; z_index=&#8221;&#8221; el_id=&#8221;pulso&#8221;][vc_column css=&#8221;.vc_custom_1547471652386{margin-top: -15px !important;}&#8221;][vc_row_inner row_type=&#8221;row&#8221; type=&#8221;grid&#8221; text_align=&#8221;left&#8221; css_animation=&#8221;element_from_bottom&#8221;][vc_column_inner width=&#8221;1\/4&#8243;][vc_separator type=&#8221;transparent&#8221;][vc_single_image image=&#8221;19769&#8243; img_size=&#8221;200&#215;150&#8243; alignment=&#8221;center&#8221; qode_css_animation=&#8221;&#8221; qode_hover_animation=&#8221;zoom_in&#8221;][vc_separator type=&#8221;transparent&#8221;][\/vc_column_inner][vc_column_inner width=&#8221;3\/4&#8243;][vc_column_text]...","og_url":"https:\/\/lesaffre.se\/sv\/produkt\/bakhjalpmedel\/","og_site_name":"Lesaffre Nordic","article_publisher":"https:\/\/www.facebook.com\/Lesaffre-Nordic-AB-308037732561952\/","article_modified_time":"2025-06-27T16:58:46+00:00","twitter_card":"summary_large_image","twitter_misc":{"Ber\u00e4knad l\u00e4stid":"4 minuter"},"schema":{"@context":"https:\/\/schema.org","@graph":[{"@type":"WebPage","@id":"https:\/\/lesaffre.se\/sv\/produkt\/bakhjalpmedel\/","url":"https:\/\/lesaffre.se\/sv\/produkt\/bakhjalpmedel\/","name":"Bakhj\u00e4lpmedel &#8226; Lesaffre Nordic","isPartOf":{"@id":"https:\/\/lesaffre.se\/sv\/#website"},"datePublished":"2019-01-09T10:56:24+00:00","dateModified":"2025-06-27T16:58:46+00:00","breadcrumb":{"@id":"https:\/\/lesaffre.se\/sv\/produkt\/bakhjalpmedel\/#breadcrumb"},"inLanguage":"sv-SE","potentialAction":[{"@type":"ReadAction","target":["https:\/\/lesaffre.se\/sv\/produkt\/bakhjalpmedel\/"]}]},{"@type":"BreadcrumbList","@id":"https:\/\/lesaffre.se\/sv\/produkt\/bakhjalpmedel\/#breadcrumb","itemListElement":[{"@type":"ListItem","position":1,"name":"Home","item":"https:\/\/lesaffre.se\/sv\/"},{"@type":"ListItem","position":2,"name":"Produkt","item":"https:\/\/lesaffre.se\/sv\/produkt\/"},{"@type":"ListItem","position":3,"name":"Bakhj\u00e4lpmedel"}]},{"@type":"WebSite","@id":"https:\/\/lesaffre.se\/sv\/#website","url":"https:\/\/lesaffre.se\/sv\/","name":"Lesaffre Nordic AB","description":"Innovative Solutions For The Baking Industry","publisher":{"@id":"https:\/\/lesaffre.se\/sv\/#organization"},"potentialAction":[{"@type":"SearchAction","target":{"@type":"EntryPoint","urlTemplate":"https:\/\/lesaffre.se\/sv\/?s={search_term_string}"},"query-input":{"@type":"PropertyValueSpecification","valueRequired":true,"valueName":"search_term_string"}}],"inLanguage":"sv-SE"},{"@type":"Organization","@id":"https:\/\/lesaffre.se\/sv\/#organization","name":"Lesaffre Nordic AB","url":"https:\/\/lesaffre.se\/sv\/","logo":{"@type":"ImageObject","inLanguage":"sv-SE","@id":"https:\/\/lesaffre.se\/sv\/#\/schema\/logo\/image\/","url":"https:\/\/lesaffre.se\/wp-content\/uploads\/2016\/04\/logo.png","contentUrl":"https:\/\/lesaffre.se\/wp-content\/uploads\/2016\/04\/logo.png","width":112,"height":69,"caption":"Lesaffre Nordic AB"},"image":{"@id":"https:\/\/lesaffre.se\/sv\/#\/schema\/logo\/image\/"},"sameAs":["https:\/\/www.facebook.com\/Lesaffre-Nordic-AB-308037732561952\/"]}]}},"_links":{"self":[{"href":"https:\/\/lesaffre.se\/sv\/wp-json\/wp\/v2\/pages\/19749","targetHints":{"allow":["GET"]}}],"collection":[{"href":"https:\/\/lesaffre.se\/sv\/wp-json\/wp\/v2\/pages"}],"about":[{"href":"https:\/\/lesaffre.se\/sv\/wp-json\/wp\/v2\/types\/page"}],"author":[{"embeddable":true,"href":"https:\/\/lesaffre.se\/sv\/wp-json\/wp\/v2\/users\/3"}],"replies":[{"embeddable":true,"href":"https:\/\/lesaffre.se\/sv\/wp-json\/wp\/v2\/comments?post=19749"}],"version-history":[{"count":0,"href":"https:\/\/lesaffre.se\/sv\/wp-json\/wp\/v2\/pages\/19749\/revisions"}],"up":[{"embeddable":true,"href":"https:\/\/lesaffre.se\/sv\/wp-json\/wp\/v2\/pages\/19317"}],"wp:attachment":[{"href":"https:\/\/lesaffre.se\/sv\/wp-json\/wp\/v2\/media?parent=19749"}],"curies":[{"name":"wp","href":"https:\/\/api.w.org\/{rel}","templated":true}]}}