{"id":19485,"date":"2018-12-21T11:20:54","date_gmt":"2018-12-21T10:20:54","guid":{"rendered":"http:\/\/lesaffresweden.kinsta.cloud\/?page_id=19485"},"modified":"2025-06-27T18:00:03","modified_gmt":"2025-06-27T17:00:03","slug":"surdeg","status":"publish","type":"page","link":"https:\/\/lesaffre.se\/sv\/produkt\/surdeg\/","title":{"rendered":"Surdeg"},"content":{"rendered":"<div class=\"wpb-content-wrapper\"><p>[vc_row css_animation=&#8221;&#8221; row_type=&#8221;row&#8221; use_row_as_full_screen_section=&#8221;no&#8221; type=&#8221;full_width&#8221; angled_section=&#8221;no&#8221; text_align=&#8221;left&#8221; background_image=&#8221;22426&#8243; background_image_as_pattern=&#8221;without_pattern&#8221; el_class=&#8221;mobile_height&#8221; z_index=&#8221;&#8221;][vc_column css=&#8221;.vc_custom_1547648140014{padding-top: 80px !important;padding-bottom: 80px !important;}&#8221;][vc_separator type=&#8221;transparent&#8221; up=&#8221;50&#8243; down=&#8221;50&#8243;][\/vc_column][\/vc_row][vc_row css_animation=&#8221;&#8221; row_type=&#8221;row&#8221; use_row_as_full_screen_section=&#8221;no&#8221; type=&#8221;grid&#8221; angled_section=&#8221;no&#8221; text_align=&#8221;left&#8221; background_image_as_pattern=&#8221;without_pattern&#8221; el_class=&#8221;paddingOn&#8221; css=&#8221;.vc_custom_1547464251315{margin-top: -15px !important;background-color: #ffffff !important;}&#8221; z_index=&#8221;&#8221;][vc_column css=&#8221;.vc_custom_1547471652386{margin-top: -15px !important;}&#8221;][vc_row_inner row_type=&#8221;row&#8221; type=&#8221;grid&#8221; text_align=&#8221;left&#8221; css_animation=&#8221;element_from_bottom&#8221;][vc_column_inner width=&#8221;1\/4&#8243;][vc_single_image image=&#8221;17377&#8243; img_size=&#8221;full&#8221; alignment=&#8221;center&#8221; qode_css_animation=&#8221;&#8221; qode_hover_animation=&#8221;zoom_in&#8221;][\/vc_column_inner][vc_column_inner width=&#8221;3\/4&#8243;][vc_column_text]<\/p>\n<h1 style=\"color: #c90a1b; text-align: left;\">Surdeg<\/h1>\n<h3 style=\"text-align: left;\"><strong>smakrikt &#8211; aktiv &amp; levande<\/strong><\/h3>\n<p>[\/vc_column_text][vc_separator type=&#8221;transparent&#8221;][vc_column_text]<\/p>\n<p style=\"text-align: left;\"><span style=\"color: #808080;\">Historiskt var surdeg det allra f\u00f6rsta h\u00e4vningsmedlet som anv\u00e4ndes vid framst\u00e4llning av br\u00f6d. Det grundar sig p\u00e5 en blandning av mj\u00f6l och vatten, genom spontan fermentering (&#8221;naturlig&#8221; surdeg) eller genom j\u00e4sning initierad av en startkultur, med eller utan f\u00f6rfriskning.<\/span><\/p>\n<p><span style=\"color: #999999;\"><span style=\"color: #808080;\">Surdeg bidrar till berikning av br\u00f6dens sensoriska profil, utvecklar unika smaker och texturer. Men f\u00f6rutom den aromatiska aspekten, ger surdeg ocks\u00e5 flera andra f\u00f6rdelar: h\u00e4lsosamt n\u00e4ringsinneh\u00e5ll, inkr\u00e5met blir mer elastisk, \u00f6ppnare, med b\u00e4ttre v\u00e4tskeretention, vilket f\u00f6rdr\u00f6jer fenomenet &#8217;staling&#8217; dvs br\u00f6dets \u00e5ldrande.<\/span>\u00a0<\/span><\/p>\n<p>&nbsp;<\/p>\n<p style=\"text-align: left;\"><span style=\"color: #c90a1b;\">Lesaffre\u2019s surdegs signatur<\/span><span style=\"color: #c90a1b;\">,\u00a0<\/span><span style=\"color: #c90a1b;\">Livendo, \u00e4r ett livskraftigt varum\u00e4rke som \u00e4r innovativt och tilltalande f\u00f6r att ge konsumenterna smakupplevelse.<br \/>\n<\/span><span style=\"color: #c90a1b;\">Namnet Livendo speglar surdeg full av liv och aktivitet.\u00a0<\/span><\/p>\n<p>&nbsp;<\/p>\n<h3 style=\"text-align: left;\"><span style=\"color: #c90a1b;\">More than taste, more reasons to love it!\u00a0<\/span><\/h3>\n<p>[\/vc_column_text][\/vc_column_inner][\/vc_row_inner][vc_separator type=&#8221;transparent&#8221; up=&#8221;20&#8243; down=&#8221;20&#8243;][vc_separator type=&#8221;transparent&#8221; thickness=&#8221;20&#8243; up=&#8221;20&#8243;][vc_row_inner row_type=&#8221;row&#8221; type=&#8221;grid&#8221; text_align=&#8221;left&#8221; css_animation=&#8221;element_from_bottom&#8221;][vc_column_inner width=&#8221;1\/4&#8243;][vc_single_image image=&#8221;21005&#8243; img_size=&#8221;200&#215;200&#8243; alignment=&#8221;center&#8221; style=&#8221;vc_box_border_circle_2&#8243; onclick=&#8221;custom_link&#8221; qode_css_animation=&#8221;&#8221; qode_hover_animation=&#8221;zoom_in&#8221; link=&#8221;\/sv\/produkt\/surdeg\/flytande-aktiv-surdeg\/&#8221;][vc_separator type=&#8221;transparent&#8221;][vc_column_text]<\/p>\n<h3 style=\"color: #c90a1b; text-align: center;\"><strong>Flytande Aktiv Surdeg<\/strong><\/h3>\n<p>&nbsp;<\/p>\n<p style=\"text-align: center;\">S\u00f6kandet efter nya smaker och optimering av br\u00f6dets \u00e5ldrande speglar idag konsumenternas behov. Det \u00e4r i detta sammanhang en smakkultur i bakning, som den aktiva levande surdegen finner sin r\u00e4tta plats.<\/p>\n<p>[\/vc_column_text][\/vc_column_inner][vc_column_inner width=&#8221;1\/4&#8243;][vc_single_image image=&#8221;20339&#8243; img_size=&#8221;200&#215;200&#8243; alignment=&#8221;center&#8221; style=&#8221;vc_box_border_circle_2&#8243; onclick=&#8221;custom_link&#8221; qode_css_animation=&#8221;&#8221; qode_hover_animation=&#8221;zoom_in&#8221; link=&#8221;\/sv\/produkt\/surdeg\/surdegsstarter\/&#8221;][vc_separator type=&#8221;transparent&#8221;][vc_column_text]<\/p>\n<h3 style=\"color: #c90a1b; text-align: center;\"><strong>Surdegsstarter<\/strong><\/h3>\n<p>&nbsp;<\/p>\n<p style=\"text-align: center;\">F\u00f6r att s\u00e4kra samma surdegsegenskaper varje g\u00e5ng man s\u00e4tter surdeg \u00e4r det med f\u00f6rdel att anv\u00e4nda surdegsstartar, som \u00e4r under varum\u00e4rket Livendo\u00ae.<\/p>\n<p>[\/vc_column_text][\/vc_column_inner][vc_column_inner width=&#8221;1\/4&#8243;][vc_single_image image=&#8221;18005&#8243; img_size=&#8221;200&#215;200&#8243; alignment=&#8221;center&#8221; style=&#8221;vc_box_border_circle_2&#8243; onclick=&#8221;custom_link&#8221; qode_css_animation=&#8221;&#8221; qode_hover_animation=&#8221;zoom_in&#8221; link=&#8221;\/sv\/produkt\/surdeg\/torkad-surdeg\/&#8221;][vc_separator type=&#8221;transparent&#8221;][vc_column_text]<\/p>\n<h3 style=\"color: #c90a1b; text-align: center;\"><strong>Torkad (inaktiv) Surdeg<\/strong><\/h3>\n<p>&nbsp;<\/p>\n<p style=\"text-align: center;\">Tack vare kunskapen om mikroorganismer, fermentering och torkning har Lesaffre utvecklat en serie torkad (inaktiv) surdeg under varum\u00e4rket Livendo\u00ae.<\/p>\n<p>[\/vc_column_text][\/vc_column_inner][vc_column_inner width=&#8221;1\/4&#8243;][vc_single_image image=&#8221;22199&#8243; img_size=&#8221;200&#215;200&#8243; alignment=&#8221;center&#8221; style=&#8221;vc_box_border_circle_2&#8243; onclick=&#8221;custom_link&#8221; css=&#8221;&#8221; qode_css_animation=&#8221;&#8221; qode_hover_animation=&#8221;zoom_in&#8221; link=&#8221;\/en\/tradizy\/&#8221;][vc_separator type=&#8221;transparent&#8221;][vc_column_text css=&#8221;&#8221;]<\/p>\n<h3 style=\"color: #c90a1b; text-align: center;\"><strong>TRADIZY\u00ae: All-in-one surdeg<\/strong><\/h3>\n<p>&nbsp;<\/p>\n<p style=\"text-align: center;\">F\u00f6r er som \u00e4nnu inte \u00e4r bekanta med surdeg, men vill komma i<br \/>\ng\u00e5ng enkelt eller spara tid i er bakningsprocess, Tradizy\u00ae \u00e4r som<br \/>\ngjord f\u00f6r er!<\/p>\n<p>[\/vc_column_text][\/vc_column_inner][\/vc_row_inner][vc_separator type=&#8221;transparent&#8221;][vc_column_text]<\/p>\n<h3 style=\"color: #c90a1b; text-align: center;\"><strong><a href=\"https:\/\/livendo-lesaffre.com\/fr\/\" target=\"_blank\" rel=\"noopener noreferrer\">&gt; Visit Livendo website<\/a><\/strong><\/h3>\n<p>[\/vc_column_text][vc_separator type=&#8221;transparent&#8221;][\/vc_column][\/vc_row]<\/p>\n<\/div>","protected":false},"excerpt":{"rendered":"<p>[vc_row css_animation=&#8221;&#8221; row_type=&#8221;row&#8221; use_row_as_full_screen_section=&#8221;no&#8221; type=&#8221;full_width&#8221; angled_section=&#8221;no&#8221; text_align=&#8221;left&#8221; background_image=&#8221;22426&#8243; background_image_as_pattern=&#8221;without_pattern&#8221; el_class=&#8221;mobile_height&#8221; z_index=&#8221;&#8221;][vc_column css=&#8221;.vc_custom_1547648140014{padding-top: 80px !important;padding-bottom: 80px !important;}&#8221;][vc_separator type=&#8221;transparent&#8221; up=&#8221;50&#8243; down=&#8221;50&#8243;][\/vc_column][\/vc_row][vc_row css_animation=&#8221;&#8221; row_type=&#8221;row&#8221; use_row_as_full_screen_section=&#8221;no&#8221; type=&#8221;grid&#8221; angled_section=&#8221;no&#8221; text_align=&#8221;left&#8221; background_image_as_pattern=&#8221;without_pattern&#8221; el_class=&#8221;paddingOn&#8221; css=&#8221;.vc_custom_1547464251315{margin-top: -15px !important;background-color: #ffffff !important;}&#8221; z_index=&#8221;&#8221;][vc_column css=&#8221;.vc_custom_1547471652386{margin-top: -15px !important;}&#8221;][vc_row_inner row_type=&#8221;row&#8221; type=&#8221;grid&#8221; text_align=&#8221;left&#8221; css_animation=&#8221;element_from_bottom&#8221;][vc_column_inner width=&#8221;1\/4&#8243;][vc_single_image image=&#8221;17377&#8243; img_size=&#8221;full&#8221; alignment=&#8221;center&#8221; qode_css_animation=&#8221;&#8221;&#8230;<\/p>\n","protected":false},"author":3,"featured_media":0,"parent":19317,"menu_order":1,"comment_status":"closed","ping_status":"closed","template":"full_width.php","meta":{"footnotes":""},"class_list":["post-19485","page","type-page","status-publish","hentry"],"yoast_head":"<!-- This site is optimized with the Yoast SEO Premium plugin v22.3 (Yoast SEO v27.4) - https:\/\/yoast.com\/product\/yoast-seo-premium-wordpress\/ -->\n<title>Surdeg &#8226; Lesaffre Nordic<\/title>\n<meta name=\"robots\" content=\"index, follow, max-snippet:-1, max-image-preview:large, max-video-preview:-1\" \/>\n<link rel=\"canonical\" href=\"https:\/\/lesaffre.se\/sv\/produkt\/surdeg\/\" \/>\n<meta property=\"og:locale\" content=\"sv_SE\" \/>\n<meta property=\"og:type\" content=\"article\" \/>\n<meta property=\"og:title\" content=\"Surdeg\" \/>\n<meta property=\"og:description\" content=\"[vc_row css_animation=&#8221;&#8221; row_type=&#8221;row&#8221; use_row_as_full_screen_section=&#8221;no&#8221; type=&#8221;full_width&#8221; angled_section=&#8221;no&#8221; text_align=&#8221;left&#8221; background_image=&#8221;22426&#8243; background_image_as_pattern=&#8221;without_pattern&#8221; el_class=&#8221;mobile_height&#8221; z_index=&#8221;&#8221;][vc_column css=&#8221;.vc_custom_1547648140014{padding-top: 80px !important;padding-bottom: 80px !important;}&#8221;][vc_separator type=&#8221;transparent&#8221; up=&#8221;50&#8243; down=&#8221;50&#8243;][\/vc_column][\/vc_row][vc_row css_animation=&#8221;&#8221; row_type=&#8221;row&#8221; use_row_as_full_screen_section=&#8221;no&#8221; type=&#8221;grid&#8221; angled_section=&#8221;no&#8221; text_align=&#8221;left&#8221; background_image_as_pattern=&#8221;without_pattern&#8221; el_class=&#8221;paddingOn&#8221; css=&#8221;.vc_custom_1547464251315{margin-top: -15px !important;background-color: #ffffff !important;}&#8221; z_index=&#8221;&#8221;][vc_column css=&#8221;.vc_custom_1547471652386{margin-top: -15px !important;}&#8221;][vc_row_inner row_type=&#8221;row&#8221; type=&#8221;grid&#8221; text_align=&#8221;left&#8221; css_animation=&#8221;element_from_bottom&#8221;][vc_column_inner width=&#8221;1\/4&#8243;][vc_single_image image=&#8221;17377&#8243; img_size=&#8221;full&#8221; alignment=&#8221;center&#8221; qode_css_animation=&#8221;&#8221;...\" \/>\n<meta property=\"og:url\" content=\"https:\/\/lesaffre.se\/sv\/produkt\/surdeg\/\" \/>\n<meta property=\"og:site_name\" content=\"Lesaffre Nordic\" \/>\n<meta property=\"article:publisher\" content=\"https:\/\/www.facebook.com\/Lesaffre-Nordic-AB-308037732561952\/\" \/>\n<meta property=\"article:modified_time\" content=\"2025-06-27T17:00:03+00:00\" \/>\n<meta name=\"twitter:card\" content=\"summary_large_image\" \/>\n<meta name=\"twitter:label1\" content=\"Ber\u00e4knad l\u00e4stid\" \/>\n\t<meta name=\"twitter:data1\" content=\"3 minuter\" \/>\n<script type=\"application\/ld+json\" class=\"yoast-schema-graph\">{\"@context\":\"https:\\\/\\\/schema.org\",\"@graph\":[{\"@type\":\"WebPage\",\"@id\":\"https:\\\/\\\/lesaffre.se\\\/sv\\\/produkt\\\/surdeg\\\/\",\"url\":\"https:\\\/\\\/lesaffre.se\\\/sv\\\/produkt\\\/surdeg\\\/\",\"name\":\"Surdeg &#8226; Lesaffre Nordic\",\"isPartOf\":{\"@id\":\"https:\\\/\\\/lesaffre.se\\\/sv\\\/#website\"},\"datePublished\":\"2018-12-21T10:20:54+00:00\",\"dateModified\":\"2025-06-27T17:00:03+00:00\",\"breadcrumb\":{\"@id\":\"https:\\\/\\\/lesaffre.se\\\/sv\\\/produkt\\\/surdeg\\\/#breadcrumb\"},\"inLanguage\":\"sv-SE\",\"potentialAction\":[{\"@type\":\"ReadAction\",\"target\":[\"https:\\\/\\\/lesaffre.se\\\/sv\\\/produkt\\\/surdeg\\\/\"]}]},{\"@type\":\"BreadcrumbList\",\"@id\":\"https:\\\/\\\/lesaffre.se\\\/sv\\\/produkt\\\/surdeg\\\/#breadcrumb\",\"itemListElement\":[{\"@type\":\"ListItem\",\"position\":1,\"name\":\"Home\",\"item\":\"https:\\\/\\\/lesaffre.se\\\/sv\\\/\"},{\"@type\":\"ListItem\",\"position\":2,\"name\":\"Produkt\",\"item\":\"https:\\\/\\\/lesaffre.se\\\/sv\\\/produkt\\\/\"},{\"@type\":\"ListItem\",\"position\":3,\"name\":\"Surdeg\"}]},{\"@type\":\"WebSite\",\"@id\":\"https:\\\/\\\/lesaffre.se\\\/sv\\\/#website\",\"url\":\"https:\\\/\\\/lesaffre.se\\\/sv\\\/\",\"name\":\"Lesaffre Nordic AB\",\"description\":\"Innovative Solutions For The Baking Industry\",\"publisher\":{\"@id\":\"https:\\\/\\\/lesaffre.se\\\/sv\\\/#organization\"},\"potentialAction\":[{\"@type\":\"SearchAction\",\"target\":{\"@type\":\"EntryPoint\",\"urlTemplate\":\"https:\\\/\\\/lesaffre.se\\\/sv\\\/?s={search_term_string}\"},\"query-input\":{\"@type\":\"PropertyValueSpecification\",\"valueRequired\":true,\"valueName\":\"search_term_string\"}}],\"inLanguage\":\"sv-SE\"},{\"@type\":\"Organization\",\"@id\":\"https:\\\/\\\/lesaffre.se\\\/sv\\\/#organization\",\"name\":\"Lesaffre Nordic AB\",\"url\":\"https:\\\/\\\/lesaffre.se\\\/sv\\\/\",\"logo\":{\"@type\":\"ImageObject\",\"inLanguage\":\"sv-SE\",\"@id\":\"https:\\\/\\\/lesaffre.se\\\/sv\\\/#\\\/schema\\\/logo\\\/image\\\/\",\"url\":\"https:\\\/\\\/lesaffre.se\\\/wp-content\\\/uploads\\\/2016\\\/04\\\/logo.png\",\"contentUrl\":\"https:\\\/\\\/lesaffre.se\\\/wp-content\\\/uploads\\\/2016\\\/04\\\/logo.png\",\"width\":112,\"height\":69,\"caption\":\"Lesaffre Nordic AB\"},\"image\":{\"@id\":\"https:\\\/\\\/lesaffre.se\\\/sv\\\/#\\\/schema\\\/logo\\\/image\\\/\"},\"sameAs\":[\"https:\\\/\\\/www.facebook.com\\\/Lesaffre-Nordic-AB-308037732561952\\\/\"]}]}<\/script>\n<!-- \/ Yoast SEO Premium plugin. -->","yoast_head_json":{"title":"Surdeg &#8226; Lesaffre Nordic","robots":{"index":"index","follow":"follow","max-snippet":"max-snippet:-1","max-image-preview":"max-image-preview:large","max-video-preview":"max-video-preview:-1"},"canonical":"https:\/\/lesaffre.se\/sv\/produkt\/surdeg\/","og_locale":"sv_SE","og_type":"article","og_title":"Surdeg","og_description":"[vc_row css_animation=&#8221;&#8221; row_type=&#8221;row&#8221; use_row_as_full_screen_section=&#8221;no&#8221; type=&#8221;full_width&#8221; angled_section=&#8221;no&#8221; text_align=&#8221;left&#8221; background_image=&#8221;22426&#8243; background_image_as_pattern=&#8221;without_pattern&#8221; el_class=&#8221;mobile_height&#8221; z_index=&#8221;&#8221;][vc_column css=&#8221;.vc_custom_1547648140014{padding-top: 80px !important;padding-bottom: 80px !important;}&#8221;][vc_separator type=&#8221;transparent&#8221; up=&#8221;50&#8243; down=&#8221;50&#8243;][\/vc_column][\/vc_row][vc_row css_animation=&#8221;&#8221; row_type=&#8221;row&#8221; use_row_as_full_screen_section=&#8221;no&#8221; type=&#8221;grid&#8221; angled_section=&#8221;no&#8221; text_align=&#8221;left&#8221; background_image_as_pattern=&#8221;without_pattern&#8221; el_class=&#8221;paddingOn&#8221; css=&#8221;.vc_custom_1547464251315{margin-top: -15px !important;background-color: #ffffff !important;}&#8221; z_index=&#8221;&#8221;][vc_column css=&#8221;.vc_custom_1547471652386{margin-top: -15px !important;}&#8221;][vc_row_inner row_type=&#8221;row&#8221; type=&#8221;grid&#8221; text_align=&#8221;left&#8221; css_animation=&#8221;element_from_bottom&#8221;][vc_column_inner width=&#8221;1\/4&#8243;][vc_single_image image=&#8221;17377&#8243; img_size=&#8221;full&#8221; alignment=&#8221;center&#8221; qode_css_animation=&#8221;&#8221;...","og_url":"https:\/\/lesaffre.se\/sv\/produkt\/surdeg\/","og_site_name":"Lesaffre Nordic","article_publisher":"https:\/\/www.facebook.com\/Lesaffre-Nordic-AB-308037732561952\/","article_modified_time":"2025-06-27T17:00:03+00:00","twitter_card":"summary_large_image","twitter_misc":{"Ber\u00e4knad l\u00e4stid":"3 minuter"},"schema":{"@context":"https:\/\/schema.org","@graph":[{"@type":"WebPage","@id":"https:\/\/lesaffre.se\/sv\/produkt\/surdeg\/","url":"https:\/\/lesaffre.se\/sv\/produkt\/surdeg\/","name":"Surdeg &#8226; Lesaffre Nordic","isPartOf":{"@id":"https:\/\/lesaffre.se\/sv\/#website"},"datePublished":"2018-12-21T10:20:54+00:00","dateModified":"2025-06-27T17:00:03+00:00","breadcrumb":{"@id":"https:\/\/lesaffre.se\/sv\/produkt\/surdeg\/#breadcrumb"},"inLanguage":"sv-SE","potentialAction":[{"@type":"ReadAction","target":["https:\/\/lesaffre.se\/sv\/produkt\/surdeg\/"]}]},{"@type":"BreadcrumbList","@id":"https:\/\/lesaffre.se\/sv\/produkt\/surdeg\/#breadcrumb","itemListElement":[{"@type":"ListItem","position":1,"name":"Home","item":"https:\/\/lesaffre.se\/sv\/"},{"@type":"ListItem","position":2,"name":"Produkt","item":"https:\/\/lesaffre.se\/sv\/produkt\/"},{"@type":"ListItem","position":3,"name":"Surdeg"}]},{"@type":"WebSite","@id":"https:\/\/lesaffre.se\/sv\/#website","url":"https:\/\/lesaffre.se\/sv\/","name":"Lesaffre Nordic AB","description":"Innovative Solutions For The Baking Industry","publisher":{"@id":"https:\/\/lesaffre.se\/sv\/#organization"},"potentialAction":[{"@type":"SearchAction","target":{"@type":"EntryPoint","urlTemplate":"https:\/\/lesaffre.se\/sv\/?s={search_term_string}"},"query-input":{"@type":"PropertyValueSpecification","valueRequired":true,"valueName":"search_term_string"}}],"inLanguage":"sv-SE"},{"@type":"Organization","@id":"https:\/\/lesaffre.se\/sv\/#organization","name":"Lesaffre Nordic AB","url":"https:\/\/lesaffre.se\/sv\/","logo":{"@type":"ImageObject","inLanguage":"sv-SE","@id":"https:\/\/lesaffre.se\/sv\/#\/schema\/logo\/image\/","url":"https:\/\/lesaffre.se\/wp-content\/uploads\/2016\/04\/logo.png","contentUrl":"https:\/\/lesaffre.se\/wp-content\/uploads\/2016\/04\/logo.png","width":112,"height":69,"caption":"Lesaffre Nordic AB"},"image":{"@id":"https:\/\/lesaffre.se\/sv\/#\/schema\/logo\/image\/"},"sameAs":["https:\/\/www.facebook.com\/Lesaffre-Nordic-AB-308037732561952\/"]}]}},"_links":{"self":[{"href":"https:\/\/lesaffre.se\/sv\/wp-json\/wp\/v2\/pages\/19485","targetHints":{"allow":["GET"]}}],"collection":[{"href":"https:\/\/lesaffre.se\/sv\/wp-json\/wp\/v2\/pages"}],"about":[{"href":"https:\/\/lesaffre.se\/sv\/wp-json\/wp\/v2\/types\/page"}],"author":[{"embeddable":true,"href":"https:\/\/lesaffre.se\/sv\/wp-json\/wp\/v2\/users\/3"}],"replies":[{"embeddable":true,"href":"https:\/\/lesaffre.se\/sv\/wp-json\/wp\/v2\/comments?post=19485"}],"version-history":[{"count":0,"href":"https:\/\/lesaffre.se\/sv\/wp-json\/wp\/v2\/pages\/19485\/revisions"}],"up":[{"embeddable":true,"href":"https:\/\/lesaffre.se\/sv\/wp-json\/wp\/v2\/pages\/19317"}],"wp:attachment":[{"href":"https:\/\/lesaffre.se\/sv\/wp-json\/wp\/v2\/media?parent=19485"}],"curies":[{"name":"wp","href":"https:\/\/api.w.org\/{rel}","templated":true}]}}