{"id":19298,"date":"2018-12-18T15:47:02","date_gmt":"2018-12-18T14:47:02","guid":{"rendered":"http:\/\/lesaffresweden.kinsta.cloud\/?page_id=19298"},"modified":"2025-06-27T15:54:03","modified_gmt":"2025-06-27T14:54:03","slug":"jast","status":"publish","type":"page","link":"https:\/\/lesaffre.se\/sv\/produkt\/jast\/","title":{"rendered":"Allt om j\u00e4st"},"content":{"rendered":"<div class=\"wpb-content-wrapper\"><p>[vc_row css_animation=&#8221;&#8221; row_type=&#8221;row&#8221; use_row_as_full_screen_section=&#8221;no&#8221; type=&#8221;full_width&#8221; angled_section=&#8221;no&#8221; text_align=&#8221;left&#8221; background_image=&#8221;22439&#8243; background_image_as_pattern=&#8221;without_pattern&#8221; el_class=&#8221;mobile_height&#8221; z_index=&#8221;&#8221;][vc_column css=&#8221;.vc_custom_1505403928202{padding-top: 80px !important;padding-bottom: 80px !important;}&#8221;][vc_separator type=&#8221;transparent&#8221; up=&#8221;50&#8243; down=&#8221;50&#8243;][\/vc_column][\/vc_row][vc_row css_animation=&#8221;element_from_bottom&#8221; row_type=&#8221;row&#8221; use_row_as_full_screen_section=&#8221;no&#8221; type=&#8221;grid&#8221; angled_section=&#8221;no&#8221; text_align=&#8221;left&#8221; background_image_as_pattern=&#8221;without_pattern&#8221; el_class=&#8221;paddingOn&#8221; css=&#8221;.vc_custom_1545057100141{background-color: #ffffff !important;}&#8221; z_index=&#8221;&#8221;][vc_column][vc_column_text]<\/p>\n<h1 style=\"text-align: center;\"><strong>J\u00e4st produkter<\/strong><\/h1>\n<h3 style=\"text-align: center;\"><strong>Vad \u00e4r j\u00e4st?<\/strong><\/h3>\n<p>[\/vc_column_text][vc_separator type=&#8221;transparent&#8221; thickness=&#8221;3&#8243;][vc_column_text]<\/p>\n<p style=\"text-align: center;\">J\u00e4st \u00e4r en \u00e4ggformad eller sf\u00e4risk encellig mikroskopisk svamp. J\u00e4st \u00e4r <strong>levande organism<\/strong>!<br \/>\nPrecis samma som finns i oss m\u00e4nniskor, j\u00e4st cellerna \u00e4r levande och naturliga. De beh\u00f6ver luft till multiplicering, fr\u00e5nvaro av luft har konsekvenser f\u00f6r deras utveckling.<br \/>\nGivetvis \u00e4r temperaturen ocks\u00e5 v\u00e4ldigt viktig f\u00f6r dess \u00f6verlevnad och funktion.<\/p>\n<p style=\"text-align: center;\">Nedan f\u00f6ljer mer information om v\u00e5rt sortiment.<\/p>\n<p>[\/vc_column_text][vc_row_inner row_type=&#8221;row&#8221; type=&#8221;full_width&#8221; text_align=&#8221;left&#8221; css_animation=&#8221;&#8221;][vc_column_inner width=&#8221;1\/3&#8243;][vc_single_image image=&#8221;19249&#8243; img_size=&#8221;205&#215;205&#8243; alignment=&#8221;center&#8221; style=&#8221;vc_box_circle_2&#8243; onclick=&#8221;custom_link&#8221; qode_css_animation=&#8221;&#8221; qode_hover_animation=&#8221;darken&#8221; link=&#8221;\/sv\/produkt\/jast\/farsk-jast\/&#8221;][vc_separator type=&#8221;transparent&#8221;][vc_column_text]<\/p>\n<h2 style=\"text-align: center;\">F\u00e4rsk j\u00e4st<\/h2>\n<p style=\"text-align: center;\">Lesaffre har l\u00e5ng erfarenhet och kunskap av f\u00e4rsk j\u00e4st, som har m\u00e5nga f\u00f6rdelar: den \u00e4r mycket anv\u00e4ndarv\u00e4nlig, tills\u00e4tts direkt vid blandning och brett anv\u00e4ndningsomr\u00e5de.<\/p>\n<p>[\/vc_column_text][\/vc_column_inner][vc_column_inner width=&#8221;1\/3&#8243;][vc_single_image image=&#8221;19251&#8243; img_size=&#8221;205&#215;205&#8243; alignment=&#8221;center&#8221; style=&#8221;vc_box_circle_2&#8243; onclick=&#8221;custom_link&#8221; qode_css_animation=&#8221;&#8221; qode_hover_animation=&#8221;darken&#8221; link=&#8221;\/sv\/produkt\/jast\/torr-jast\/&#8221;][vc_separator type=&#8221;transparent&#8221;][vc_column_text]<\/p>\n<h2 style=\"text-align: center;\">Torr j\u00e4st<\/h2>\n<p style=\"text-align: center;\">Lesaffre har en bred serie av torrj\u00e4st f\u00f6r alla olika f\u00f6ruts\u00e4ttningar och krav till att ge b\u00e4sta prestanda i alla unika applikationer.<\/p>\n<p>[\/vc_column_text][\/vc_column_inner][vc_column_inner width=&#8221;1\/3&#8243;][vc_single_image image=&#8221;19255&#8243; img_size=&#8221;205&#215;205&#8243; alignment=&#8221;center&#8221; style=&#8221;vc_box_circle_2&#8243; onclick=&#8221;custom_link&#8221; qode_css_animation=&#8221;&#8221; qode_hover_animation=&#8221;darken&#8221; link=&#8221;\/sv\/produkt\/jast\/flytande-jast\/&#8221;][vc_separator type=&#8221;transparent&#8221;][vc_column_text]<\/p>\n<h2 style=\"text-align: center;\">Flytande j\u00e4st<\/h2>\n<p style=\"text-align: center;\">Lesaffre kan \u00e4ven erbjuda j\u00e4st i flytande form f\u00f6r bagerier med st\u00f6rre f\u00f6rbrukning. Detta f\u00f6r att anpassa b\u00e4sta alternativet p\u00e5 j\u00e4st till varje enskild kund och dess produktionsprocess.<\/p>\n<p>[\/vc_column_text][\/vc_column_inner][\/vc_row_inner][\/vc_column][\/vc_row]<\/p>\n<\/div>","protected":false},"excerpt":{"rendered":"<p>[vc_row css_animation=&#8221;&#8221; row_type=&#8221;row&#8221; use_row_as_full_screen_section=&#8221;no&#8221; type=&#8221;full_width&#8221; angled_section=&#8221;no&#8221; text_align=&#8221;left&#8221; background_image=&#8221;22439&#8243; background_image_as_pattern=&#8221;without_pattern&#8221; el_class=&#8221;mobile_height&#8221; z_index=&#8221;&#8221;][vc_column css=&#8221;.vc_custom_1505403928202{padding-top: 80px !important;padding-bottom: 80px !important;}&#8221;][vc_separator type=&#8221;transparent&#8221; up=&#8221;50&#8243; down=&#8221;50&#8243;][\/vc_column][\/vc_row][vc_row css_animation=&#8221;element_from_bottom&#8221; row_type=&#8221;row&#8221; use_row_as_full_screen_section=&#8221;no&#8221; type=&#8221;grid&#8221; angled_section=&#8221;no&#8221; text_align=&#8221;left&#8221; background_image_as_pattern=&#8221;without_pattern&#8221; el_class=&#8221;paddingOn&#8221; css=&#8221;.vc_custom_1545057100141{background-color: #ffffff !important;}&#8221; z_index=&#8221;&#8221;][vc_column][vc_column_text] J\u00e4st produkter Vad \u00e4r j\u00e4st? [\/vc_column_text][vc_separator type=&#8221;transparent&#8221; thickness=&#8221;3&#8243;][vc_column_text] J\u00e4st \u00e4r en \u00e4ggformad eller sf\u00e4risk&#8230;<\/p>\n","protected":false},"author":3,"featured_media":0,"parent":19317,"menu_order":1,"comment_status":"closed","ping_status":"closed","template":"full_width.php","meta":{"footnotes":""},"class_list":["post-19298","page","type-page","status-publish","hentry"],"yoast_head":"<!-- This site is optimized with the Yoast SEO Premium plugin v22.3 (Yoast SEO v27.4) - https:\/\/yoast.com\/product\/yoast-seo-premium-wordpress\/ -->\n<title>Allt om j\u00e4st &#8226; Lesaffre Nordic<\/title>\n<meta name=\"robots\" content=\"index, follow, max-snippet:-1, max-image-preview:large, max-video-preview:-1\" \/>\n<link rel=\"canonical\" href=\"https:\/\/lesaffre.se\/sv\/produkt\/jast\/\" \/>\n<meta property=\"og:locale\" content=\"sv_SE\" \/>\n<meta property=\"og:type\" content=\"article\" \/>\n<meta property=\"og:title\" content=\"Allt om j\u00e4st\" \/>\n<meta property=\"og:description\" content=\"[vc_row css_animation=&#8221;&#8221; row_type=&#8221;row&#8221; use_row_as_full_screen_section=&#8221;no&#8221; type=&#8221;full_width&#8221; angled_section=&#8221;no&#8221; text_align=&#8221;left&#8221; background_image=&#8221;22439&#8243; background_image_as_pattern=&#8221;without_pattern&#8221; el_class=&#8221;mobile_height&#8221; z_index=&#8221;&#8221;][vc_column css=&#8221;.vc_custom_1505403928202{padding-top: 80px !important;padding-bottom: 80px !important;}&#8221;][vc_separator type=&#8221;transparent&#8221; up=&#8221;50&#8243; down=&#8221;50&#8243;][\/vc_column][\/vc_row][vc_row css_animation=&#8221;element_from_bottom&#8221; row_type=&#8221;row&#8221; use_row_as_full_screen_section=&#8221;no&#8221; type=&#8221;grid&#8221; angled_section=&#8221;no&#8221; text_align=&#8221;left&#8221; background_image_as_pattern=&#8221;without_pattern&#8221; el_class=&#8221;paddingOn&#8221; css=&#8221;.vc_custom_1545057100141{background-color: #ffffff !important;}&#8221; z_index=&#8221;&#8221;][vc_column][vc_column_text] J\u00e4st produkter Vad \u00e4r j\u00e4st? [\/vc_column_text][vc_separator type=&#8221;transparent&#8221; thickness=&#8221;3&#8243;][vc_column_text] J\u00e4st \u00e4r en \u00e4ggformad eller sf\u00e4risk...\" \/>\n<meta property=\"og:url\" content=\"https:\/\/lesaffre.se\/sv\/produkt\/jast\/\" \/>\n<meta property=\"og:site_name\" content=\"Lesaffre Nordic\" \/>\n<meta property=\"article:publisher\" content=\"https:\/\/www.facebook.com\/Lesaffre-Nordic-AB-308037732561952\/\" \/>\n<meta property=\"article:modified_time\" content=\"2025-06-27T14:54:03+00:00\" \/>\n<meta name=\"twitter:card\" content=\"summary_large_image\" \/>\n<meta name=\"twitter:label1\" content=\"Ber\u00e4knad l\u00e4stid\" \/>\n\t<meta name=\"twitter:data1\" content=\"2 minuter\" \/>\n<script type=\"application\/ld+json\" class=\"yoast-schema-graph\">{\"@context\":\"https:\\\/\\\/schema.org\",\"@graph\":[{\"@type\":\"WebPage\",\"@id\":\"https:\\\/\\\/lesaffre.se\\\/sv\\\/produkt\\\/jast\\\/\",\"url\":\"https:\\\/\\\/lesaffre.se\\\/sv\\\/produkt\\\/jast\\\/\",\"name\":\"Allt om j\u00e4st &#8226; Lesaffre Nordic\",\"isPartOf\":{\"@id\":\"https:\\\/\\\/lesaffre.se\\\/sv\\\/#website\"},\"datePublished\":\"2018-12-18T14:47:02+00:00\",\"dateModified\":\"2025-06-27T14:54:03+00:00\",\"breadcrumb\":{\"@id\":\"https:\\\/\\\/lesaffre.se\\\/sv\\\/produkt\\\/jast\\\/#breadcrumb\"},\"inLanguage\":\"sv-SE\",\"potentialAction\":[{\"@type\":\"ReadAction\",\"target\":[\"https:\\\/\\\/lesaffre.se\\\/sv\\\/produkt\\\/jast\\\/\"]}]},{\"@type\":\"BreadcrumbList\",\"@id\":\"https:\\\/\\\/lesaffre.se\\\/sv\\\/produkt\\\/jast\\\/#breadcrumb\",\"itemListElement\":[{\"@type\":\"ListItem\",\"position\":1,\"name\":\"Home\",\"item\":\"https:\\\/\\\/lesaffre.se\\\/sv\\\/\"},{\"@type\":\"ListItem\",\"position\":2,\"name\":\"Produkt\",\"item\":\"https:\\\/\\\/lesaffre.se\\\/sv\\\/produkt\\\/\"},{\"@type\":\"ListItem\",\"position\":3,\"name\":\"Allt om j\u00e4st\"}]},{\"@type\":\"WebSite\",\"@id\":\"https:\\\/\\\/lesaffre.se\\\/sv\\\/#website\",\"url\":\"https:\\\/\\\/lesaffre.se\\\/sv\\\/\",\"name\":\"Lesaffre Nordic AB\",\"description\":\"Innovative Solutions For The Baking Industry\",\"publisher\":{\"@id\":\"https:\\\/\\\/lesaffre.se\\\/sv\\\/#organization\"},\"potentialAction\":[{\"@type\":\"SearchAction\",\"target\":{\"@type\":\"EntryPoint\",\"urlTemplate\":\"https:\\\/\\\/lesaffre.se\\\/sv\\\/?s={search_term_string}\"},\"query-input\":{\"@type\":\"PropertyValueSpecification\",\"valueRequired\":true,\"valueName\":\"search_term_string\"}}],\"inLanguage\":\"sv-SE\"},{\"@type\":\"Organization\",\"@id\":\"https:\\\/\\\/lesaffre.se\\\/sv\\\/#organization\",\"name\":\"Lesaffre Nordic AB\",\"url\":\"https:\\\/\\\/lesaffre.se\\\/sv\\\/\",\"logo\":{\"@type\":\"ImageObject\",\"inLanguage\":\"sv-SE\",\"@id\":\"https:\\\/\\\/lesaffre.se\\\/sv\\\/#\\\/schema\\\/logo\\\/image\\\/\",\"url\":\"https:\\\/\\\/lesaffre.se\\\/wp-content\\\/uploads\\\/2016\\\/04\\\/logo.png\",\"contentUrl\":\"https:\\\/\\\/lesaffre.se\\\/wp-content\\\/uploads\\\/2016\\\/04\\\/logo.png\",\"width\":112,\"height\":69,\"caption\":\"Lesaffre Nordic AB\"},\"image\":{\"@id\":\"https:\\\/\\\/lesaffre.se\\\/sv\\\/#\\\/schema\\\/logo\\\/image\\\/\"},\"sameAs\":[\"https:\\\/\\\/www.facebook.com\\\/Lesaffre-Nordic-AB-308037732561952\\\/\"]}]}<\/script>\n<!-- \/ Yoast SEO Premium plugin. -->","yoast_head_json":{"title":"Allt om j\u00e4st &#8226; Lesaffre Nordic","robots":{"index":"index","follow":"follow","max-snippet":"max-snippet:-1","max-image-preview":"max-image-preview:large","max-video-preview":"max-video-preview:-1"},"canonical":"https:\/\/lesaffre.se\/sv\/produkt\/jast\/","og_locale":"sv_SE","og_type":"article","og_title":"Allt om j\u00e4st","og_description":"[vc_row css_animation=&#8221;&#8221; row_type=&#8221;row&#8221; use_row_as_full_screen_section=&#8221;no&#8221; type=&#8221;full_width&#8221; angled_section=&#8221;no&#8221; text_align=&#8221;left&#8221; background_image=&#8221;22439&#8243; background_image_as_pattern=&#8221;without_pattern&#8221; el_class=&#8221;mobile_height&#8221; z_index=&#8221;&#8221;][vc_column css=&#8221;.vc_custom_1505403928202{padding-top: 80px !important;padding-bottom: 80px !important;}&#8221;][vc_separator type=&#8221;transparent&#8221; up=&#8221;50&#8243; down=&#8221;50&#8243;][\/vc_column][\/vc_row][vc_row css_animation=&#8221;element_from_bottom&#8221; row_type=&#8221;row&#8221; use_row_as_full_screen_section=&#8221;no&#8221; type=&#8221;grid&#8221; angled_section=&#8221;no&#8221; text_align=&#8221;left&#8221; background_image_as_pattern=&#8221;without_pattern&#8221; el_class=&#8221;paddingOn&#8221; css=&#8221;.vc_custom_1545057100141{background-color: #ffffff !important;}&#8221; z_index=&#8221;&#8221;][vc_column][vc_column_text] J\u00e4st produkter Vad \u00e4r j\u00e4st? [\/vc_column_text][vc_separator type=&#8221;transparent&#8221; thickness=&#8221;3&#8243;][vc_column_text] J\u00e4st \u00e4r en \u00e4ggformad eller sf\u00e4risk...","og_url":"https:\/\/lesaffre.se\/sv\/produkt\/jast\/","og_site_name":"Lesaffre Nordic","article_publisher":"https:\/\/www.facebook.com\/Lesaffre-Nordic-AB-308037732561952\/","article_modified_time":"2025-06-27T14:54:03+00:00","twitter_card":"summary_large_image","twitter_misc":{"Ber\u00e4knad l\u00e4stid":"2 minuter"},"schema":{"@context":"https:\/\/schema.org","@graph":[{"@type":"WebPage","@id":"https:\/\/lesaffre.se\/sv\/produkt\/jast\/","url":"https:\/\/lesaffre.se\/sv\/produkt\/jast\/","name":"Allt om j\u00e4st &#8226; Lesaffre Nordic","isPartOf":{"@id":"https:\/\/lesaffre.se\/sv\/#website"},"datePublished":"2018-12-18T14:47:02+00:00","dateModified":"2025-06-27T14:54:03+00:00","breadcrumb":{"@id":"https:\/\/lesaffre.se\/sv\/produkt\/jast\/#breadcrumb"},"inLanguage":"sv-SE","potentialAction":[{"@type":"ReadAction","target":["https:\/\/lesaffre.se\/sv\/produkt\/jast\/"]}]},{"@type":"BreadcrumbList","@id":"https:\/\/lesaffre.se\/sv\/produkt\/jast\/#breadcrumb","itemListElement":[{"@type":"ListItem","position":1,"name":"Home","item":"https:\/\/lesaffre.se\/sv\/"},{"@type":"ListItem","position":2,"name":"Produkt","item":"https:\/\/lesaffre.se\/sv\/produkt\/"},{"@type":"ListItem","position":3,"name":"Allt om j\u00e4st"}]},{"@type":"WebSite","@id":"https:\/\/lesaffre.se\/sv\/#website","url":"https:\/\/lesaffre.se\/sv\/","name":"Lesaffre Nordic AB","description":"Innovative Solutions For The Baking Industry","publisher":{"@id":"https:\/\/lesaffre.se\/sv\/#organization"},"potentialAction":[{"@type":"SearchAction","target":{"@type":"EntryPoint","urlTemplate":"https:\/\/lesaffre.se\/sv\/?s={search_term_string}"},"query-input":{"@type":"PropertyValueSpecification","valueRequired":true,"valueName":"search_term_string"}}],"inLanguage":"sv-SE"},{"@type":"Organization","@id":"https:\/\/lesaffre.se\/sv\/#organization","name":"Lesaffre Nordic AB","url":"https:\/\/lesaffre.se\/sv\/","logo":{"@type":"ImageObject","inLanguage":"sv-SE","@id":"https:\/\/lesaffre.se\/sv\/#\/schema\/logo\/image\/","url":"https:\/\/lesaffre.se\/wp-content\/uploads\/2016\/04\/logo.png","contentUrl":"https:\/\/lesaffre.se\/wp-content\/uploads\/2016\/04\/logo.png","width":112,"height":69,"caption":"Lesaffre Nordic AB"},"image":{"@id":"https:\/\/lesaffre.se\/sv\/#\/schema\/logo\/image\/"},"sameAs":["https:\/\/www.facebook.com\/Lesaffre-Nordic-AB-308037732561952\/"]}]}},"_links":{"self":[{"href":"https:\/\/lesaffre.se\/sv\/wp-json\/wp\/v2\/pages\/19298","targetHints":{"allow":["GET"]}}],"collection":[{"href":"https:\/\/lesaffre.se\/sv\/wp-json\/wp\/v2\/pages"}],"about":[{"href":"https:\/\/lesaffre.se\/sv\/wp-json\/wp\/v2\/types\/page"}],"author":[{"embeddable":true,"href":"https:\/\/lesaffre.se\/sv\/wp-json\/wp\/v2\/users\/3"}],"replies":[{"embeddable":true,"href":"https:\/\/lesaffre.se\/sv\/wp-json\/wp\/v2\/comments?post=19298"}],"version-history":[{"count":0,"href":"https:\/\/lesaffre.se\/sv\/wp-json\/wp\/v2\/pages\/19298\/revisions"}],"up":[{"embeddable":true,"href":"https:\/\/lesaffre.se\/sv\/wp-json\/wp\/v2\/pages\/19317"}],"wp:attachment":[{"href":"https:\/\/lesaffre.se\/sv\/wp-json\/wp\/v2\/media?parent=19298"}],"curies":[{"name":"wp","href":"https:\/\/api.w.org\/{rel}","templated":true}]}}