{"id":19221,"date":"2017-09-15T09:58:46","date_gmt":"2017-09-15T08:58:46","guid":{"rendered":"http:\/\/lesaffresweden.kinsta.cloud\/teknisk-radgivning\/baking-center\/"},"modified":"2019-01-24T12:22:45","modified_gmt":"2019-01-24T11:22:45","slug":"baking-center","status":"publish","type":"page","link":"https:\/\/lesaffre.se\/sv\/teknisk-radgivning\/baking-center\/","title":{"rendered":"Baking Center"},"content":{"rendered":"<div class=\"wpb-content-wrapper\"><p>[vc_row row_type=&#8221;parallax&#8221; parallax_content_width=&#8221;in_grid&#8221; text_align=&#8221;left&#8221; background_image=&#8221;18979&#8243; full_screen_section_height=&#8221;no&#8221;][vc_column][vc_separator type=&#8221;transparent&#8221; up=&#8221;150&#8243; down=&#8221;150&#8243;][\/vc_column][\/vc_row][vc_row css_animation=&#8221;element_from_bottom&#8221; row_type=&#8221;row&#8221; use_row_as_full_screen_section=&#8221;no&#8221; type=&#8221;grid&#8221; angled_section=&#8221;no&#8221; text_align=&#8221;left&#8221; background_image_as_pattern=&#8221;without_pattern&#8221; el_class=&#8221;paddingOn&#8221; z_index=&#8221;&#8221;][vc_column][vc_column_text]<\/p>\n<h1>N\u00e4tverket inom Baking Center &#x2122;<\/h1>\n<p>[\/vc_column_text][vc_separator type=&#8221;transparent&#8221; thickness=&#8221;3&#8243;][vc_column_text]<\/p>\n<h5><span style=\"color: #333333;\">Sedan 1974, har tekniska experter f\u00f6rdelat \u00f6ver 5 kontinenter hos Baking Center&#x2122; Lesaffre samlat kunskapen om l\u00e4nder, kulturer, konsumtionsm\u00f6nster och den lokala marknaden f\u00f6r att f\u00f6rse dina innovativa projekt. Fr\u00e5n bagare till bagare: en teknisk support katalyseras av id\u00e9er!<\/span><\/h5>\n<p><span style=\"color: #333333;\">Vi har m\u00f6jlighet att skapa kundanpassade projekt med provbakning vid v\u00e5rt Baking Center i G\u00f6teborg alternativt vid huvudkontoret i Lille (Frankrike) allt utifr\u00e5n kundens behov f\u00f6r att tillsammans skapa unika l\u00f6sningar!<\/span><\/p>\n<p><span style=\"color: #333333;\">Varmt v\u00e4lkommen till oss!<\/span>[\/vc_column_text][\/vc_column][\/vc_row][vc_row css_animation=&#8221;element_from_bottom&#8221; row_type=&#8221;row&#8221; use_row_as_full_screen_section=&#8221;no&#8221; type=&#8221;grid&#8221; anchor=&#8221;sensory&#8221; angled_section=&#8221;no&#8221; text_align=&#8221;left&#8221; background_image_as_pattern=&#8221;without_pattern&#8221; css=&#8221;.vc_custom_1546512985320{background-color: #a69576 !important;}&#8221; z_index=&#8221;&#8221; el_class=&#8221;paddingOn&#8221; el_id=&#8221;sensoriska&#8221;][vc_column width=&#8221;1\/4&#8243;][vc_single_image image=&#8221;19190&#8243; img_size=&#8221;full&#8221; qode_css_animation=&#8221;&#8221;][\/vc_column][vc_column width=&#8221;3\/4&#8243;][vc_column_text el_id=&#8221;sensory&#8221;]<\/p>\n<h2 style=\"color: #ffffff;\">Sensoriska analyser<\/h2>\n<h3 style=\"color: #ffffff;\">Hj\u00e4lper dig utveckla och positionera dina nya produkter<\/h3>\n<p>[\/vc_column_text][vc_separator type=&#8221;small&#8221; position=&#8221;left&#8221; color=&#8221;#01b3b3&#8243; thickness=&#8221;3&#8243;][vc_column_text]<\/p>\n<p style=\"color: #ffffff;\"><span style=\"color: #ffffff;\">Baking Center&#x2122;, Lesaffre&#8217;s tekniska kunskapscenter, har \u00f6vertr\u00e4ffat det sensorisk spr\u00e5ket inom br\u00f6d f\u00f6r mer \u00e4n 40 \u00e5r sedan. Tack vare deras erfarenhet kan v\u00e5ra h\u00f6gt tr\u00e4nade sensoriska experter erbjuda sensoriska analyser med vetenskapliga metoder.<\/span><\/p>\n<p>[\/vc_column_text][\/vc_column][\/vc_row][vc_row css_animation=&#8221;element_from_bottom&#8221; row_type=&#8221;row&#8221; use_row_as_full_screen_section=&#8221;no&#8221; type=&#8221;grid&#8221; anchor=&#8221;assistance&#8221; angled_section=&#8221;no&#8221; text_align=&#8221;left&#8221; background_image_as_pattern=&#8221;without_pattern&#8221; background_color=&#8221;#a69576&#8243; el_class=&#8221;paddingOn&#8221; css=&#8221;.vc_custom_1546513281911{background-color: #ffffff !important;}&#8221; z_index=&#8221;&#8221; el_id=&#8221;teknisk&#8221;][vc_column width=&#8221;3\/4&#8243;][vc_column_text el_id=&#8221;assistance&#8221;]<\/p>\n<h2 lang=\"en\" style=\"color: #4d4d4c;\">Teknisk assistans<\/h2>\n<h3><span lang=\"en\"><b>Teknisk support som f\u00f6ljer dig tills du uppn\u00e5r dina m\u00e5l.<\/b><\/span><\/h3>\n<p>[\/vc_column_text][vc_separator type=&#8221;small&#8221; position=&#8221;left&#8221; color=&#8221;#01b3b3&#8243; thickness=&#8221;3&#8243;][vc_column_text]Som en service efter f\u00f6rs\u00e4ljning, s\u00e5 arbetar Baking Center TM n\u00e4tverksexperter p\u00e5 plats, i b\u00e5de Norden och resterande v\u00e4rlden, med de allra k\u00e4nsligaste momenten. Eftersom varje lansering \u00e4r en utmaning, f\u00f6ljer de er genom alla steg i utvecklingen av era projekt s\u00e5som justering av produktionsparametrar, val av r\u00e5varor, identifiering och l\u00f6sningen av specifika utmaningar.[\/vc_column_text][\/vc_column][vc_column width=&#8221;1\/4&#8243;][vc_single_image image=&#8221;18049&#8243; img_size=&#8221;full&#8221; qode_css_animation=&#8221;&#8221;][\/vc_column][\/vc_row][vc_row css_animation=&#8221;element_from_bottom&#8221; row_type=&#8221;row&#8221; use_row_as_full_screen_section=&#8221;no&#8221; type=&#8221;grid&#8221; anchor=&#8221;training&#8221; angled_section=&#8221;no&#8221; text_align=&#8221;left&#8221; background_image_as_pattern=&#8221;without_pattern&#8221; background_color=&#8221;#ffffff&#8221; el_class=&#8221;paddingOn&#8221; css=&#8221;.vc_custom_1546513385887{background-color: #8f2746 !important;}&#8221; z_index=&#8221;&#8221; el_id=&#8221;kundtraning&#8221;][vc_column width=&#8221;1\/4&#8243;][vc_single_image image=&#8221;19194&#8243; img_size=&#8221;full&#8221; qode_css_animation=&#8221;&#8221;][\/vc_column][vc_column width=&#8221;3\/4&#8243;][vc_column_text el_id=&#8221;training&#8221;]<\/p>\n<h2 style=\"color: #ffffff;\">Kund tr\u00e4ning<\/h2>\n<h3 style=\"color: #ffffff;\">\u00d6verf\u00f6ra v\u00e5r interna kunskap<\/h3>\n<p>[\/vc_column_text][vc_separator type=&#8221;small&#8221; position=&#8221;left&#8221; color=&#8221;#01b3b3&#8243; thickness=&#8221;3&#8243;][vc_column_text]<\/p>\n<p style=\"color: #ffffff;\">The Baking Center&#x2122; har utvecklat en upps\u00e4ttning tr\u00e4ningskurser f\u00f6r ditt team: grundl\u00e4ggande kunskaper om br\u00f6d, j\u00e4st and fermentationsprocessen, tekniskt sensoriska analyser, ingrediens bredden, all v\u00e4rldens recept. Antingen om du \u00e4r bagare, verksam inom bageriindustri, distribut\u00f6r eller arbetar med R&amp;D team. Baking CenterTM ger dig den kompletta kompetensen.<\/p>\n<p>[\/vc_column_text][\/vc_column][\/vc_row][vc_row css_animation=&#8221;&#8221; row_type=&#8221;row&#8221; use_row_as_full_screen_section=&#8221;no&#8221; type=&#8221;full_width&#8221; angled_section=&#8221;no&#8221; text_align=&#8221;center&#8221; background_image_as_pattern=&#8221;without_pattern&#8221; z_index=&#8221;&#8221;][vc_column][vc_column_text]<\/p>\n<h2>Kontakt<\/h2>\n<p>&nbsp;<\/p>\n<p>Fr\u00e5ga p\u00e5 v\u00e5ra produkter och servicetj\u00e4nster? Kontakta g\u00e4rna oss!<\/p>\n<p>[\/vc_column_text][vc_separator type=&#8221;transparent&#8221;]<a  itemprop=\"url\" href=\"\/contact\/\" target=\"_self\"  class=\"qbutton  default\" style=\"\">Kontakta oss<\/a>[\/vc_column][\/vc_row]<\/p>\n<\/div>","protected":false},"excerpt":{"rendered":"<p>[vc_row row_type=&#8221;parallax&#8221; parallax_content_width=&#8221;in_grid&#8221; text_align=&#8221;left&#8221; background_image=&#8221;18979&#8243; full_screen_section_height=&#8221;no&#8221;][vc_column][vc_separator type=&#8221;transparent&#8221; up=&#8221;150&#8243; down=&#8221;150&#8243;][\/vc_column][\/vc_row][vc_row css_animation=&#8221;element_from_bottom&#8221; row_type=&#8221;row&#8221; use_row_as_full_screen_section=&#8221;no&#8221; type=&#8221;grid&#8221; angled_section=&#8221;no&#8221; text_align=&#8221;left&#8221; background_image_as_pattern=&#8221;without_pattern&#8221; el_class=&#8221;paddingOn&#8221; z_index=&#8221;&#8221;][vc_column][vc_column_text] N\u00e4tverket inom Baking Center &#x2122; [\/vc_column_text][vc_separator type=&#8221;transparent&#8221; thickness=&#8221;3&#8243;][vc_column_text] Sedan 1974, har tekniska experter f\u00f6rdelat \u00f6ver 5 kontinenter hos Baking Center&#x2122; Lesaffre samlat kunskapen om l\u00e4nder, kulturer, konsumtionsm\u00f6nster&#8230;<\/p>\n","protected":false},"author":3,"featured_media":0,"parent":19218,"menu_order":1,"comment_status":"closed","ping_status":"closed","template":"full_width.php","meta":{"footnotes":""},"class_list":["post-19221","page","type-page","status-publish","hentry"],"yoast_head":"<!-- This site is optimized with the Yoast SEO Premium plugin v22.3 (Yoast SEO v27.4) - https:\/\/yoast.com\/product\/yoast-seo-premium-wordpress\/ -->\n<title>Baking Center &#8226; Lesaffre Nordic<\/title>\n<meta name=\"robots\" content=\"index, follow, max-snippet:-1, max-image-preview:large, max-video-preview:-1\" \/>\n<link rel=\"canonical\" href=\"https:\/\/lesaffre.se\/sv\/teknisk-radgivning\/baking-center\/\" \/>\n<meta property=\"og:locale\" content=\"sv_SE\" \/>\n<meta property=\"og:type\" content=\"article\" \/>\n<meta property=\"og:title\" content=\"Baking Center\" \/>\n<meta property=\"og:description\" content=\"[vc_row row_type=&#8221;parallax&#8221; parallax_content_width=&#8221;in_grid&#8221; text_align=&#8221;left&#8221; background_image=&#8221;18979&#8243; full_screen_section_height=&#8221;no&#8221;][vc_column][vc_separator type=&#8221;transparent&#8221; up=&#8221;150&#8243; down=&#8221;150&#8243;][\/vc_column][\/vc_row][vc_row css_animation=&#8221;element_from_bottom&#8221; row_type=&#8221;row&#8221; use_row_as_full_screen_section=&#8221;no&#8221; type=&#8221;grid&#8221; angled_section=&#8221;no&#8221; text_align=&#8221;left&#8221; background_image_as_pattern=&#8221;without_pattern&#8221; el_class=&#8221;paddingOn&#8221; z_index=&#8221;&#8221;][vc_column][vc_column_text] N\u00e4tverket inom Baking Center &#x2122; [\/vc_column_text][vc_separator type=&#8221;transparent&#8221; thickness=&#8221;3&#8243;][vc_column_text] Sedan 1974, har tekniska experter f\u00f6rdelat \u00f6ver 5 kontinenter hos Baking Center&#x2122; Lesaffre samlat kunskapen om l\u00e4nder, kulturer, konsumtionsm\u00f6nster...\" \/>\n<meta property=\"og:url\" content=\"https:\/\/lesaffre.se\/sv\/teknisk-radgivning\/baking-center\/\" \/>\n<meta property=\"og:site_name\" content=\"Lesaffre Nordic\" \/>\n<meta property=\"article:publisher\" content=\"https:\/\/www.facebook.com\/Lesaffre-Nordic-AB-308037732561952\/\" \/>\n<meta property=\"article:modified_time\" content=\"2019-01-24T11:22:45+00:00\" \/>\n<meta name=\"twitter:card\" content=\"summary_large_image\" \/>\n<meta name=\"twitter:label1\" content=\"Ber\u00e4knad l\u00e4stid\" \/>\n\t<meta name=\"twitter:data1\" content=\"4 minuter\" \/>\n<script type=\"application\/ld+json\" class=\"yoast-schema-graph\">{\"@context\":\"https:\\\/\\\/schema.org\",\"@graph\":[{\"@type\":\"WebPage\",\"@id\":\"https:\\\/\\\/lesaffre.se\\\/sv\\\/teknisk-radgivning\\\/baking-center\\\/\",\"url\":\"https:\\\/\\\/lesaffre.se\\\/sv\\\/teknisk-radgivning\\\/baking-center\\\/\",\"name\":\"Baking Center &#8226; Lesaffre Nordic\",\"isPartOf\":{\"@id\":\"https:\\\/\\\/lesaffre.se\\\/sv\\\/#website\"},\"datePublished\":\"2017-09-15T08:58:46+00:00\",\"dateModified\":\"2019-01-24T11:22:45+00:00\",\"breadcrumb\":{\"@id\":\"https:\\\/\\\/lesaffre.se\\\/sv\\\/teknisk-radgivning\\\/baking-center\\\/#breadcrumb\"},\"inLanguage\":\"sv-SE\",\"potentialAction\":[{\"@type\":\"ReadAction\",\"target\":[\"https:\\\/\\\/lesaffre.se\\\/sv\\\/teknisk-radgivning\\\/baking-center\\\/\"]}]},{\"@type\":\"BreadcrumbList\",\"@id\":\"https:\\\/\\\/lesaffre.se\\\/sv\\\/teknisk-radgivning\\\/baking-center\\\/#breadcrumb\",\"itemListElement\":[{\"@type\":\"ListItem\",\"position\":1,\"name\":\"Home\",\"item\":\"https:\\\/\\\/lesaffre.se\\\/sv\\\/\"},{\"@type\":\"ListItem\",\"position\":2,\"name\":\"Teknisk r\u00e5dgivning\",\"item\":\"https:\\\/\\\/lesaffre.se\\\/sv\\\/teknisk-radgivning\\\/\"},{\"@type\":\"ListItem\",\"position\":3,\"name\":\"Baking Center\"}]},{\"@type\":\"WebSite\",\"@id\":\"https:\\\/\\\/lesaffre.se\\\/sv\\\/#website\",\"url\":\"https:\\\/\\\/lesaffre.se\\\/sv\\\/\",\"name\":\"Lesaffre Nordic AB\",\"description\":\"Innovative Solutions For The Baking Industry\",\"publisher\":{\"@id\":\"https:\\\/\\\/lesaffre.se\\\/sv\\\/#organization\"},\"potentialAction\":[{\"@type\":\"SearchAction\",\"target\":{\"@type\":\"EntryPoint\",\"urlTemplate\":\"https:\\\/\\\/lesaffre.se\\\/sv\\\/?s={search_term_string}\"},\"query-input\":{\"@type\":\"PropertyValueSpecification\",\"valueRequired\":true,\"valueName\":\"search_term_string\"}}],\"inLanguage\":\"sv-SE\"},{\"@type\":\"Organization\",\"@id\":\"https:\\\/\\\/lesaffre.se\\\/sv\\\/#organization\",\"name\":\"Lesaffre Nordic AB\",\"url\":\"https:\\\/\\\/lesaffre.se\\\/sv\\\/\",\"logo\":{\"@type\":\"ImageObject\",\"inLanguage\":\"sv-SE\",\"@id\":\"https:\\\/\\\/lesaffre.se\\\/sv\\\/#\\\/schema\\\/logo\\\/image\\\/\",\"url\":\"https:\\\/\\\/lesaffre.se\\\/wp-content\\\/uploads\\\/2016\\\/04\\\/logo.png\",\"contentUrl\":\"https:\\\/\\\/lesaffre.se\\\/wp-content\\\/uploads\\\/2016\\\/04\\\/logo.png\",\"width\":112,\"height\":69,\"caption\":\"Lesaffre Nordic AB\"},\"image\":{\"@id\":\"https:\\\/\\\/lesaffre.se\\\/sv\\\/#\\\/schema\\\/logo\\\/image\\\/\"},\"sameAs\":[\"https:\\\/\\\/www.facebook.com\\\/Lesaffre-Nordic-AB-308037732561952\\\/\"]}]}<\/script>\n<!-- \/ Yoast SEO Premium plugin. -->","yoast_head_json":{"title":"Baking Center &#8226; Lesaffre Nordic","robots":{"index":"index","follow":"follow","max-snippet":"max-snippet:-1","max-image-preview":"max-image-preview:large","max-video-preview":"max-video-preview:-1"},"canonical":"https:\/\/lesaffre.se\/sv\/teknisk-radgivning\/baking-center\/","og_locale":"sv_SE","og_type":"article","og_title":"Baking Center","og_description":"[vc_row row_type=&#8221;parallax&#8221; parallax_content_width=&#8221;in_grid&#8221; text_align=&#8221;left&#8221; background_image=&#8221;18979&#8243; full_screen_section_height=&#8221;no&#8221;][vc_column][vc_separator type=&#8221;transparent&#8221; up=&#8221;150&#8243; down=&#8221;150&#8243;][\/vc_column][\/vc_row][vc_row css_animation=&#8221;element_from_bottom&#8221; row_type=&#8221;row&#8221; use_row_as_full_screen_section=&#8221;no&#8221; type=&#8221;grid&#8221; angled_section=&#8221;no&#8221; text_align=&#8221;left&#8221; background_image_as_pattern=&#8221;without_pattern&#8221; el_class=&#8221;paddingOn&#8221; z_index=&#8221;&#8221;][vc_column][vc_column_text] N\u00e4tverket inom Baking Center &#x2122; [\/vc_column_text][vc_separator type=&#8221;transparent&#8221; thickness=&#8221;3&#8243;][vc_column_text] Sedan 1974, har tekniska experter f\u00f6rdelat \u00f6ver 5 kontinenter hos Baking Center&#x2122; Lesaffre samlat kunskapen om l\u00e4nder, kulturer, konsumtionsm\u00f6nster...","og_url":"https:\/\/lesaffre.se\/sv\/teknisk-radgivning\/baking-center\/","og_site_name":"Lesaffre Nordic","article_publisher":"https:\/\/www.facebook.com\/Lesaffre-Nordic-AB-308037732561952\/","article_modified_time":"2019-01-24T11:22:45+00:00","twitter_card":"summary_large_image","twitter_misc":{"Ber\u00e4knad l\u00e4stid":"4 minuter"},"schema":{"@context":"https:\/\/schema.org","@graph":[{"@type":"WebPage","@id":"https:\/\/lesaffre.se\/sv\/teknisk-radgivning\/baking-center\/","url":"https:\/\/lesaffre.se\/sv\/teknisk-radgivning\/baking-center\/","name":"Baking Center &#8226; Lesaffre Nordic","isPartOf":{"@id":"https:\/\/lesaffre.se\/sv\/#website"},"datePublished":"2017-09-15T08:58:46+00:00","dateModified":"2019-01-24T11:22:45+00:00","breadcrumb":{"@id":"https:\/\/lesaffre.se\/sv\/teknisk-radgivning\/baking-center\/#breadcrumb"},"inLanguage":"sv-SE","potentialAction":[{"@type":"ReadAction","target":["https:\/\/lesaffre.se\/sv\/teknisk-radgivning\/baking-center\/"]}]},{"@type":"BreadcrumbList","@id":"https:\/\/lesaffre.se\/sv\/teknisk-radgivning\/baking-center\/#breadcrumb","itemListElement":[{"@type":"ListItem","position":1,"name":"Home","item":"https:\/\/lesaffre.se\/sv\/"},{"@type":"ListItem","position":2,"name":"Teknisk r\u00e5dgivning","item":"https:\/\/lesaffre.se\/sv\/teknisk-radgivning\/"},{"@type":"ListItem","position":3,"name":"Baking Center"}]},{"@type":"WebSite","@id":"https:\/\/lesaffre.se\/sv\/#website","url":"https:\/\/lesaffre.se\/sv\/","name":"Lesaffre Nordic AB","description":"Innovative Solutions For The Baking Industry","publisher":{"@id":"https:\/\/lesaffre.se\/sv\/#organization"},"potentialAction":[{"@type":"SearchAction","target":{"@type":"EntryPoint","urlTemplate":"https:\/\/lesaffre.se\/sv\/?s={search_term_string}"},"query-input":{"@type":"PropertyValueSpecification","valueRequired":true,"valueName":"search_term_string"}}],"inLanguage":"sv-SE"},{"@type":"Organization","@id":"https:\/\/lesaffre.se\/sv\/#organization","name":"Lesaffre Nordic AB","url":"https:\/\/lesaffre.se\/sv\/","logo":{"@type":"ImageObject","inLanguage":"sv-SE","@id":"https:\/\/lesaffre.se\/sv\/#\/schema\/logo\/image\/","url":"https:\/\/lesaffre.se\/wp-content\/uploads\/2016\/04\/logo.png","contentUrl":"https:\/\/lesaffre.se\/wp-content\/uploads\/2016\/04\/logo.png","width":112,"height":69,"caption":"Lesaffre Nordic AB"},"image":{"@id":"https:\/\/lesaffre.se\/sv\/#\/schema\/logo\/image\/"},"sameAs":["https:\/\/www.facebook.com\/Lesaffre-Nordic-AB-308037732561952\/"]}]}},"_links":{"self":[{"href":"https:\/\/lesaffre.se\/sv\/wp-json\/wp\/v2\/pages\/19221","targetHints":{"allow":["GET"]}}],"collection":[{"href":"https:\/\/lesaffre.se\/sv\/wp-json\/wp\/v2\/pages"}],"about":[{"href":"https:\/\/lesaffre.se\/sv\/wp-json\/wp\/v2\/types\/page"}],"author":[{"embeddable":true,"href":"https:\/\/lesaffre.se\/sv\/wp-json\/wp\/v2\/users\/3"}],"replies":[{"embeddable":true,"href":"https:\/\/lesaffre.se\/sv\/wp-json\/wp\/v2\/comments?post=19221"}],"version-history":[{"count":0,"href":"https:\/\/lesaffre.se\/sv\/wp-json\/wp\/v2\/pages\/19221\/revisions"}],"up":[{"embeddable":true,"href":"https:\/\/lesaffre.se\/sv\/wp-json\/wp\/v2\/pages\/19218"}],"wp:attachment":[{"href":"https:\/\/lesaffre.se\/sv\/wp-json\/wp\/v2\/media?parent=19221"}],"curies":[{"name":"wp","href":"https:\/\/api.w.org\/{rel}","templated":true}]}}