{"id":19218,"date":"2018-12-17T11:08:05","date_gmt":"2018-12-17T10:08:05","guid":{"rendered":"http:\/\/lesaffresweden.kinsta.cloud\/?page_id=19218"},"modified":"2019-01-23T10:32:48","modified_gmt":"2019-01-23T09:32:48","slug":"teknisk-radgivning","status":"publish","type":"page","link":"https:\/\/lesaffre.se\/sv\/teknisk-radgivning\/","title":{"rendered":"Teknisk r\u00e5dgivning"},"content":{"rendered":"<div class=\"wpb-content-wrapper\"><p>[vc_row css_animation=&#8221;element_from_bottom&#8221; row_type=&#8221;row&#8221; use_row_as_full_screen_section=&#8221;no&#8221; type=&#8221;grid&#8221; angled_section=&#8221;no&#8221; text_align=&#8221;left&#8221; background_image_as_pattern=&#8221;without_pattern&#8221; el_class=&#8221;paddingOn&#8221; css=&#8221;.vc_custom_1481792063537{background-color: #e0e0e0 !important;}&#8221;][vc_column width=&#8221;1\/3&#8243;][vc_single_image image=&#8221;19205&#8243; img_size=&#8221;155&#215;150&#8243; alignment=&#8221;center&#8221; qode_css_animation=&#8221;&#8221;][\/vc_column][vc_column width=&#8221;2\/3&#8243;][vc_column_text]<\/p>\n<h1>Teknisk r\u00e5dgivning<\/h1>\n<p>[\/vc_column_text][vc_separator type=&#8221;small&#8221; position=&#8221;left&#8221; color=&#8221;#01b3b3&#8243; thickness=&#8221;3&#8243;][vc_column_text]<\/p>\n<h5><strong>Lesaffre har unika tekniska kunskaper som erbjuder f\u00f6rstklassig kompetens inom produktion, fermentation och omvandling av j\u00e4st i alla dess former.<\/strong><\/h5>\n<p>[\/vc_column_text][\/vc_column][\/vc_row][vc_row css_animation=&#8221;&#8221; row_type=&#8221;row&#8221; use_row_as_full_screen_section=&#8221;no&#8221; type=&#8221;grid&#8221; angled_section=&#8221;no&#8221; text_align=&#8221;center&#8221; background_image_as_pattern=&#8221;without_pattern&#8221; el_class=&#8221;paddingOn&#8221; css=&#8221;.vc_custom_1515078746110{padding-top: 0px !important;padding-bottom: 0px !important;}&#8221;][vc_column][vc_row_inner row_type=&#8221;row&#8221; type=&#8221;full_width&#8221; text_align=&#8221;left&#8221; css_animation=&#8221;&#8221;][vc_column_inner width=&#8221;1\/3&#8243;][vc_column_text css=&#8221;.vc_custom_1548155246194{margin-top: 15px !important;}&#8221;]<\/p>\n<h3 style=\"text-align: center; font-size: 18px;\"><a href=\"\/our-services\/baking-center\/\">Baking Center<\/a><\/h3>\n<p>&nbsp;<\/p>\n<p><span style=\"color: #222222;\"><span style=\"font-family: Arial, serif;\"><span lang=\"en\">Sedan 1974, har tekniska experter f\u00f6rdelat \u00f6ver 5 kontinenter hos Baking Center&#x2122; Lesaffre samlat kunskapen om l\u00e4nder, kulturer, konsumtionsm\u00f6nster och den lokala marknaden f\u00f6r att samla underlag till dina innovativa projekt. Fr\u00e5n bagare till bagare: en teknisk support skapas av id\u00e9er! <\/span><\/span><\/span>[\/vc_column_text]<a  itemprop=\"url\" href=\"\/sv\/teknisk-radgivning\/baking-center\/\" target=\"_self\"  class=\"qbutton  default\" style=\"margin: 10px 0px 0px 0px; \">L\u00e4s mer<\/a>[\/vc_column_inner][vc_column_inner width=&#8221;1\/3&#8243;][vc_column_text css=&#8221;.vc_custom_1548235963739{margin-top: 15px !important;}&#8221;]<\/p>\n<h3 style=\"text-align: center; font-size: 18px;\"><a href=\"\/our-services\/research-and-development\/\">Forskning<br \/>\n&amp; utveckling inom j\u00e4st<\/a><\/h3>\n<p>&nbsp;<\/p>\n<p><span style=\"color: #222222;\"><span style=\"font-family: Arial, serif;\"><span lang=\"en\">Redan 1965, fanns vetskapen om behovet g\u00e4llande bagarens krav, d\u00e5 Lesaffre utvecklade en forskning &amp; utveckling (R&amp;D) laboratorium.<br \/>\n<\/span><\/span><\/span><span style=\"color: #222222;\"><span style=\"font-family: Arial, serif;\"><span lang=\"en\">Lesaffre R&amp;D\u2019s m\u00e5l \u00e4r att f\u00f6rst\u00e5 den biokemiska process som sker i br\u00f6det vid bakning och d\u00e4refter v\u00e4lja de mikroorganismer som l\u00e4mpar sig b\u00e4st till recept och processer.<\/span><\/span><\/span>[\/vc_column_text]<a  itemprop=\"url\" href=\"\/sv\/teknisk-radgivning\/forskning-och-utveckling\/\" target=\"_self\"  class=\"qbutton  default\" style=\"margin: 10px 0px 0px 0px; \">L\u00e4s mer<\/a>[\/vc_column_inner][vc_column_inner width=&#8221;1\/3&#8243;][vc_column_text css=&#8221;.vc_custom_1548155587898{margin-top: 15px !important;}&#8221;]<\/p>\n<h3 style=\"text-align: center; font-size: 18px;\"><a href=\"\/our-services\/engineering\/\">Vetenskap<\/a><\/h3>\n<p>&nbsp;<\/p>\n<p><span style=\"color: #222222;\"><span style=\"font-family: Arial, serif;\"><span lang=\"en\">V\u00e5r l\u00e5nga erfarenhet av bakprocesser med j\u00e4st och surdeg har givit oss insikten vad som kr\u00e4vs f\u00f6r att uppn\u00e5 maximal kvalitetsgaranti i en produkt. Vi genomf\u00f6r specifika tekniska l\u00f6sningar till varje kunds individuella produktionsprocess.<\/span><\/span><\/span>[\/vc_column_text]<a  itemprop=\"url\" href=\"\/sv\/teknisk-radgivning\/vetenskap\/\" target=\"_self\"  class=\"qbutton  default\" style=\"margin: 10px 0px 0px 0px; \">L\u00e4s mer<\/a>[\/vc_column_inner][\/vc_row_inner][\/vc_column][\/vc_row]<\/p>\n<\/div>","protected":false},"excerpt":{"rendered":"<p>[vc_row css_animation=&#8221;element_from_bottom&#8221; row_type=&#8221;row&#8221; use_row_as_full_screen_section=&#8221;no&#8221; type=&#8221;grid&#8221; angled_section=&#8221;no&#8221; text_align=&#8221;left&#8221; background_image_as_pattern=&#8221;without_pattern&#8221; el_class=&#8221;paddingOn&#8221; css=&#8221;.vc_custom_1481792063537{background-color: #e0e0e0 !important;}&#8221;][vc_column width=&#8221;1\/3&#8243;][vc_single_image image=&#8221;19205&#8243; img_size=&#8221;155&#215;150&#8243; alignment=&#8221;center&#8221; qode_css_animation=&#8221;&#8221;][\/vc_column][vc_column width=&#8221;2\/3&#8243;][vc_column_text] Teknisk r\u00e5dgivning [\/vc_column_text][vc_separator type=&#8221;small&#8221; position=&#8221;left&#8221; color=&#8221;#01b3b3&#8243; thickness=&#8221;3&#8243;][vc_column_text] Lesaffre har unika tekniska kunskaper som erbjuder f\u00f6rstklassig kompetens inom produktion, fermentation och omvandling av j\u00e4st i alla dess former&#8230;.<\/p>\n","protected":false},"author":3,"featured_media":0,"parent":0,"menu_order":1,"comment_status":"closed","ping_status":"closed","template":"full_width.php","meta":{"footnotes":""},"class_list":["post-19218","page","type-page","status-publish","hentry"],"yoast_head":"<!-- This site is optimized with the Yoast SEO Premium plugin v22.3 (Yoast SEO v27.3) - https:\/\/yoast.com\/product\/yoast-seo-premium-wordpress\/ -->\n<title>Teknisk r\u00e5dgivning &#8226; Lesaffre Nordic<\/title>\n<meta name=\"robots\" content=\"index, follow, max-snippet:-1, max-image-preview:large, max-video-preview:-1\" \/>\n<link rel=\"canonical\" href=\"https:\/\/lesaffre.se\/sv\/teknisk-radgivning\/\" \/>\n<meta property=\"og:locale\" content=\"sv_SE\" \/>\n<meta property=\"og:type\" content=\"article\" \/>\n<meta property=\"og:title\" content=\"Teknisk r\u00e5dgivning\" \/>\n<meta property=\"og:description\" content=\"[vc_row css_animation=&#8221;element_from_bottom&#8221; row_type=&#8221;row&#8221; use_row_as_full_screen_section=&#8221;no&#8221; type=&#8221;grid&#8221; angled_section=&#8221;no&#8221; text_align=&#8221;left&#8221; background_image_as_pattern=&#8221;without_pattern&#8221; el_class=&#8221;paddingOn&#8221; css=&#8221;.vc_custom_1481792063537{background-color: #e0e0e0 !important;}&#8221;][vc_column width=&#8221;1\/3&#8243;][vc_single_image image=&#8221;19205&#8243; img_size=&#8221;155&#215;150&#8243; alignment=&#8221;center&#8221; qode_css_animation=&#8221;&#8221;][\/vc_column][vc_column width=&#8221;2\/3&#8243;][vc_column_text] Teknisk r\u00e5dgivning [\/vc_column_text][vc_separator type=&#8221;small&#8221; position=&#8221;left&#8221; color=&#8221;#01b3b3&#8243; thickness=&#8221;3&#8243;][vc_column_text] Lesaffre har unika tekniska kunskaper som erbjuder f\u00f6rstklassig kompetens inom produktion, fermentation och omvandling av j\u00e4st i alla dess former....\" \/>\n<meta property=\"og:url\" content=\"https:\/\/lesaffre.se\/sv\/teknisk-radgivning\/\" \/>\n<meta property=\"og:site_name\" content=\"Lesaffre Nordic\" \/>\n<meta property=\"article:publisher\" content=\"https:\/\/www.facebook.com\/Lesaffre-Nordic-AB-308037732561952\/\" \/>\n<meta property=\"article:modified_time\" content=\"2019-01-23T09:32:48+00:00\" \/>\n<meta name=\"twitter:card\" content=\"summary_large_image\" \/>\n<meta name=\"twitter:label1\" content=\"Ber\u00e4knad l\u00e4stid\" \/>\n\t<meta name=\"twitter:data1\" content=\"2 minuter\" \/>\n<script type=\"application\/ld+json\" class=\"yoast-schema-graph\">{\"@context\":\"https:\\\/\\\/schema.org\",\"@graph\":[{\"@type\":\"WebPage\",\"@id\":\"https:\\\/\\\/lesaffre.se\\\/sv\\\/teknisk-radgivning\\\/\",\"url\":\"https:\\\/\\\/lesaffre.se\\\/sv\\\/teknisk-radgivning\\\/\",\"name\":\"Teknisk r\u00e5dgivning &#8226; Lesaffre Nordic\",\"isPartOf\":{\"@id\":\"https:\\\/\\\/lesaffre.se\\\/sv\\\/#website\"},\"datePublished\":\"2018-12-17T10:08:05+00:00\",\"dateModified\":\"2019-01-23T09:32:48+00:00\",\"breadcrumb\":{\"@id\":\"https:\\\/\\\/lesaffre.se\\\/sv\\\/teknisk-radgivning\\\/#breadcrumb\"},\"inLanguage\":\"sv-SE\",\"potentialAction\":[{\"@type\":\"ReadAction\",\"target\":[\"https:\\\/\\\/lesaffre.se\\\/sv\\\/teknisk-radgivning\\\/\"]}]},{\"@type\":\"BreadcrumbList\",\"@id\":\"https:\\\/\\\/lesaffre.se\\\/sv\\\/teknisk-radgivning\\\/#breadcrumb\",\"itemListElement\":[{\"@type\":\"ListItem\",\"position\":1,\"name\":\"Home\",\"item\":\"https:\\\/\\\/lesaffre.se\\\/sv\\\/\"},{\"@type\":\"ListItem\",\"position\":2,\"name\":\"Teknisk r\u00e5dgivning\"}]},{\"@type\":\"WebSite\",\"@id\":\"https:\\\/\\\/lesaffre.se\\\/sv\\\/#website\",\"url\":\"https:\\\/\\\/lesaffre.se\\\/sv\\\/\",\"name\":\"Lesaffre Nordic AB\",\"description\":\"Innovative Solutions For The Baking Industry\",\"publisher\":{\"@id\":\"https:\\\/\\\/lesaffre.se\\\/sv\\\/#organization\"},\"potentialAction\":[{\"@type\":\"SearchAction\",\"target\":{\"@type\":\"EntryPoint\",\"urlTemplate\":\"https:\\\/\\\/lesaffre.se\\\/sv\\\/?s={search_term_string}\"},\"query-input\":{\"@type\":\"PropertyValueSpecification\",\"valueRequired\":true,\"valueName\":\"search_term_string\"}}],\"inLanguage\":\"sv-SE\"},{\"@type\":\"Organization\",\"@id\":\"https:\\\/\\\/lesaffre.se\\\/sv\\\/#organization\",\"name\":\"Lesaffre Nordic AB\",\"url\":\"https:\\\/\\\/lesaffre.se\\\/sv\\\/\",\"logo\":{\"@type\":\"ImageObject\",\"inLanguage\":\"sv-SE\",\"@id\":\"https:\\\/\\\/lesaffre.se\\\/sv\\\/#\\\/schema\\\/logo\\\/image\\\/\",\"url\":\"https:\\\/\\\/lesaffre.se\\\/wp-content\\\/uploads\\\/2016\\\/04\\\/logo.png\",\"contentUrl\":\"https:\\\/\\\/lesaffre.se\\\/wp-content\\\/uploads\\\/2016\\\/04\\\/logo.png\",\"width\":112,\"height\":69,\"caption\":\"Lesaffre Nordic AB\"},\"image\":{\"@id\":\"https:\\\/\\\/lesaffre.se\\\/sv\\\/#\\\/schema\\\/logo\\\/image\\\/\"},\"sameAs\":[\"https:\\\/\\\/www.facebook.com\\\/Lesaffre-Nordic-AB-308037732561952\\\/\"]}]}<\/script>\n<!-- \/ Yoast SEO Premium plugin. -->","yoast_head_json":{"title":"Teknisk r\u00e5dgivning &#8226; Lesaffre Nordic","robots":{"index":"index","follow":"follow","max-snippet":"max-snippet:-1","max-image-preview":"max-image-preview:large","max-video-preview":"max-video-preview:-1"},"canonical":"https:\/\/lesaffre.se\/sv\/teknisk-radgivning\/","og_locale":"sv_SE","og_type":"article","og_title":"Teknisk r\u00e5dgivning","og_description":"[vc_row css_animation=&#8221;element_from_bottom&#8221; row_type=&#8221;row&#8221; use_row_as_full_screen_section=&#8221;no&#8221; type=&#8221;grid&#8221; angled_section=&#8221;no&#8221; text_align=&#8221;left&#8221; background_image_as_pattern=&#8221;without_pattern&#8221; el_class=&#8221;paddingOn&#8221; css=&#8221;.vc_custom_1481792063537{background-color: #e0e0e0 !important;}&#8221;][vc_column width=&#8221;1\/3&#8243;][vc_single_image image=&#8221;19205&#8243; img_size=&#8221;155&#215;150&#8243; alignment=&#8221;center&#8221; qode_css_animation=&#8221;&#8221;][\/vc_column][vc_column width=&#8221;2\/3&#8243;][vc_column_text] Teknisk r\u00e5dgivning [\/vc_column_text][vc_separator type=&#8221;small&#8221; position=&#8221;left&#8221; color=&#8221;#01b3b3&#8243; thickness=&#8221;3&#8243;][vc_column_text] Lesaffre har unika tekniska kunskaper som erbjuder f\u00f6rstklassig kompetens inom produktion, fermentation och omvandling av j\u00e4st i alla dess former....","og_url":"https:\/\/lesaffre.se\/sv\/teknisk-radgivning\/","og_site_name":"Lesaffre Nordic","article_publisher":"https:\/\/www.facebook.com\/Lesaffre-Nordic-AB-308037732561952\/","article_modified_time":"2019-01-23T09:32:48+00:00","twitter_card":"summary_large_image","twitter_misc":{"Ber\u00e4knad l\u00e4stid":"2 minuter"},"schema":{"@context":"https:\/\/schema.org","@graph":[{"@type":"WebPage","@id":"https:\/\/lesaffre.se\/sv\/teknisk-radgivning\/","url":"https:\/\/lesaffre.se\/sv\/teknisk-radgivning\/","name":"Teknisk r\u00e5dgivning &#8226; Lesaffre Nordic","isPartOf":{"@id":"https:\/\/lesaffre.se\/sv\/#website"},"datePublished":"2018-12-17T10:08:05+00:00","dateModified":"2019-01-23T09:32:48+00:00","breadcrumb":{"@id":"https:\/\/lesaffre.se\/sv\/teknisk-radgivning\/#breadcrumb"},"inLanguage":"sv-SE","potentialAction":[{"@type":"ReadAction","target":["https:\/\/lesaffre.se\/sv\/teknisk-radgivning\/"]}]},{"@type":"BreadcrumbList","@id":"https:\/\/lesaffre.se\/sv\/teknisk-radgivning\/#breadcrumb","itemListElement":[{"@type":"ListItem","position":1,"name":"Home","item":"https:\/\/lesaffre.se\/sv\/"},{"@type":"ListItem","position":2,"name":"Teknisk r\u00e5dgivning"}]},{"@type":"WebSite","@id":"https:\/\/lesaffre.se\/sv\/#website","url":"https:\/\/lesaffre.se\/sv\/","name":"Lesaffre Nordic AB","description":"Innovative Solutions For The Baking Industry","publisher":{"@id":"https:\/\/lesaffre.se\/sv\/#organization"},"potentialAction":[{"@type":"SearchAction","target":{"@type":"EntryPoint","urlTemplate":"https:\/\/lesaffre.se\/sv\/?s={search_term_string}"},"query-input":{"@type":"PropertyValueSpecification","valueRequired":true,"valueName":"search_term_string"}}],"inLanguage":"sv-SE"},{"@type":"Organization","@id":"https:\/\/lesaffre.se\/sv\/#organization","name":"Lesaffre Nordic AB","url":"https:\/\/lesaffre.se\/sv\/","logo":{"@type":"ImageObject","inLanguage":"sv-SE","@id":"https:\/\/lesaffre.se\/sv\/#\/schema\/logo\/image\/","url":"https:\/\/lesaffre.se\/wp-content\/uploads\/2016\/04\/logo.png","contentUrl":"https:\/\/lesaffre.se\/wp-content\/uploads\/2016\/04\/logo.png","width":112,"height":69,"caption":"Lesaffre Nordic AB"},"image":{"@id":"https:\/\/lesaffre.se\/sv\/#\/schema\/logo\/image\/"},"sameAs":["https:\/\/www.facebook.com\/Lesaffre-Nordic-AB-308037732561952\/"]}]}},"_links":{"self":[{"href":"https:\/\/lesaffre.se\/sv\/wp-json\/wp\/v2\/pages\/19218","targetHints":{"allow":["GET"]}}],"collection":[{"href":"https:\/\/lesaffre.se\/sv\/wp-json\/wp\/v2\/pages"}],"about":[{"href":"https:\/\/lesaffre.se\/sv\/wp-json\/wp\/v2\/types\/page"}],"author":[{"embeddable":true,"href":"https:\/\/lesaffre.se\/sv\/wp-json\/wp\/v2\/users\/3"}],"replies":[{"embeddable":true,"href":"https:\/\/lesaffre.se\/sv\/wp-json\/wp\/v2\/comments?post=19218"}],"version-history":[{"count":0,"href":"https:\/\/lesaffre.se\/sv\/wp-json\/wp\/v2\/pages\/19218\/revisions"}],"wp:attachment":[{"href":"https:\/\/lesaffre.se\/sv\/wp-json\/wp\/v2\/media?parent=19218"}],"curies":[{"name":"wp","href":"https:\/\/api.w.org\/{rel}","templated":true}]}}